{"id":270,"date":"2022-08-30T00:51:25","date_gmt":"2022-08-30T00:51:25","guid":{"rendered":"https:\/\/www.aquitem.voufazeronline.com.br\/?page_id=270"},"modified":"2022-08-30T00:53:05","modified_gmt":"2022-08-30T00:53:05","slug":"regras-para-anuncios","status":"publish","type":"page","link":"https:\/\/procurandooque.com.br\/reservas\/regras-para-anuncios\/","title":{"rendered":"Regras para an\u00fancios"},"content":{"rendered":"\n<p>As regras abaixo foram criadas para ajud\u00e1-lo na publica\u00e7\u00e3o de an\u00fancios de boa qualidade e com relev\u00e2ncia para compradores e interessados.<\/p>\n\n\n\n<p><strong>An\u00fancios particular ou empresa<\/strong><\/p>\n\n\n\n<p>Todos os itens e servi\u00e7os anunciados devem ser de propriedade do anunciante.<\/p>\n\n\n\n<p>N\u00e3o \u00e9 permitido:<\/p>\n\n\n\n<ul class=\"wp-block-list\"><li>Anunciar mais de um produto ou servi\u00e7o no mesmo an\u00fancio.<\/li><li>Postar mais de um an\u00fancio do mesmo produto\/servi\u00e7o ou de produtos\/servi\u00e7os muito parecidos.<\/li><li>Inserir o mesmo an\u00fancio em diferentes categorias, regi\u00f5es ou cidades.<\/li><li>Utilizar a mesma imagem em an\u00fancios diferentes.<\/li><li>Remover os an\u00fancios e republic\u00e1-los com o prop\u00f3sito de coloc\u00e1-los de volta ao topo dos resultados com frequ\u00eancia.<\/li><\/ul>\n\n\n\n<p><strong>Conte\u00fado do an\u00fancio<\/strong><\/p>\n\n\n\n<p>O t\u00edtulo e a descri\u00e7\u00e3o do an\u00fancio devem descrever somente o produto e\/ou servi\u00e7o anunciado.<\/p>\n\n\n\n<p>N\u00e3o s\u00e3o permitidos an\u00fancios e\/ou imagens que:<\/p>\n\n\n\n<ul class=\"wp-block-list\"><li>Palavras de localiza\u00e7\u00e3o que n\u00e3o est\u00e1 no Estado selecionado<\/li><li>Contenham links que n\u00e3o est\u00e3o diretamente relacionados ao an\u00fancio.<\/li><li>Utilizem motivos pessoais ou de car\u00e1ter \u00edntimo com objetivo de arrecada\u00e7\u00e3o de dinheiro.<\/li><li>Caracterizem c\u00f3pia de t\u00edtulos ou descri\u00e7\u00e3o de outros an\u00fancios;<\/li><li>Possam ser percebidos como ofensivos e\/ou discriminat\u00f3rias a indiv\u00edduos, grupos \u00e9tnicos, religiosos, figuras p\u00fablicas, etc.<\/li><\/ul>\n\n\n\n<p>Permitimos apenas an\u00fancios no idioma Portugu\u00eas.<\/p>\n\n\n\n<p><strong>Imagens<\/strong><\/p>\n\n\n\n<p>As imagens do an\u00fancio devem ser relevantes ao produto ou servi\u00e7o anunciado;<\/p>\n\n\n\n<p>N\u00e3o \u00e9 permitido utilizar:<\/p>\n\n\n\n<ul class=\"wp-block-list\"><li>Imagens de outros anunciantes e empresas sem a autoriza\u00e7\u00e3o expressa dos mesmos.<\/li><li>Fotos de crian\u00e7as, pessoas com traje de banho ou lingerie.<\/li><\/ul>\n\n\n\n<p><strong>Ofertas irreais<\/strong><\/p>\n\n\n\n<p>An\u00fancios n\u00e3o realistas poder\u00e3o ser removidos a crit\u00e9rio da Plataforma.<\/p>\n\n\n\n<p>A plataforma n\u00e3o realiza venda ou transa\u00e7\u00e3o de pagamento, os valores informados pelo anunciante \u00e9 somente um exemplo e toda a negocia\u00e7\u00e3o \u00e9 diretamente com o anunciante.<\/p>\n\n\n\n<ul class=\"wp-block-list\"><li>O anunciante dever\u00e1 preencher o campo \u201cpre\u00e7o\u201d com o valor total do produto ou deix\u00e1-lo em branco quando for negoci\u00e1vel;<\/li><li>Na hip\u00f3tese do anunciante oferecer a possibilidade de pagamento parcelado, o valor das parcelas dever\u00e1 ser indicado na descri\u00e7\u00e3o do an\u00fancio, n\u00e3o sendo permitido indic\u00e1-lo no campo valor ou no t\u00edtulo do an\u00fancio.<\/li><\/ul>\n\n\n\n<p><strong>Aten\u00e7\u00e3o<\/strong>&nbsp;<\/p>\n\n\n\n<p>Os an\u00fancios que descumprirem as regras&nbsp;<strong>ser\u00e3o removidos da Plataforma<\/strong>, caso o an\u00fancio esteja utilizando a op\u00e7\u00e3o de&nbsp;<strong>PROMOVER<\/strong>&nbsp;para dar destaque no an\u00fancio tamb\u00e9m ser\u00e1 removido sem direito a reembolso do valor investido no an\u00fancio.<\/p>\n","protected":false},"excerpt":{"rendered":"<p>As regras abaixo foram criadas para ajud\u00e1-lo na publica\u00e7\u00e3o de an\u00fancios de boa qualidade e com relev\u00e2ncia para compradores e interessados. An\u00fancios particular ou empresa Todos os itens e servi\u00e7os anunciados devem ser de propriedade do anunciante. N\u00e3o \u00e9 permitido: Anunciar mais de um produto ou servi\u00e7o no mesmo an\u00fancio. Postar mais de um an\u00fancio [&hellip;]<\/p>\n","protected":false},"author":1,"featured_media":0,"parent":0,"menu_order":0,"comment_status":"closed","ping_status":"closed","template":"","meta":{"_monsterinsights_skip_tracking":false,"_monsterinsights_sitenote_active":false,"_monsterinsights_sitenote_note":"","_monsterinsights_sitenote_category":0,"_joinchat":[],"footnotes":""},"class_list":["post-270","page","type-page","status-publish","hentry"],"yoast_head":"<!-- This site is optimized with the Yoast SEO plugin v27.2 - https:\/\/yoast.com\/product\/yoast-seo-wordpress\/ -->\n<title>Regras para an\u00fancios - Reservas<\/title>\n<meta name=\"robots\" content=\"index, follow, max-snippet:-1, max-image-preview:large, max-video-preview:-1\" \/>\n<link rel=\"canonical\" href=\"https:\/\/procurandooque.com.br\/reservas\/regras-para-anuncios\/\" \/>\n<meta property=\"og:locale\" content=\"pt_BR\" \/>\n<meta property=\"og:type\" content=\"article\" \/>\n<meta property=\"og:title\" content=\"Regras para an\u00fancios - Reservas\" \/>\n<meta property=\"og:description\" content=\"As regras abaixo foram criadas para ajud\u00e1-lo na publica\u00e7\u00e3o de an\u00fancios de boa qualidade e com relev\u00e2ncia para compradores e interessados. An\u00fancios particular ou empresa Todos os itens e servi\u00e7os anunciados devem ser de propriedade do anunciante. N\u00e3o \u00e9 permitido: Anunciar mais de um produto ou servi\u00e7o no mesmo an\u00fancio. Postar mais de um an\u00fancio [&hellip;]\" \/>\n<meta property=\"og:url\" content=\"https:\/\/procurandooque.com.br\/reservas\/regras-para-anuncios\/\" \/>\n<meta property=\"og:site_name\" content=\"Reservas\" \/>\n<meta property=\"article:modified_time\" content=\"2022-08-30T00:53:05+00:00\" \/>\n<meta name=\"twitter:card\" content=\"summary_large_image\" \/>\n<meta name=\"twitter:label1\" content=\"Est. tempo de leitura\" \/>\n\t<meta name=\"twitter:data1\" content=\"2 minutos\" \/>\n<script type=\"application\/ld+json\" class=\"yoast-schema-graph\">{\"@context\":\"https:\/\/schema.org\",\"@graph\":[{\"@type\":\"WebPage\",\"@id\":\"https:\/\/procurandooque.com.br\/reservas\/regras-para-anuncios\/\",\"url\":\"https:\/\/procurandooque.com.br\/reservas\/regras-para-anuncios\/\",\"name\":\"Regras para an\u00fancios - Reservas\",\"isPartOf\":{\"@id\":\"https:\/\/procurandooque.com.br\/reservas\/#website\"},\"datePublished\":\"2022-08-30T00:51:25+00:00\",\"dateModified\":\"2022-08-30T00:53:05+00:00\",\"breadcrumb\":{\"@id\":\"https:\/\/procurandooque.com.br\/reservas\/regras-para-anuncios\/#breadcrumb\"},\"inLanguage\":\"pt-BR\",\"potentialAction\":[{\"@type\":\"ReadAction\",\"target\":[\"https:\/\/procurandooque.com.br\/reservas\/regras-para-anuncios\/\"]}]},{\"@type\":\"BreadcrumbList\",\"@id\":\"https:\/\/procurandooque.com.br\/reservas\/regras-para-anuncios\/#breadcrumb\",\"itemListElement\":[{\"@type\":\"ListItem\",\"position\":1,\"name\":\"In\u00edcio\",\"item\":\"https:\/\/procurandooque.com.br\/reservas\/\"},{\"@type\":\"ListItem\",\"position\":2,\"name\":\"Regras para an\u00fancios\"}]},{\"@type\":\"WebSite\",\"@id\":\"https:\/\/procurandooque.com.br\/reservas\/#website\",\"url\":\"https:\/\/procurandooque.com.br\/reservas\/\",\"name\":\"Reservas\",\"description\":\"Reserva de servi\u00e7os, Delivery, im\u00f3veis, ve\u00edculos, hot\u00e9is, pousadas entre outros.\",\"publisher\":{\"@id\":\"https:\/\/procurandooque.com.br\/reservas\/#organization\"},\"potentialAction\":[{\"@type\":\"SearchAction\",\"target\":{\"@type\":\"EntryPoint\",\"urlTemplate\":\"https:\/\/procurandooque.com.br\/reservas\/?s={search_term_string}\"},\"query-input\":{\"@type\":\"PropertyValueSpecification\",\"valueRequired\":true,\"valueName\":\"search_term_string\"}}],\"inLanguage\":\"pt-BR\"},{\"@type\":\"Organization\",\"@id\":\"https:\/\/procurandooque.com.br\/reservas\/#organization\",\"name\":\"Reservas\",\"url\":\"https:\/\/procurandooque.com.br\/reservas\/\",\"logo\":{\"@type\":\"ImageObject\",\"inLanguage\":\"pt-BR\",\"@id\":\"https:\/\/procurandooque.com.br\/reservas\/#\/schema\/logo\/image\/\",\"url\":\"https:\/\/procurandooque.com.br\/reservas\/wp-content\/uploads\/2022\/09\/Logo-200-\u00d7-40-px.png\",\"contentUrl\":\"https:\/\/procurandooque.com.br\/reservas\/wp-content\/uploads\/2022\/09\/Logo-200-\u00d7-40-px.png\",\"width\":200,\"height\":40,\"caption\":\"Reservas\"},\"image\":{\"@id\":\"https:\/\/procurandooque.com.br\/reservas\/#\/schema\/logo\/image\/\"}}]}<\/script>\n<!-- \/ Yoast SEO plugin. -->","yoast_head_json":{"title":"Regras para an\u00fancios - Reservas","robots":{"index":"index","follow":"follow","max-snippet":"max-snippet:-1","max-image-preview":"max-image-preview:large","max-video-preview":"max-video-preview:-1"},"canonical":"https:\/\/procurandooque.com.br\/reservas\/regras-para-anuncios\/","og_locale":"pt_BR","og_type":"article","og_title":"Regras para an\u00fancios - Reservas","og_description":"As regras abaixo foram criadas para ajud\u00e1-lo na publica\u00e7\u00e3o de an\u00fancios de boa qualidade e com relev\u00e2ncia para compradores e interessados. An\u00fancios particular ou empresa Todos os itens e servi\u00e7os anunciados devem ser de propriedade do anunciante. N\u00e3o \u00e9 permitido: Anunciar mais de um produto ou servi\u00e7o no mesmo an\u00fancio. Postar mais de um an\u00fancio [&hellip;]","og_url":"https:\/\/procurandooque.com.br\/reservas\/regras-para-anuncios\/","og_site_name":"Reservas","article_modified_time":"2022-08-30T00:53:05+00:00","twitter_card":"summary_large_image","twitter_misc":{"Est. tempo de leitura":"2 minutos"},"schema":{"@context":"https:\/\/schema.org","@graph":[{"@type":"WebPage","@id":"https:\/\/procurandooque.com.br\/reservas\/regras-para-anuncios\/","url":"https:\/\/procurandooque.com.br\/reservas\/regras-para-anuncios\/","name":"Regras para an\u00fancios - Reservas","isPartOf":{"@id":"https:\/\/procurandooque.com.br\/reservas\/#website"},"datePublished":"2022-08-30T00:51:25+00:00","dateModified":"2022-08-30T00:53:05+00:00","breadcrumb":{"@id":"https:\/\/procurandooque.com.br\/reservas\/regras-para-anuncios\/#breadcrumb"},"inLanguage":"pt-BR","potentialAction":[{"@type":"ReadAction","target":["https:\/\/procurandooque.com.br\/reservas\/regras-para-anuncios\/"]}]},{"@type":"BreadcrumbList","@id":"https:\/\/procurandooque.com.br\/reservas\/regras-para-anuncios\/#breadcrumb","itemListElement":[{"@type":"ListItem","position":1,"name":"In\u00edcio","item":"https:\/\/procurandooque.com.br\/reservas\/"},{"@type":"ListItem","position":2,"name":"Regras para an\u00fancios"}]},{"@type":"WebSite","@id":"https:\/\/procurandooque.com.br\/reservas\/#website","url":"https:\/\/procurandooque.com.br\/reservas\/","name":"Reservas","description":"Reserva de servi\u00e7os, Delivery, im\u00f3veis, ve\u00edculos, hot\u00e9is, pousadas entre outros.","publisher":{"@id":"https:\/\/procurandooque.com.br\/reservas\/#organization"},"potentialAction":[{"@type":"SearchAction","target":{"@type":"EntryPoint","urlTemplate":"https:\/\/procurandooque.com.br\/reservas\/?s={search_term_string}"},"query-input":{"@type":"PropertyValueSpecification","valueRequired":true,"valueName":"search_term_string"}}],"inLanguage":"pt-BR"},{"@type":"Organization","@id":"https:\/\/procurandooque.com.br\/reservas\/#organization","name":"Reservas","url":"https:\/\/procurandooque.com.br\/reservas\/","logo":{"@type":"ImageObject","inLanguage":"pt-BR","@id":"https:\/\/procurandooque.com.br\/reservas\/#\/schema\/logo\/image\/","url":"https:\/\/procurandooque.com.br\/reservas\/wp-content\/uploads\/2022\/09\/Logo-200-\u00d7-40-px.png","contentUrl":"https:\/\/procurandooque.com.br\/reservas\/wp-content\/uploads\/2022\/09\/Logo-200-\u00d7-40-px.png","width":200,"height":40,"caption":"Reservas"},"image":{"@id":"https:\/\/procurandooque.com.br\/reservas\/#\/schema\/logo\/image\/"}}]}},"_links":{"self":[{"href":"https:\/\/procurandooque.com.br\/reservas\/wp-json\/wp\/v2\/pages\/270","targetHints":{"allow":["GET"]}}],"collection":[{"href":"https:\/\/procurandooque.com.br\/reservas\/wp-json\/wp\/v2\/pages"}],"about":[{"href":"https:\/\/procurandooque.com.br\/reservas\/wp-json\/wp\/v2\/types\/page"}],"author":[{"embeddable":true,"href":"https:\/\/procurandooque.com.br\/reservas\/wp-json\/wp\/v2\/users\/1"}],"replies":[{"embeddable":true,"href":"https:\/\/procurandooque.com.br\/reservas\/wp-json\/wp\/v2\/comments?post=270"}],"version-history":[{"count":3,"href":"https:\/\/procurandooque.com.br\/reservas\/wp-json\/wp\/v2\/pages\/270\/revisions"}],"predecessor-version":[{"id":273,"href":"https:\/\/procurandooque.com.br\/reservas\/wp-json\/wp\/v2\/pages\/270\/revisions\/273"}],"wp:attachment":[{"href":"https:\/\/procurandooque.com.br\/reservas\/wp-json\/wp\/v2\/media?parent=270"}],"curies":[{"name":"wp","href":"https:\/\/api.w.org\/{rel}","templated":true}]}}