{"id":264,"date":"2022-08-30T00:40:59","date_gmt":"2022-08-30T00:40:59","guid":{"rendered":"https:\/\/www.aquitem.voufazeronline.com.br\/?page_id=264"},"modified":"2022-08-30T01:18:13","modified_gmt":"2022-08-30T01:18:13","slug":"faq","status":"publish","type":"page","link":"https:\/\/procurandooque.com.br\/reservas\/faq\/","title":{"rendered":"FAQ"},"content":{"rendered":"\n<p>Confira abaixo as perguntas frequentes, caso n\u00e3o encontre o que est\u00e1 procurando entre em contato.<\/p>\n\n\n\n<p><strong>1. Como mudar a categoria de um an\u00fancio?<\/strong><\/p>\n\n\n\n<p>N\u00e3o \u00e9 poss\u00edvel mudar ou editar a categoria de um an\u00fancio caso tenha cadastrado errado, ser\u00e1 necess\u00e1rio criar um an\u00fancio deletando o que est\u00e1 errado.<\/p>\n\n\n\n<p><strong>2. Como pausar o an\u00fancio?<\/strong><\/p>\n\n\n\n<p>N\u00e3o poss\u00edvel pausar um an\u00fancio, todos os an\u00fancios t\u00eam uma data fixa de expira\u00e7\u00e3o e ao acabar o tempo ser\u00e1 auto deletado da plataforma. Por\u00e9m \u00e9 poss\u00edvel esconder visualmente.<\/p>\n\n\n\n<p><strong>3. Como realizar a venda ou negocia\u00e7\u00e3o?<\/strong><\/p>\n\n\n\n<p>Toda a negocia\u00e7\u00e3o deve ser realizada entre o anunciante e o cliente por meio de Email ou Telefone informado no an\u00fancio.<\/p>\n\n\n\n<p>A plataforma n\u00e3o se responsabiliza por transa\u00e7\u00f5es ou vendas negociadas entre o anunciante e o cliente.<\/p>\n","protected":false},"excerpt":{"rendered":"<p>Confira abaixo as perguntas frequentes, caso n\u00e3o encontre o que est\u00e1 procurando entre em contato. 1. Como mudar a categoria de um an\u00fancio? N\u00e3o \u00e9 poss\u00edvel mudar ou editar a categoria de um an\u00fancio caso tenha cadastrado errado, ser\u00e1 necess\u00e1rio criar um an\u00fancio deletando o que est\u00e1 errado. 2. Como pausar o an\u00fancio? N\u00e3o poss\u00edvel [&hellip;]<\/p>\n","protected":false},"author":1,"featured_media":0,"parent":0,"menu_order":0,"comment_status":"closed","ping_status":"closed","template":"","meta":{"_monsterinsights_skip_tracking":false,"_monsterinsights_sitenote_active":false,"_monsterinsights_sitenote_note":"","_monsterinsights_sitenote_category":0,"_joinchat":[],"footnotes":""},"class_list":["post-264","page","type-page","status-publish","hentry"],"yoast_head":"<!-- This site is optimized with the Yoast SEO plugin v27.2 - https:\/\/yoast.com\/product\/yoast-seo-wordpress\/ -->\n<title>FAQ - Reservas<\/title>\n<meta name=\"robots\" content=\"index, follow, max-snippet:-1, max-image-preview:large, max-video-preview:-1\" \/>\n<link rel=\"canonical\" href=\"https:\/\/procurandooque.com.br\/reservas\/faq\/\" \/>\n<meta property=\"og:locale\" content=\"pt_BR\" \/>\n<meta property=\"og:type\" content=\"article\" \/>\n<meta property=\"og:title\" content=\"FAQ - Reservas\" \/>\n<meta property=\"og:description\" content=\"Confira abaixo as perguntas frequentes, caso n\u00e3o encontre o que est\u00e1 procurando entre em contato. 1. Como mudar a categoria de um an\u00fancio? N\u00e3o \u00e9 poss\u00edvel mudar ou editar a categoria de um an\u00fancio caso tenha cadastrado errado, ser\u00e1 necess\u00e1rio criar um an\u00fancio deletando o que est\u00e1 errado. 2. Como pausar o an\u00fancio? N\u00e3o poss\u00edvel [&hellip;]\" \/>\n<meta property=\"og:url\" content=\"https:\/\/procurandooque.com.br\/reservas\/faq\/\" \/>\n<meta property=\"og:site_name\" content=\"Reservas\" \/>\n<meta property=\"article:modified_time\" content=\"2022-08-30T01:18:13+00:00\" \/>\n<meta name=\"twitter:card\" content=\"summary_large_image\" \/>\n<meta name=\"twitter:label1\" content=\"Est. tempo de leitura\" \/>\n\t<meta name=\"twitter:data1\" content=\"1 minuto\" \/>\n<script type=\"application\/ld+json\" class=\"yoast-schema-graph\">{\"@context\":\"https:\/\/schema.org\",\"@graph\":[{\"@type\":\"WebPage\",\"@id\":\"https:\/\/procurandooque.com.br\/reservas\/faq\/\",\"url\":\"https:\/\/procurandooque.com.br\/reservas\/faq\/\",\"name\":\"FAQ - Reservas\",\"isPartOf\":{\"@id\":\"https:\/\/procurandooque.com.br\/reservas\/#website\"},\"datePublished\":\"2022-08-30T00:40:59+00:00\",\"dateModified\":\"2022-08-30T01:18:13+00:00\",\"breadcrumb\":{\"@id\":\"https:\/\/procurandooque.com.br\/reservas\/faq\/#breadcrumb\"},\"inLanguage\":\"pt-BR\",\"potentialAction\":[{\"@type\":\"ReadAction\",\"target\":[\"https:\/\/procurandooque.com.br\/reservas\/faq\/\"]}]},{\"@type\":\"BreadcrumbList\",\"@id\":\"https:\/\/procurandooque.com.br\/reservas\/faq\/#breadcrumb\",\"itemListElement\":[{\"@type\":\"ListItem\",\"position\":1,\"name\":\"In\u00edcio\",\"item\":\"https:\/\/procurandooque.com.br\/reservas\/\"},{\"@type\":\"ListItem\",\"position\":2,\"name\":\"FAQ\"}]},{\"@type\":\"WebSite\",\"@id\":\"https:\/\/procurandooque.com.br\/reservas\/#website\",\"url\":\"https:\/\/procurandooque.com.br\/reservas\/\",\"name\":\"Reservas\",\"description\":\"Reserva de servi\u00e7os, Delivery, im\u00f3veis, ve\u00edculos, hot\u00e9is, pousadas entre outros.\",\"publisher\":{\"@id\":\"https:\/\/procurandooque.com.br\/reservas\/#organization\"},\"potentialAction\":[{\"@type\":\"SearchAction\",\"target\":{\"@type\":\"EntryPoint\",\"urlTemplate\":\"https:\/\/procurandooque.com.br\/reservas\/?s={search_term_string}\"},\"query-input\":{\"@type\":\"PropertyValueSpecification\",\"valueRequired\":true,\"valueName\":\"search_term_string\"}}],\"inLanguage\":\"pt-BR\"},{\"@type\":\"Organization\",\"@id\":\"https:\/\/procurandooque.com.br\/reservas\/#organization\",\"name\":\"Reservas\",\"url\":\"https:\/\/procurandooque.com.br\/reservas\/\",\"logo\":{\"@type\":\"ImageObject\",\"inLanguage\":\"pt-BR\",\"@id\":\"https:\/\/procurandooque.com.br\/reservas\/#\/schema\/logo\/image\/\",\"url\":\"https:\/\/procurandooque.com.br\/reservas\/wp-content\/uploads\/2022\/09\/Logo-200-\u00d7-40-px.png\",\"contentUrl\":\"https:\/\/procurandooque.com.br\/reservas\/wp-content\/uploads\/2022\/09\/Logo-200-\u00d7-40-px.png\",\"width\":200,\"height\":40,\"caption\":\"Reservas\"},\"image\":{\"@id\":\"https:\/\/procurandooque.com.br\/reservas\/#\/schema\/logo\/image\/\"}}]}<\/script>\n<!-- \/ Yoast SEO plugin. -->","yoast_head_json":{"title":"FAQ - Reservas","robots":{"index":"index","follow":"follow","max-snippet":"max-snippet:-1","max-image-preview":"max-image-preview:large","max-video-preview":"max-video-preview:-1"},"canonical":"https:\/\/procurandooque.com.br\/reservas\/faq\/","og_locale":"pt_BR","og_type":"article","og_title":"FAQ - Reservas","og_description":"Confira abaixo as perguntas frequentes, caso n\u00e3o encontre o que est\u00e1 procurando entre em contato. 1. Como mudar a categoria de um an\u00fancio? N\u00e3o \u00e9 poss\u00edvel mudar ou editar a categoria de um an\u00fancio caso tenha cadastrado errado, ser\u00e1 necess\u00e1rio criar um an\u00fancio deletando o que est\u00e1 errado. 2. Como pausar o an\u00fancio? N\u00e3o poss\u00edvel [&hellip;]","og_url":"https:\/\/procurandooque.com.br\/reservas\/faq\/","og_site_name":"Reservas","article_modified_time":"2022-08-30T01:18:13+00:00","twitter_card":"summary_large_image","twitter_misc":{"Est. tempo de leitura":"1 minuto"},"schema":{"@context":"https:\/\/schema.org","@graph":[{"@type":"WebPage","@id":"https:\/\/procurandooque.com.br\/reservas\/faq\/","url":"https:\/\/procurandooque.com.br\/reservas\/faq\/","name":"FAQ - Reservas","isPartOf":{"@id":"https:\/\/procurandooque.com.br\/reservas\/#website"},"datePublished":"2022-08-30T00:40:59+00:00","dateModified":"2022-08-30T01:18:13+00:00","breadcrumb":{"@id":"https:\/\/procurandooque.com.br\/reservas\/faq\/#breadcrumb"},"inLanguage":"pt-BR","potentialAction":[{"@type":"ReadAction","target":["https:\/\/procurandooque.com.br\/reservas\/faq\/"]}]},{"@type":"BreadcrumbList","@id":"https:\/\/procurandooque.com.br\/reservas\/faq\/#breadcrumb","itemListElement":[{"@type":"ListItem","position":1,"name":"In\u00edcio","item":"https:\/\/procurandooque.com.br\/reservas\/"},{"@type":"ListItem","position":2,"name":"FAQ"}]},{"@type":"WebSite","@id":"https:\/\/procurandooque.com.br\/reservas\/#website","url":"https:\/\/procurandooque.com.br\/reservas\/","name":"Reservas","description":"Reserva de servi\u00e7os, Delivery, im\u00f3veis, ve\u00edculos, hot\u00e9is, pousadas entre outros.","publisher":{"@id":"https:\/\/procurandooque.com.br\/reservas\/#organization"},"potentialAction":[{"@type":"SearchAction","target":{"@type":"EntryPoint","urlTemplate":"https:\/\/procurandooque.com.br\/reservas\/?s={search_term_string}"},"query-input":{"@type":"PropertyValueSpecification","valueRequired":true,"valueName":"search_term_string"}}],"inLanguage":"pt-BR"},{"@type":"Organization","@id":"https:\/\/procurandooque.com.br\/reservas\/#organization","name":"Reservas","url":"https:\/\/procurandooque.com.br\/reservas\/","logo":{"@type":"ImageObject","inLanguage":"pt-BR","@id":"https:\/\/procurandooque.com.br\/reservas\/#\/schema\/logo\/image\/","url":"https:\/\/procurandooque.com.br\/reservas\/wp-content\/uploads\/2022\/09\/Logo-200-\u00d7-40-px.png","contentUrl":"https:\/\/procurandooque.com.br\/reservas\/wp-content\/uploads\/2022\/09\/Logo-200-\u00d7-40-px.png","width":200,"height":40,"caption":"Reservas"},"image":{"@id":"https:\/\/procurandooque.com.br\/reservas\/#\/schema\/logo\/image\/"}}]}},"_links":{"self":[{"href":"https:\/\/procurandooque.com.br\/reservas\/wp-json\/wp\/v2\/pages\/264","targetHints":{"allow":["GET"]}}],"collection":[{"href":"https:\/\/procurandooque.com.br\/reservas\/wp-json\/wp\/v2\/pages"}],"about":[{"href":"https:\/\/procurandooque.com.br\/reservas\/wp-json\/wp\/v2\/types\/page"}],"author":[{"embeddable":true,"href":"https:\/\/procurandooque.com.br\/reservas\/wp-json\/wp\/v2\/users\/1"}],"replies":[{"embeddable":true,"href":"https:\/\/procurandooque.com.br\/reservas\/wp-json\/wp\/v2\/comments?post=264"}],"version-history":[{"count":3,"href":"https:\/\/procurandooque.com.br\/reservas\/wp-json\/wp\/v2\/pages\/264\/revisions"}],"predecessor-version":[{"id":448,"href":"https:\/\/procurandooque.com.br\/reservas\/wp-json\/wp\/v2\/pages\/264\/revisions\/448"}],"wp:attachment":[{"href":"https:\/\/procurandooque.com.br\/reservas\/wp-json\/wp\/v2\/media?parent=264"}],"curies":[{"name":"wp","href":"https:\/\/api.w.org\/{rel}","templated":true}]}}