{"id":262,"date":"2022-08-30T00:39:41","date_gmt":"2022-08-30T00:39:41","guid":{"rendered":"https:\/\/www.aquitem.voufazeronline.com.br\/?page_id=262"},"modified":"2022-09-03T16:42:25","modified_gmt":"2022-09-03T16:42:25","slug":"contato","status":"publish","type":"page","link":"https:\/\/procurandooque.com.br\/reservas\/contato\/","title":{"rendered":"Contato"},"content":{"rendered":"<div class=\"wpforms-container wpforms-container-full wpforms-block\" id=\"wpforms-372\"><form id=\"wpforms-form-372\" class=\"wpforms-validate wpforms-form wpforms-ajax-form\" data-formid=\"372\" method=\"post\" enctype=\"multipart\/form-data\" action=\"\/reservas\/wp-json\/wp\/v2\/pages\/262\" data-token=\"783e2e9987d81d09792fcead82504a49\" data-token-time=\"1776953988\"><div class=\"wpforms-head-container\"><div class=\"wpforms-title\">Fale Conosoco<\/div><\/div><noscript class=\"wpforms-error-noscript\">Ative o JavaScript no seu navegador para preencher este formul\u00e1rio.<\/noscript><div class=\"wpforms-field-container\"><div id=\"wpforms-372-field_3-container\" class=\"wpforms-field wpforms-field-select wpforms-field-select-style-classic\" data-field-id=\"3\"><label class=\"wpforms-field-label\" for=\"wpforms-372-field_3\">Assunto <span class=\"wpforms-required-label\">*<\/span><\/label><select id=\"wpforms-372-field_3\" class=\"wpforms-field-medium wpforms-field-required\" name=\"wpforms[fields][3]\" required=\"required\"><option value=\"Cadastro\"  class=\"choice-1 depth-1\"  >Cadastro<\/option><option value=\"Compra\"  class=\"choice-2 depth-1\"  >Compra<\/option><option value=\"Elogios\"  class=\"choice-3 depth-1\"  >Elogios<\/option><option value=\"Informa\u00e7\u00f5es\"  class=\"choice-4 depth-1\"  >Informa\u00e7\u00f5es<\/option><option value=\"Loca\u00e7\u00e3o\"  class=\"choice-5 depth-1\"  >Loca\u00e7\u00e3o<\/option><option value=\"Reclama\u00e7\u00f5es\"  class=\"choice-6 depth-1\"  >Reclama\u00e7\u00f5es<\/option><option value=\"Servi\u00e7os\"  class=\"choice-7 depth-1\"  >Servi\u00e7os<\/option><option value=\"Sugest\u00f5es\"  class=\"choice-8 depth-1\"  >Sugest\u00f5es<\/option><option value=\"Vendas\"  class=\"choice-9 depth-1\"  >Vendas<\/option><option value=\"Outros\"  class=\"choice-10 depth-1\"  >Outros<\/option><\/select><\/div><div id=\"wpforms-372-field_0-container\" class=\"wpforms-field wpforms-field-name\" data-field-id=\"0\"><label class=\"wpforms-field-label\" for=\"wpforms-372-field_0\">Nome <span class=\"wpforms-required-label\">*<\/span><\/label><input type=\"text\" id=\"wpforms-372-field_0\" class=\"wpforms-field-medium wpforms-field-required\" name=\"wpforms[fields][0]\" required><\/div><div id=\"wpforms-372-field_1-container\" class=\"wpforms-field wpforms-field-email\" data-field-id=\"1\"><label class=\"wpforms-field-label\" for=\"wpforms-372-field_1\">E-mail <span class=\"wpforms-required-label\">*<\/span><\/label><input type=\"email\" id=\"wpforms-372-field_1\" class=\"wpforms-field-medium wpforms-field-required\" name=\"wpforms[fields][1]\" spellcheck=\"false\" required><\/div><div id=\"wpforms-372-field_2-container\" class=\"wpforms-field wpforms-field-textarea\" data-field-id=\"2\"><label class=\"wpforms-field-label\" for=\"wpforms-372-field_2\">Coment\u00e1rio ou Mensagem<\/label><textarea id=\"wpforms-372-field_2\" class=\"wpforms-field-small\" name=\"wpforms[fields][2]\" ><\/textarea><\/div><\/div><!-- .wpforms-field-container --><div class=\"wpforms-submit-container\" ><input type=\"hidden\" name=\"wpforms[id]\" value=\"372\"><input type=\"hidden\" name=\"page_title\" value=\"\"><input type=\"hidden\" name=\"page_url\" value=\"https:\/\/procurandooque.com.br\/reservas\/wp-json\/wp\/v2\/pages\/262\"><input type=\"hidden\" name=\"url_referer\" value=\"\"><button type=\"submit\" name=\"wpforms[submit]\" id=\"wpforms-submit-372\" class=\"wpforms-submit\" data-alt-text=\"Enviando...\" data-submit-text=\"Enviar\" aria-live=\"assertive\" value=\"wpforms-submit\">Enviar<\/button><img loading=\"lazy\" decoding=\"async\" src=\"https:\/\/procurandooque.com.br\/reservas\/wp-content\/plugins\/wpforms-lite\/assets\/images\/submit-spin.svg\" class=\"wpforms-submit-spinner\" style=\"display: none;\" width=\"26\" height=\"26\" alt=\"Carregando\"><\/div><\/form><\/div>  <!-- .wpforms-container -->","protected":false},"excerpt":{"rendered":"","protected":false},"author":1,"featured_media":0,"parent":0,"menu_order":0,"comment_status":"closed","ping_status":"closed","template":"","meta":{"_monsterinsights_skip_tracking":false,"_monsterinsights_sitenote_active":false,"_monsterinsights_sitenote_note":"","_monsterinsights_sitenote_category":0,"_joinchat":[],"footnotes":""},"class_list":["post-262","page","type-page","status-publish","hentry"],"yoast_head":"<!-- This site is optimized with the Yoast SEO plugin v27.2 - https:\/\/yoast.com\/product\/yoast-seo-wordpress\/ -->\n<title>Contato - Reservas<\/title>\n<meta name=\"robots\" content=\"index, follow, max-snippet:-1, max-image-preview:large, max-video-preview:-1\" \/>\n<link rel=\"canonical\" href=\"https:\/\/procurandooque.com.br\/reservas\/contato\/\" \/>\n<meta property=\"og:locale\" content=\"pt_BR\" \/>\n<meta property=\"og:type\" content=\"article\" \/>\n<meta property=\"og:title\" content=\"Contato - Reservas\" \/>\n<meta property=\"og:url\" content=\"https:\/\/procurandooque.com.br\/reservas\/contato\/\" \/>\n<meta property=\"og:site_name\" content=\"Reservas\" \/>\n<meta property=\"article:modified_time\" content=\"2022-09-03T16:42:25+00:00\" \/>\n<meta name=\"twitter:card\" content=\"summary_large_image\" \/>\n<script type=\"application\/ld+json\" class=\"yoast-schema-graph\">{\"@context\":\"https:\/\/schema.org\",\"@graph\":[{\"@type\":\"WebPage\",\"@id\":\"https:\/\/procurandooque.com.br\/reservas\/contato\/\",\"url\":\"https:\/\/procurandooque.com.br\/reservas\/contato\/\",\"name\":\"Contato - Reservas\",\"isPartOf\":{\"@id\":\"https:\/\/procurandooque.com.br\/reservas\/#website\"},\"datePublished\":\"2022-08-30T00:39:41+00:00\",\"dateModified\":\"2022-09-03T16:42:25+00:00\",\"breadcrumb\":{\"@id\":\"https:\/\/procurandooque.com.br\/reservas\/contato\/#breadcrumb\"},\"inLanguage\":\"pt-BR\",\"potentialAction\":[{\"@type\":\"ReadAction\",\"target\":[\"https:\/\/procurandooque.com.br\/reservas\/contato\/\"]}]},{\"@type\":\"BreadcrumbList\",\"@id\":\"https:\/\/procurandooque.com.br\/reservas\/contato\/#breadcrumb\",\"itemListElement\":[{\"@type\":\"ListItem\",\"position\":1,\"name\":\"In\u00edcio\",\"item\":\"https:\/\/procurandooque.com.br\/reservas\/\"},{\"@type\":\"ListItem\",\"position\":2,\"name\":\"Contato\"}]},{\"@type\":\"WebSite\",\"@id\":\"https:\/\/procurandooque.com.br\/reservas\/#website\",\"url\":\"https:\/\/procurandooque.com.br\/reservas\/\",\"name\":\"Reservas\",\"description\":\"Reserva de servi\u00e7os, Delivery, im\u00f3veis, ve\u00edculos, hot\u00e9is, pousadas entre outros.\",\"publisher\":{\"@id\":\"https:\/\/procurandooque.com.br\/reservas\/#organization\"},\"potentialAction\":[{\"@type\":\"SearchAction\",\"target\":{\"@type\":\"EntryPoint\",\"urlTemplate\":\"https:\/\/procurandooque.com.br\/reservas\/?s={search_term_string}\"},\"query-input\":{\"@type\":\"PropertyValueSpecification\",\"valueRequired\":true,\"valueName\":\"search_term_string\"}}],\"inLanguage\":\"pt-BR\"},{\"@type\":\"Organization\",\"@id\":\"https:\/\/procurandooque.com.br\/reservas\/#organization\",\"name\":\"Reservas\",\"url\":\"https:\/\/procurandooque.com.br\/reservas\/\",\"logo\":{\"@type\":\"ImageObject\",\"inLanguage\":\"pt-BR\",\"@id\":\"https:\/\/procurandooque.com.br\/reservas\/#\/schema\/logo\/image\/\",\"url\":\"https:\/\/procurandooque.com.br\/reservas\/wp-content\/uploads\/2022\/09\/Logo-200-\u00d7-40-px.png\",\"contentUrl\":\"https:\/\/procurandooque.com.br\/reservas\/wp-content\/uploads\/2022\/09\/Logo-200-\u00d7-40-px.png\",\"width\":200,\"height\":40,\"caption\":\"Reservas\"},\"image\":{\"@id\":\"https:\/\/procurandooque.com.br\/reservas\/#\/schema\/logo\/image\/\"}}]}<\/script>\n<!-- \/ Yoast SEO plugin. -->","yoast_head_json":{"title":"Contato - Reservas","robots":{"index":"index","follow":"follow","max-snippet":"max-snippet:-1","max-image-preview":"max-image-preview:large","max-video-preview":"max-video-preview:-1"},"canonical":"https:\/\/procurandooque.com.br\/reservas\/contato\/","og_locale":"pt_BR","og_type":"article","og_title":"Contato - Reservas","og_url":"https:\/\/procurandooque.com.br\/reservas\/contato\/","og_site_name":"Reservas","article_modified_time":"2022-09-03T16:42:25+00:00","twitter_card":"summary_large_image","schema":{"@context":"https:\/\/schema.org","@graph":[{"@type":"WebPage","@id":"https:\/\/procurandooque.com.br\/reservas\/contato\/","url":"https:\/\/procurandooque.com.br\/reservas\/contato\/","name":"Contato - Reservas","isPartOf":{"@id":"https:\/\/procurandooque.com.br\/reservas\/#website"},"datePublished":"2022-08-30T00:39:41+00:00","dateModified":"2022-09-03T16:42:25+00:00","breadcrumb":{"@id":"https:\/\/procurandooque.com.br\/reservas\/contato\/#breadcrumb"},"inLanguage":"pt-BR","potentialAction":[{"@type":"ReadAction","target":["https:\/\/procurandooque.com.br\/reservas\/contato\/"]}]},{"@type":"BreadcrumbList","@id":"https:\/\/procurandooque.com.br\/reservas\/contato\/#breadcrumb","itemListElement":[{"@type":"ListItem","position":1,"name":"In\u00edcio","item":"https:\/\/procurandooque.com.br\/reservas\/"},{"@type":"ListItem","position":2,"name":"Contato"}]},{"@type":"WebSite","@id":"https:\/\/procurandooque.com.br\/reservas\/#website","url":"https:\/\/procurandooque.com.br\/reservas\/","name":"Reservas","description":"Reserva de servi\u00e7os, Delivery, im\u00f3veis, ve\u00edculos, hot\u00e9is, pousadas entre outros.","publisher":{"@id":"https:\/\/procurandooque.com.br\/reservas\/#organization"},"potentialAction":[{"@type":"SearchAction","target":{"@type":"EntryPoint","urlTemplate":"https:\/\/procurandooque.com.br\/reservas\/?s={search_term_string}"},"query-input":{"@type":"PropertyValueSpecification","valueRequired":true,"valueName":"search_term_string"}}],"inLanguage":"pt-BR"},{"@type":"Organization","@id":"https:\/\/procurandooque.com.br\/reservas\/#organization","name":"Reservas","url":"https:\/\/procurandooque.com.br\/reservas\/","logo":{"@type":"ImageObject","inLanguage":"pt-BR","@id":"https:\/\/procurandooque.com.br\/reservas\/#\/schema\/logo\/image\/","url":"https:\/\/procurandooque.com.br\/reservas\/wp-content\/uploads\/2022\/09\/Logo-200-\u00d7-40-px.png","contentUrl":"https:\/\/procurandooque.com.br\/reservas\/wp-content\/uploads\/2022\/09\/Logo-200-\u00d7-40-px.png","width":200,"height":40,"caption":"Reservas"},"image":{"@id":"https:\/\/procurandooque.com.br\/reservas\/#\/schema\/logo\/image\/"}}]}},"_links":{"self":[{"href":"https:\/\/procurandooque.com.br\/reservas\/wp-json\/wp\/v2\/pages\/262","targetHints":{"allow":["GET"]}}],"collection":[{"href":"https:\/\/procurandooque.com.br\/reservas\/wp-json\/wp\/v2\/pages"}],"about":[{"href":"https:\/\/procurandooque.com.br\/reservas\/wp-json\/wp\/v2\/types\/page"}],"author":[{"embeddable":true,"href":"https:\/\/procurandooque.com.br\/reservas\/wp-json\/wp\/v2\/users\/1"}],"replies":[{"embeddable":true,"href":"https:\/\/procurandooque.com.br\/reservas\/wp-json\/wp\/v2\/comments?post=262"}],"version-history":[{"count":2,"href":"https:\/\/procurandooque.com.br\/reservas\/wp-json\/wp\/v2\/pages\/262\/revisions"}],"predecessor-version":[{"id":378,"href":"https:\/\/procurandooque.com.br\/reservas\/wp-json\/wp\/v2\/pages\/262\/revisions\/378"}],"wp:attachment":[{"href":"https:\/\/procurandooque.com.br\/reservas\/wp-json\/wp\/v2\/media?parent=262"}],"curies":[{"name":"wp","href":"https:\/\/api.w.org\/{rel}","templated":true}]}}