{"id":183,"date":"2022-08-27T20:50:24","date_gmt":"2022-08-27T20:50:24","guid":{"rendered":"http:\/\/www.aquitem.voufazeronline.com.br\/?page_id=183"},"modified":"2022-08-27T20:50:24","modified_gmt":"2022-08-27T20:50:24","slug":"vendedores","status":"publish","type":"page","link":"https:\/\/procurandooque.com.br\/reservas\/vendedores\/","title":{"rendered":"Vendedores"},"content":{"rendered":" <div class=\"hp-vendors hp-block hp-grid\"><div class=\"hp-row\"><div class=\"hp-grid__item hp-col-sm-4 hp-col-xs-12\"><article class=\"hp-vendor hp-vendor--view-block\"><header class=\"hp-vendor__header\"><div class=\"hp-vendor__image\">\n\t<a href=\"https:\/\/procurandooque.com.br\/reservas\/vendor\/contato\/\">\n\t\t\t\t\t<img decoding=\"async\" src=\"https:\/\/procurandooque.com.br\/reservas\/wp-content\/plugins\/hivepress\/assets\/images\/placeholders\/user-square.svg\" alt=\"contato\" loading=\"lazy\">\n\t\t\t<\/a>\n<\/div>\n<\/header><div class=\"hp-vendor__content\"><h4 class=\"hp-vendor__name\"><a href=\"https:\/\/procurandooque.com.br\/reservas\/vendor\/contato\/\">contato<\/a>\n<\/h4><div class=\"hp-vendor__details hp-vendor__details--primary\"><time class=\"hp-vendor__registered-date hp-vendor__date hp-meta\" datetime=\"2024-10-02 19:57:25\">\n\tMembro desde 2024-10-02<\/time>\n<\/div><\/div><footer class=\"hp-vendor__footer\"><div class=\"hp-vendor__actions hp-vendor__actions--primary\"><a href=\"#user_login_modal\" title=\"Enviar mensagem\" class=\"hp-vendor__action hp-vendor__action--message\"><i class=\"hp-icon fas fa-comment\"><\/i><\/a>\n<\/div><\/footer><\/article><\/div><div class=\"hp-grid__item hp-col-sm-4 hp-col-xs-12\"><article class=\"hp-vendor hp-vendor--view-block\"><header class=\"hp-vendor__header\"><div class=\"hp-vendor__image\">\n\t<a href=\"https:\/\/procurandooque.com.br\/reservas\/vendor\/voufazeronline\/\">\n\t\t\t\t\t<img decoding=\"async\" src=\"https:\/\/procurandooque.com.br\/reservas\/wp-content\/plugins\/hivepress\/assets\/images\/placeholders\/user-square.svg\" alt=\"voufazeronline\" loading=\"lazy\">\n\t\t\t<\/a>\n<\/div>\n<\/header><div class=\"hp-vendor__content\"><h4 class=\"hp-vendor__name\"><a href=\"https:\/\/procurandooque.com.br\/reservas\/vendor\/voufazeronline\/\">voufazeronline<\/a>\n<\/h4><div class=\"hp-vendor__details hp-vendor__details--primary\"><time class=\"hp-vendor__registered-date hp-vendor__date hp-meta\" datetime=\"2024-09-27 23:18:58\">\n\tMembro desde 2024-09-27<\/time>\n<\/div><\/div><footer class=\"hp-vendor__footer\"><div class=\"hp-vendor__actions hp-vendor__actions--primary\"><a href=\"#user_login_modal\" title=\"Enviar mensagem\" class=\"hp-vendor__action hp-vendor__action--message\"><i class=\"hp-icon fas fa-comment\"><\/i><\/a>\n<\/div><\/footer><\/article><\/div><div class=\"hp-grid__item hp-col-sm-4 hp-col-xs-12\"><article class=\"hp-vendor hp-vendor--view-block\"><header class=\"hp-vendor__header\"><div class=\"hp-vendor__image\">\n\t<a href=\"https:\/\/procurandooque.com.br\/reservas\/vendor\/r-rodrigues81\/\">\n\t\t\t\t\t<img decoding=\"async\" src=\"https:\/\/procurandooque.com.br\/reservas\/wp-content\/plugins\/hivepress\/assets\/images\/placeholders\/user-square.svg\" alt=\"r.rodrigues81\" loading=\"lazy\">\n\t\t\t<\/a>\n<\/div>\n<\/header><div class=\"hp-vendor__content\"><h4 class=\"hp-vendor__name\"><a href=\"https:\/\/procurandooque.com.br\/reservas\/vendor\/r-rodrigues81\/\">r.rodrigues81<\/a>\n<\/h4><div class=\"hp-vendor__details hp-vendor__details--primary\"><time class=\"hp-vendor__registered-date hp-vendor__date hp-meta\" datetime=\"2022-10-20 00:45:43\">\n\tMembro desde 2022-10-20<\/time>\n<\/div><\/div><footer class=\"hp-vendor__footer\"><div class=\"hp-vendor__actions hp-vendor__actions--primary\"><a href=\"#user_login_modal\" title=\"Enviar mensagem\" class=\"hp-vendor__action hp-vendor__action--message\"><i class=\"hp-icon fas fa-comment\"><\/i><\/a>\n<\/div><\/footer><\/article><\/div><div class=\"hp-grid__item hp-col-sm-4 hp-col-xs-12\"><article class=\"hp-vendor hp-vendor--view-block\"><header class=\"hp-vendor__header\"><div class=\"hp-vendor__image\">\n\t<a href=\"https:\/\/procurandooque.com.br\/reservas\/vendor\/limasimone076\/\">\n\t\t\t\t\t<img decoding=\"async\" src=\"https:\/\/procurandooque.com.br\/reservas\/wp-content\/plugins\/hivepress\/assets\/images\/placeholders\/user-square.svg\" alt=\"limasimone076\" loading=\"lazy\">\n\t\t\t<\/a>\n<\/div>\n<\/header><div class=\"hp-vendor__content\"><h4 class=\"hp-vendor__name\"><a href=\"https:\/\/procurandooque.com.br\/reservas\/vendor\/limasimone076\/\">limasimone076<\/a>\n<\/h4><div class=\"hp-vendor__details hp-vendor__details--primary\"><time class=\"hp-vendor__registered-date hp-vendor__date hp-meta\" datetime=\"2022-09-12 21:53:27\">\n\tMembro desde 2022-09-12<\/time>\n<\/div><\/div><footer class=\"hp-vendor__footer\"><div class=\"hp-vendor__actions hp-vendor__actions--primary\"><a href=\"#user_login_modal\" title=\"Enviar mensagem\" class=\"hp-vendor__action hp-vendor__action--message\"><i class=\"hp-icon fas fa-comment\"><\/i><\/a>\n<\/div><\/footer><\/article><\/div><div class=\"hp-grid__item hp-col-sm-4 hp-col-xs-12\"><article class=\"hp-vendor hp-vendor--view-block\"><header class=\"hp-vendor__header\"><div class=\"hp-vendor__image\">\n\t<a href=\"https:\/\/procurandooque.com.br\/reservas\/vendor\/pontocomnslima\/\">\n\t\t\t\t\t<img decoding=\"async\" src=\"https:\/\/procurandooque.com.br\/reservas\/wp-content\/uploads\/2022\/09\/teologia2-1-400x400.png\" alt=\"pontocomnslima\" loading=\"lazy\">\n\t\t\t<\/a>\n<\/div>\n<\/header><div class=\"hp-vendor__content\"><h4 class=\"hp-vendor__name\"><a href=\"https:\/\/procurandooque.com.br\/reservas\/vendor\/pontocomnslima\/\">pontocomnslima<\/a>\n<\/h4><div class=\"hp-vendor__details hp-vendor__details--primary\"><time class=\"hp-vendor__registered-date hp-vendor__date hp-meta\" datetime=\"2022-09-04 15:03:56\">\n\tMembro desde 2022-09-04<\/time>\n<\/div><\/div><footer class=\"hp-vendor__footer\"><div class=\"hp-vendor__actions hp-vendor__actions--primary\"><a href=\"#user_login_modal\" title=\"Enviar mensagem\" class=\"hp-vendor__action hp-vendor__action--message\"><i class=\"hp-icon fas fa-comment\"><\/i><\/a>\n<\/div><\/footer><\/article><\/div><div class=\"hp-grid__item hp-col-sm-4 hp-col-xs-12\"><article class=\"hp-vendor hp-vendor--view-block\"><header class=\"hp-vendor__header\"><div class=\"hp-vendor__image\">\n\t<a href=\"https:\/\/procurandooque.com.br\/reservas\/vendor\/nslimaanajatuba\/\">\n\t\t\t\t\t<img decoding=\"async\" src=\"https:\/\/procurandooque.com.br\/reservas\/wp-content\/plugins\/hivepress\/assets\/images\/placeholders\/user-square.svg\" alt=\"PontoCom Inform\u00e1tica\" loading=\"lazy\">\n\t\t\t<\/a>\n<\/div>\n<\/header><div class=\"hp-vendor__content\"><h4 class=\"hp-vendor__name\"><a href=\"https:\/\/procurandooque.com.br\/reservas\/vendor\/nslimaanajatuba\/\">PontoCom Inform\u00e1tica<\/a>\n\t<i class=\"hp-vendor__verified-badge hp-icon fas fa-check-circle\" title=\"Verificado\"><\/i>\n\t<\/h4><div class=\"hp-vendor__details hp-vendor__details--primary\"><time class=\"hp-vendor__registered-date hp-vendor__date hp-meta\" datetime=\"2022-08-28 02:12:41\">\n\tMembro desde 2022-08-28<\/time>\n<\/div><\/div><footer class=\"hp-vendor__footer\"><div class=\"hp-vendor__actions hp-vendor__actions--primary\"><a href=\"#user_login_modal\" title=\"Enviar mensagem\" class=\"hp-vendor__action hp-vendor__action--message\"><i class=\"hp-icon fas fa-comment\"><\/i><\/a>\n<\/div><\/footer><\/article><\/div><\/div><\/div>","protected":false},"excerpt":{"rendered":"","protected":false},"author":1,"featured_media":0,"parent":0,"menu_order":0,"comment_status":"closed","ping_status":"closed","template":"","meta":{"_monsterinsights_skip_tracking":false,"_monsterinsights_sitenote_active":false,"_monsterinsights_sitenote_note":"","_monsterinsights_sitenote_category":0,"_joinchat":[],"footnotes":""},"class_list":["post-183","page","type-page","status-publish","hentry"],"yoast_head":"<!-- This site is optimized with the Yoast SEO plugin v27.2 - https:\/\/yoast.com\/product\/yoast-seo-wordpress\/ -->\n<title>Vendedores - Reservas<\/title>\n<meta name=\"robots\" content=\"index, follow, max-snippet:-1, max-image-preview:large, max-video-preview:-1\" \/>\n<link rel=\"canonical\" href=\"https:\/\/procurandooque.com.br\/reservas\/vendedores\/\" \/>\n<meta property=\"og:locale\" content=\"pt_BR\" \/>\n<meta property=\"og:type\" content=\"article\" \/>\n<meta property=\"og:title\" content=\"Vendedores - Reservas\" \/>\n<meta property=\"og:url\" content=\"https:\/\/procurandooque.com.br\/reservas\/vendedores\/\" \/>\n<meta property=\"og:site_name\" content=\"Reservas\" \/>\n<meta name=\"twitter:card\" content=\"summary_large_image\" \/>\n<script type=\"application\/ld+json\" class=\"yoast-schema-graph\">{\"@context\":\"https:\/\/schema.org\",\"@graph\":[{\"@type\":\"WebPage\",\"@id\":\"https:\/\/procurandooque.com.br\/reservas\/vendedores\/\",\"url\":\"https:\/\/procurandooque.com.br\/reservas\/vendedores\/\",\"name\":\"Vendedores - Reservas\",\"isPartOf\":{\"@id\":\"https:\/\/procurandooque.com.br\/reservas\/#website\"},\"datePublished\":\"2022-08-27T20:50:24+00:00\",\"breadcrumb\":{\"@id\":\"https:\/\/procurandooque.com.br\/reservas\/vendedores\/#breadcrumb\"},\"inLanguage\":\"pt-BR\",\"potentialAction\":[{\"@type\":\"ReadAction\",\"target\":[\"https:\/\/procurandooque.com.br\/reservas\/vendedores\/\"]}]},{\"@type\":\"BreadcrumbList\",\"@id\":\"https:\/\/procurandooque.com.br\/reservas\/vendedores\/#breadcrumb\",\"itemListElement\":[{\"@type\":\"ListItem\",\"position\":1,\"name\":\"In\u00edcio\",\"item\":\"https:\/\/procurandooque.com.br\/reservas\/\"},{\"@type\":\"ListItem\",\"position\":2,\"name\":\"Vendedores\"}]},{\"@type\":\"WebSite\",\"@id\":\"https:\/\/procurandooque.com.br\/reservas\/#website\",\"url\":\"https:\/\/procurandooque.com.br\/reservas\/\",\"name\":\"Reservas\",\"description\":\"Reserva de servi\u00e7os, Delivery, im\u00f3veis, ve\u00edculos, hot\u00e9is, pousadas entre outros.\",\"publisher\":{\"@id\":\"https:\/\/procurandooque.com.br\/reservas\/#organization\"},\"potentialAction\":[{\"@type\":\"SearchAction\",\"target\":{\"@type\":\"EntryPoint\",\"urlTemplate\":\"https:\/\/procurandooque.com.br\/reservas\/?s={search_term_string}\"},\"query-input\":{\"@type\":\"PropertyValueSpecification\",\"valueRequired\":true,\"valueName\":\"search_term_string\"}}],\"inLanguage\":\"pt-BR\"},{\"@type\":\"Organization\",\"@id\":\"https:\/\/procurandooque.com.br\/reservas\/#organization\",\"name\":\"Reservas\",\"url\":\"https:\/\/procurandooque.com.br\/reservas\/\",\"logo\":{\"@type\":\"ImageObject\",\"inLanguage\":\"pt-BR\",\"@id\":\"https:\/\/procurandooque.com.br\/reservas\/#\/schema\/logo\/image\/\",\"url\":\"https:\/\/procurandooque.com.br\/reservas\/wp-content\/uploads\/2022\/09\/Logo-200-\u00d7-40-px.png\",\"contentUrl\":\"https:\/\/procurandooque.com.br\/reservas\/wp-content\/uploads\/2022\/09\/Logo-200-\u00d7-40-px.png\",\"width\":200,\"height\":40,\"caption\":\"Reservas\"},\"image\":{\"@id\":\"https:\/\/procurandooque.com.br\/reservas\/#\/schema\/logo\/image\/\"}}]}<\/script>\n<!-- \/ Yoast SEO plugin. -->","yoast_head_json":{"title":"Vendedores - Reservas","robots":{"index":"index","follow":"follow","max-snippet":"max-snippet:-1","max-image-preview":"max-image-preview:large","max-video-preview":"max-video-preview:-1"},"canonical":"https:\/\/procurandooque.com.br\/reservas\/vendedores\/","og_locale":"pt_BR","og_type":"article","og_title":"Vendedores - Reservas","og_url":"https:\/\/procurandooque.com.br\/reservas\/vendedores\/","og_site_name":"Reservas","twitter_card":"summary_large_image","schema":{"@context":"https:\/\/schema.org","@graph":[{"@type":"WebPage","@id":"https:\/\/procurandooque.com.br\/reservas\/vendedores\/","url":"https:\/\/procurandooque.com.br\/reservas\/vendedores\/","name":"Vendedores - Reservas","isPartOf":{"@id":"https:\/\/procurandooque.com.br\/reservas\/#website"},"datePublished":"2022-08-27T20:50:24+00:00","breadcrumb":{"@id":"https:\/\/procurandooque.com.br\/reservas\/vendedores\/#breadcrumb"},"inLanguage":"pt-BR","potentialAction":[{"@type":"ReadAction","target":["https:\/\/procurandooque.com.br\/reservas\/vendedores\/"]}]},{"@type":"BreadcrumbList","@id":"https:\/\/procurandooque.com.br\/reservas\/vendedores\/#breadcrumb","itemListElement":[{"@type":"ListItem","position":1,"name":"In\u00edcio","item":"https:\/\/procurandooque.com.br\/reservas\/"},{"@type":"ListItem","position":2,"name":"Vendedores"}]},{"@type":"WebSite","@id":"https:\/\/procurandooque.com.br\/reservas\/#website","url":"https:\/\/procurandooque.com.br\/reservas\/","name":"Reservas","description":"Reserva de servi\u00e7os, Delivery, im\u00f3veis, ve\u00edculos, hot\u00e9is, pousadas entre outros.","publisher":{"@id":"https:\/\/procurandooque.com.br\/reservas\/#organization"},"potentialAction":[{"@type":"SearchAction","target":{"@type":"EntryPoint","urlTemplate":"https:\/\/procurandooque.com.br\/reservas\/?s={search_term_string}"},"query-input":{"@type":"PropertyValueSpecification","valueRequired":true,"valueName":"search_term_string"}}],"inLanguage":"pt-BR"},{"@type":"Organization","@id":"https:\/\/procurandooque.com.br\/reservas\/#organization","name":"Reservas","url":"https:\/\/procurandooque.com.br\/reservas\/","logo":{"@type":"ImageObject","inLanguage":"pt-BR","@id":"https:\/\/procurandooque.com.br\/reservas\/#\/schema\/logo\/image\/","url":"https:\/\/procurandooque.com.br\/reservas\/wp-content\/uploads\/2022\/09\/Logo-200-\u00d7-40-px.png","contentUrl":"https:\/\/procurandooque.com.br\/reservas\/wp-content\/uploads\/2022\/09\/Logo-200-\u00d7-40-px.png","width":200,"height":40,"caption":"Reservas"},"image":{"@id":"https:\/\/procurandooque.com.br\/reservas\/#\/schema\/logo\/image\/"}}]}},"_links":{"self":[{"href":"https:\/\/procurandooque.com.br\/reservas\/wp-json\/wp\/v2\/pages\/183","targetHints":{"allow":["GET"]}}],"collection":[{"href":"https:\/\/procurandooque.com.br\/reservas\/wp-json\/wp\/v2\/pages"}],"about":[{"href":"https:\/\/procurandooque.com.br\/reservas\/wp-json\/wp\/v2\/types\/page"}],"author":[{"embeddable":true,"href":"https:\/\/procurandooque.com.br\/reservas\/wp-json\/wp\/v2\/users\/1"}],"replies":[{"embeddable":true,"href":"https:\/\/procurandooque.com.br\/reservas\/wp-json\/wp\/v2\/comments?post=183"}],"version-history":[{"count":1,"href":"https:\/\/procurandooque.com.br\/reservas\/wp-json\/wp\/v2\/pages\/183\/revisions"}],"predecessor-version":[{"id":184,"href":"https:\/\/procurandooque.com.br\/reservas\/wp-json\/wp\/v2\/pages\/183\/revisions\/184"}],"wp:attachment":[{"href":"https:\/\/procurandooque.com.br\/reservas\/wp-json\/wp\/v2\/media?parent=183"}],"curies":[{"name":"wp","href":"https:\/\/api.w.org\/{rel}","templated":true}]}}