{"id":583,"date":"2022-09-07T20:19:02","date_gmt":"2022-09-07T20:19:02","guid":{"rendered":"https:\/\/www.procurandooque.com.br\/?post_type=product&#038;p=583"},"modified":"2024-03-05T01:30:51","modified_gmt":"2024-03-05T01:30:51","slug":"capa-de-acrilico-para-rg-e-cnh","status":"publish","type":"product","link":"https:\/\/procurandooque.com.br\/marketplace\/produto\/capa-de-acrilico-para-rg-e-cnh\/","title":{"rendered":"Capa de acrilico para RG e CNH"},"content":{"rendered":"<p>Proteja seu Documento com esta Linda capa em Pl\u00e1stico Resistente. Com este produto voc\u00ea n\u00e3o precisa nem retirar ele da prote\u00e7\u00e3o para apresentar a qualquer necessidade.<\/p>\n<p>Com a capa protetora seus documentos n\u00e3o rasgam, n\u00e3o dobram e n\u00e3o amassam.<\/p>\n<p>Esta capa \u00e9 fabricada em PVC Cristal de 1 Linha o que proporciona para a pe\u00e7a maior vida \u00fatil e transpar\u00eancia.<\/p>\n<p>**************************************************************************************************<br \/>\nEnvio imediato at\u00e9 24 horas ap\u00f3s confirma\u00e7\u00e3o de pagamento ou receba em nossa loja<br \/>\n***************************************************************************************************<\/p>\n","protected":false},"excerpt":{"rendered":"<p>Caracter\u00edsticas:<\/p>\n<p>&#8211; 100% Recicl\u00e1vel<br \/>\n&#8211; Tamanho Exato Novo RG e CNH<br \/>\n&#8211; Acabamento Impec\u00e1vel<br \/>\n&#8211; Abre e Fecha<br \/>\n&#8211; Material de Alto Desempenho<br \/>\n&#8211; Excelente Qualidade<\/p>\n<p>Cor:<\/p>\n<p>&#8211; Transparente<\/p>\n<p><span style=\"color: red;\"><strong>ATEN\u00c7\u00c3O<\/strong>!<\/span> Antes de efetuar a compra consulte seu CEP, para verificar as condi\u00e7\u00f5es de frete gr\u00e1tis ou n\u00e3o.<\/p>\n","protected":false},"featured_media":758,"comment_status":"open","ping_status":"closed","template":"","meta":{"_monsterinsights_skip_tracking":false,"_monsterinsights_sitenote_active":false,"_monsterinsights_sitenote_note":"","_monsterinsights_sitenote_category":0,"site-sidebar-layout":"default","site-content-layout":"default","ast-site-content-layout":"default","site-content-style":"default","site-sidebar-style":"default","ast-global-header-display":"","ast-banner-title-visibility":"","ast-main-header-display":"","ast-hfb-above-header-display":"","ast-hfb-below-header-display":"","ast-hfb-mobile-header-display":"","site-post-title":"","ast-breadcrumbs-content":"","ast-featured-img":"","footer-sml-layout":"","theme-transparent-header-meta":"default","adv-header-id-meta":"","stick-header-meta":"","header-above-stick-meta":"","header-main-stick-meta":"","header-below-stick-meta":"","astra-migrate-meta-layouts":"set","ast-page-background-enabled":"default","ast-page-background-meta":{"desktop":{"background-color":"","background-image":"","background-repeat":"repeat","background-position":"center center","background-size":"auto","background-attachment":"scroll","background-type":"","background-media":"","overlay-type":"","overlay-color":"","overlay-opacity":"","overlay-gradient":""},"tablet":{"background-color":"","background-image":"","background-repeat":"repeat","background-position":"center center","background-size":"auto","background-attachment":"scroll","background-type":"","background-media":"","overlay-type":"","overlay-color":"","overlay-opacity":"","overlay-gradient":""},"mobile":{"background-color":"","background-image":"","background-repeat":"repeat","background-position":"center center","background-size":"auto","background-attachment":"scroll","background-type":"","background-media":"","overlay-type":"","overlay-color":"","overlay-opacity":"","overlay-gradient":""}},"ast-content-background-meta":{"desktop":{"background-color":"var(--ast-global-color-5)","background-image":"","background-repeat":"repeat","background-position":"center center","background-size":"auto","background-attachment":"scroll","background-type":"","background-media":"","overlay-type":"","overlay-color":"","overlay-opacity":"","overlay-gradient":""},"tablet":{"background-color":"var(--ast-global-color-5)","background-image":"","background-repeat":"repeat","background-position":"center center","background-size":"auto","background-attachment":"scroll","background-type":"","background-media":"","overlay-type":"","overlay-color":"","overlay-opacity":"","overlay-gradient":""},"mobile":{"background-color":"var(--ast-global-color-5)","background-image":"","background-repeat":"repeat","background-position":"center center","background-size":"auto","background-attachment":"scroll","background-type":"","background-media":"","overlay-type":"","overlay-color":"","overlay-opacity":"","overlay-gradient":""}},"_joinchat":[]},"pwb-brand":[529],"product_brand":[],"product_cat":[528],"product_tag":[],"class_list":{"0":"post-583","1":"product","2":"type-product","3":"status-publish","4":"has-post-thumbnail","6":"pwb-brand-pontocom-informatica","7":"product_cat-arte-papelaria-e-armarinho","8":"desktop-align-left","9":"tablet-align-left","10":"mobile-align-left","12":"first","13":"instock","14":"shipping-taxable","15":"purchasable","16":"product-type-variable"},"yoast_head":"<!-- This site is optimized with the Yoast SEO plugin v27.2 - https:\/\/yoast.com\/product\/yoast-seo-wordpress\/ -->\n<title>Capa de acrilico para RG e CNH - Marketplace<\/title>\n<meta name=\"robots\" content=\"index, follow, max-snippet:-1, max-image-preview:large, max-video-preview:-1\" \/>\n<link rel=\"canonical\" href=\"https:\/\/procurandooque.com.br\/marketplace\/produto\/capa-de-acrilico-para-rg-e-cnh\/\" \/>\n<meta property=\"og:locale\" content=\"pt_BR\" \/>\n<meta property=\"og:type\" content=\"article\" \/>\n<meta property=\"og:title\" content=\"Capa de acrilico para RG e CNH - Marketplace\" \/>\n<meta property=\"og:description\" content=\"Caracter\u00edsticas:  - 100% Recicl\u00e1vel - Tamanho Exato Novo RG e CNH - Acabamento Impec\u00e1vel - Abre e Fecha - Material de Alto Desempenho - Excelente Qualidade  Cor:  - Transparente  ATEN\u00c7\u00c3O! Antes de efetuar a compra consulte seu CEP, para verificar as condi\u00e7\u00f5es de frete gr\u00e1tis ou n\u00e3o.\" \/>\n<meta property=\"og:url\" content=\"https:\/\/procurandooque.com.br\/marketplace\/produto\/capa-de-acrilico-para-rg-e-cnh\/\" \/>\n<meta property=\"og:site_name\" content=\"Marketplace\" \/>\n<meta property=\"article:modified_time\" content=\"2024-03-05T01:30:51+00:00\" \/>\n<meta property=\"og:image\" content=\"https:\/\/procurandooque.com.br\/marketplace\/wp-content\/uploads\/2022\/09\/capa-de-acrilico-para-rg-e-cnh.png\" \/>\n\t<meta property=\"og:image:width\" content=\"300\" \/>\n\t<meta property=\"og:image:height\" content=\"300\" \/>\n\t<meta property=\"og:image:type\" content=\"image\/png\" \/>\n<meta name=\"twitter:card\" content=\"summary_large_image\" \/>\n<meta name=\"twitter:label1\" content=\"Est. tempo de leitura\" \/>\n\t<meta name=\"twitter:data1\" content=\"1 minuto\" \/>\n<script type=\"application\/ld+json\" class=\"yoast-schema-graph\">{\"@context\":\"https:\/\/schema.org\",\"@graph\":[{\"@type\":\"WebPage\",\"@id\":\"https:\/\/procurandooque.com.br\/marketplace\/produto\/capa-de-acrilico-para-rg-e-cnh\/\",\"url\":\"https:\/\/procurandooque.com.br\/marketplace\/produto\/capa-de-acrilico-para-rg-e-cnh\/\",\"name\":\"Capa de acrilico para RG e CNH - Marketplace\",\"isPartOf\":{\"@id\":\"https:\/\/procurandooque.com.br\/marketplace\/#website\"},\"primaryImageOfPage\":{\"@id\":\"https:\/\/procurandooque.com.br\/marketplace\/produto\/capa-de-acrilico-para-rg-e-cnh\/#primaryimage\"},\"image\":{\"@id\":\"https:\/\/procurandooque.com.br\/marketplace\/produto\/capa-de-acrilico-para-rg-e-cnh\/#primaryimage\"},\"thumbnailUrl\":\"https:\/\/procurandooque.com.br\/marketplace\/wp-content\/uploads\/2022\/09\/capa-de-acrilico-para-rg-e-cnh.png\",\"datePublished\":\"2022-09-07T20:19:02+00:00\",\"dateModified\":\"2024-03-05T01:30:51+00:00\",\"breadcrumb\":{\"@id\":\"https:\/\/procurandooque.com.br\/marketplace\/produto\/capa-de-acrilico-para-rg-e-cnh\/#breadcrumb\"},\"inLanguage\":\"pt-BR\",\"potentialAction\":[{\"@type\":\"ReadAction\",\"target\":[\"https:\/\/procurandooque.com.br\/marketplace\/produto\/capa-de-acrilico-para-rg-e-cnh\/\"]}]},{\"@type\":\"ImageObject\",\"inLanguage\":\"pt-BR\",\"@id\":\"https:\/\/procurandooque.com.br\/marketplace\/produto\/capa-de-acrilico-para-rg-e-cnh\/#primaryimage\",\"url\":\"https:\/\/procurandooque.com.br\/marketplace\/wp-content\/uploads\/2022\/09\/capa-de-acrilico-para-rg-e-cnh.png\",\"contentUrl\":\"https:\/\/procurandooque.com.br\/marketplace\/wp-content\/uploads\/2022\/09\/capa-de-acrilico-para-rg-e-cnh.png\",\"width\":300,\"height\":300,\"caption\":\"Capa de acr\u00edlico para RG e CNH\"},{\"@type\":\"BreadcrumbList\",\"@id\":\"https:\/\/procurandooque.com.br\/marketplace\/produto\/capa-de-acrilico-para-rg-e-cnh\/#breadcrumb\",\"itemListElement\":[{\"@type\":\"ListItem\",\"position\":1,\"name\":\"In\u00edcio\",\"item\":\"https:\/\/procurandooque.com.br\/marketplace\/\"},{\"@type\":\"ListItem\",\"position\":2,\"name\":\"Shop\",\"item\":\"https:\/\/procurandooque.com.br\/marketplace\/shop\/\"},{\"@type\":\"ListItem\",\"position\":3,\"name\":\"Capa de acrilico para RG e CNH\"}]},{\"@type\":\"WebSite\",\"@id\":\"https:\/\/procurandooque.com.br\/marketplace\/#website\",\"url\":\"https:\/\/procurandooque.com.br\/marketplace\/\",\"name\":\"Marketplace\",\"description\":\"Venda e compre tudo em um s\u00f3 lugar para facilitar sua vida para todo Brasil\",\"publisher\":{\"@id\":\"https:\/\/procurandooque.com.br\/marketplace\/#organization\"},\"potentialAction\":[{\"@type\":\"SearchAction\",\"target\":{\"@type\":\"EntryPoint\",\"urlTemplate\":\"https:\/\/procurandooque.com.br\/marketplace\/?s={search_term_string}\"},\"query-input\":{\"@type\":\"PropertyValueSpecification\",\"valueRequired\":true,\"valueName\":\"search_term_string\"}}],\"inLanguage\":\"pt-BR\"},{\"@type\":\"Organization\",\"@id\":\"https:\/\/procurandooque.com.br\/marketplace\/#organization\",\"name\":\"Marketplace\",\"url\":\"https:\/\/procurandooque.com.br\/marketplace\/\",\"logo\":{\"@type\":\"ImageObject\",\"inLanguage\":\"pt-BR\",\"@id\":\"https:\/\/procurandooque.com.br\/marketplace\/#\/schema\/logo\/image\/\",\"url\":\"https:\/\/procurandooque.com.br\/marketplace\/wp-content\/uploads\/2022\/09\/Logo-200-\u00d7-40-px.png\",\"contentUrl\":\"https:\/\/procurandooque.com.br\/marketplace\/wp-content\/uploads\/2022\/09\/Logo-200-\u00d7-40-px.png\",\"width\":200,\"height\":40,\"caption\":\"Marketplace\"},\"image\":{\"@id\":\"https:\/\/procurandooque.com.br\/marketplace\/#\/schema\/logo\/image\/\"}}]}<\/script>\n<!-- \/ Yoast SEO plugin. -->","yoast_head_json":{"title":"Capa de acrilico para RG e CNH - Marketplace","robots":{"index":"index","follow":"follow","max-snippet":"max-snippet:-1","max-image-preview":"max-image-preview:large","max-video-preview":"max-video-preview:-1"},"canonical":"https:\/\/procurandooque.com.br\/marketplace\/produto\/capa-de-acrilico-para-rg-e-cnh\/","og_locale":"pt_BR","og_type":"article","og_title":"Capa de acrilico para RG e CNH - Marketplace","og_description":"Caracter\u00edsticas:  - 100% Recicl\u00e1vel - Tamanho Exato Novo RG e CNH - Acabamento Impec\u00e1vel - Abre e Fecha - Material de Alto Desempenho - Excelente Qualidade  Cor:  - Transparente  ATEN\u00c7\u00c3O! Antes de efetuar a compra consulte seu CEP, para verificar as condi\u00e7\u00f5es de frete gr\u00e1tis ou n\u00e3o.","og_url":"https:\/\/procurandooque.com.br\/marketplace\/produto\/capa-de-acrilico-para-rg-e-cnh\/","og_site_name":"Marketplace","article_modified_time":"2024-03-05T01:30:51+00:00","og_image":[{"width":300,"height":300,"url":"https:\/\/procurandooque.com.br\/marketplace\/wp-content\/uploads\/2022\/09\/capa-de-acrilico-para-rg-e-cnh.png","type":"image\/png"}],"twitter_card":"summary_large_image","twitter_misc":{"Est. tempo de leitura":"1 minuto"},"schema":{"@context":"https:\/\/schema.org","@graph":[{"@type":"WebPage","@id":"https:\/\/procurandooque.com.br\/marketplace\/produto\/capa-de-acrilico-para-rg-e-cnh\/","url":"https:\/\/procurandooque.com.br\/marketplace\/produto\/capa-de-acrilico-para-rg-e-cnh\/","name":"Capa de acrilico para RG e CNH - Marketplace","isPartOf":{"@id":"https:\/\/procurandooque.com.br\/marketplace\/#website"},"primaryImageOfPage":{"@id":"https:\/\/procurandooque.com.br\/marketplace\/produto\/capa-de-acrilico-para-rg-e-cnh\/#primaryimage"},"image":{"@id":"https:\/\/procurandooque.com.br\/marketplace\/produto\/capa-de-acrilico-para-rg-e-cnh\/#primaryimage"},"thumbnailUrl":"https:\/\/procurandooque.com.br\/marketplace\/wp-content\/uploads\/2022\/09\/capa-de-acrilico-para-rg-e-cnh.png","datePublished":"2022-09-07T20:19:02+00:00","dateModified":"2024-03-05T01:30:51+00:00","breadcrumb":{"@id":"https:\/\/procurandooque.com.br\/marketplace\/produto\/capa-de-acrilico-para-rg-e-cnh\/#breadcrumb"},"inLanguage":"pt-BR","potentialAction":[{"@type":"ReadAction","target":["https:\/\/procurandooque.com.br\/marketplace\/produto\/capa-de-acrilico-para-rg-e-cnh\/"]}]},{"@type":"ImageObject","inLanguage":"pt-BR","@id":"https:\/\/procurandooque.com.br\/marketplace\/produto\/capa-de-acrilico-para-rg-e-cnh\/#primaryimage","url":"https:\/\/procurandooque.com.br\/marketplace\/wp-content\/uploads\/2022\/09\/capa-de-acrilico-para-rg-e-cnh.png","contentUrl":"https:\/\/procurandooque.com.br\/marketplace\/wp-content\/uploads\/2022\/09\/capa-de-acrilico-para-rg-e-cnh.png","width":300,"height":300,"caption":"Capa de acr\u00edlico para RG e CNH"},{"@type":"BreadcrumbList","@id":"https:\/\/procurandooque.com.br\/marketplace\/produto\/capa-de-acrilico-para-rg-e-cnh\/#breadcrumb","itemListElement":[{"@type":"ListItem","position":1,"name":"In\u00edcio","item":"https:\/\/procurandooque.com.br\/marketplace\/"},{"@type":"ListItem","position":2,"name":"Shop","item":"https:\/\/procurandooque.com.br\/marketplace\/shop\/"},{"@type":"ListItem","position":3,"name":"Capa de acrilico para RG e CNH"}]},{"@type":"WebSite","@id":"https:\/\/procurandooque.com.br\/marketplace\/#website","url":"https:\/\/procurandooque.com.br\/marketplace\/","name":"Marketplace","description":"Venda e compre tudo em um s\u00f3 lugar para facilitar sua vida para todo Brasil","publisher":{"@id":"https:\/\/procurandooque.com.br\/marketplace\/#organization"},"potentialAction":[{"@type":"SearchAction","target":{"@type":"EntryPoint","urlTemplate":"https:\/\/procurandooque.com.br\/marketplace\/?s={search_term_string}"},"query-input":{"@type":"PropertyValueSpecification","valueRequired":true,"valueName":"search_term_string"}}],"inLanguage":"pt-BR"},{"@type":"Organization","@id":"https:\/\/procurandooque.com.br\/marketplace\/#organization","name":"Marketplace","url":"https:\/\/procurandooque.com.br\/marketplace\/","logo":{"@type":"ImageObject","inLanguage":"pt-BR","@id":"https:\/\/procurandooque.com.br\/marketplace\/#\/schema\/logo\/image\/","url":"https:\/\/procurandooque.com.br\/marketplace\/wp-content\/uploads\/2022\/09\/Logo-200-\u00d7-40-px.png","contentUrl":"https:\/\/procurandooque.com.br\/marketplace\/wp-content\/uploads\/2022\/09\/Logo-200-\u00d7-40-px.png","width":200,"height":40,"caption":"Marketplace"},"image":{"@id":"https:\/\/procurandooque.com.br\/marketplace\/#\/schema\/logo\/image\/"}}]}},"brands":[{"id":529,"name":"PontoCom Inform\u00e1tica","slug":"pontocom-informatica"}],"_links":{"self":[{"href":"https:\/\/procurandooque.com.br\/marketplace\/wp-json\/wp\/v2\/product\/583","targetHints":{"allow":["GET"]}}],"collection":[{"href":"https:\/\/procurandooque.com.br\/marketplace\/wp-json\/wp\/v2\/product"}],"about":[{"href":"https:\/\/procurandooque.com.br\/marketplace\/wp-json\/wp\/v2\/types\/product"}],"replies":[{"embeddable":true,"href":"https:\/\/procurandooque.com.br\/marketplace\/wp-json\/wp\/v2\/comments?post=583"}],"wp:featuredmedia":[{"embeddable":true,"href":"https:\/\/procurandooque.com.br\/marketplace\/wp-json\/wp\/v2\/media\/758"}],"wp:attachment":[{"href":"https:\/\/procurandooque.com.br\/marketplace\/wp-json\/wp\/v2\/media?parent=583"}],"wp:term":[{"taxonomy":"pwb-brand","embeddable":true,"href":"https:\/\/procurandooque.com.br\/marketplace\/wp-json\/wp\/v2\/pwb-brand?post=583"},{"taxonomy":"product_brand","embeddable":true,"href":"https:\/\/procurandooque.com.br\/marketplace\/wp-json\/wp\/v2\/product_brand?post=583"},{"taxonomy":"product_cat","embeddable":true,"href":"https:\/\/procurandooque.com.br\/marketplace\/wp-json\/wp\/v2\/product_cat?post=583"},{"taxonomy":"product_tag","embeddable":true,"href":"https:\/\/procurandooque.com.br\/marketplace\/wp-json\/wp\/v2\/product_tag?post=583"}],"curies":[{"name":"wp","href":"https:\/\/api.w.org\/{rel}","templated":true}]}}