{"id":4292,"date":"2023-12-21T00:27:45","date_gmt":"2023-12-21T00:27:45","guid":{"rendered":"https:\/\/procurandooque.com.br\/marketplace\/?post_type=product&#038;p=4292"},"modified":"2024-03-05T01:53:10","modified_gmt":"2024-03-05T01:53:10","slug":"ebook-uma-introducao-a-biblia-sagrada","status":"publish","type":"product","link":"https:\/\/procurandooque.com.br\/marketplace\/produto\/ebook-uma-introducao-a-biblia-sagrada\/","title":{"rendered":"Ebook Uma Introdu\u00e7\u00e3o \u00e0 B\u00edblia Sagrada"},"content":{"rendered":"<h2 style=\"text-align: center;\"><strong>Ebook &#8220;<\/strong><strong>Uma Introdu\u00e7\u00e3o \u00e0 B\u00edblia Sagrada&#8221;<\/strong><\/h2>\n<p>&nbsp;<\/p>\n<p><img fetchpriority=\"high\" decoding=\"async\" class=\"size-medium wp-image-1344 aligncenter\" src=\"https:\/\/procurandooque.com.br\/ebook\/wp-content\/uploads\/2023\/06\/E-book-Uma-introducao-a-Biblia-Sagrada3-300x188.png\" alt=\"\" width=\"300\" height=\"188\" \/><\/p>\n<p><strong>Cap\u00edtulo 1: Introdu\u00e7\u00e3o<\/strong><\/p>\n<ul>\n<li>Apresenta\u00e7\u00e3o do livro e seu prop\u00f3sito<\/li>\n<li>Breve hist\u00f3ria da B\u00edblia Sagrada<\/li>\n<\/ul>\n<p><strong>Cap\u00edtulo 2: Como a b\u00edblia chegou at\u00e9 nos?<\/strong><\/p>\n<ul>\n<li>Revela\u00e7\u00e3o<\/li>\n<li>Inspira\u00e7\u00e3o<\/li>\n<li>Inerr\u00e2ncia<\/li>\n<\/ul>\n<p><strong>Cap\u00edtulo 3: Compreendendo a B\u00edblia Sagrada<\/strong><\/p>\n<ul>\n<li>A estrutura da B\u00edblia: Antigo e Novo Testamento<\/li>\n<li>Os diferentes livros da B\u00edblia: g\u00eaneros liter\u00e1rios e estilos de escrita<\/li>\n<li>A import\u00e2ncia da B\u00edblia para crist\u00e3os e judeus<\/li>\n<\/ul>\n<p><strong>Cap\u00edtulo 4: O Antigo Testamento<\/strong><\/p>\n<ul>\n<li>A cria\u00e7\u00e3o do mundo e a hist\u00f3ria do povo de Israel<\/li>\n<li>O pentateuco: G\u00eanesis, \u00caxodo, Lev\u00edtico, N\u00fameros e Deuteron\u00f4mio<\/li>\n<li>Os livros hist\u00f3ricos: Josu\u00e9, Ju\u00edzes, Rute, Samuel, Reis, Cr\u00f4nicas, Esdras e Neemias<\/li>\n<li>Os livros po\u00e9ticos e sapienciais: Salmos, Prov\u00e9rbios, Eclesiastes, C\u00e2ntico dos C\u00e2nticos e J\u00f3<\/li>\n<li>Os profetas: Isa\u00edas, Jeremias, Lamenta\u00e7\u00f5es, Ezequiel e os Doze Profetas Menores<\/li>\n<\/ul>\n<p><strong>Cap\u00edtulo 5: O Novo Testamento<\/strong><\/p>\n<ul>\n<li>A vida de Jesus Cristo e os Evangelhos: Mateus, Marcos, Lucas e Jo\u00e3o<\/li>\n<li>Os Atos dos Ap\u00f3stolos e a hist\u00f3ria da igreja primitiva<\/li>\n<li>As cartas de Paulo: Romanos, Cor\u00edntios, G\u00e1latas, Ef\u00e9sios, Filipenses, Colossenses, Tessalonicenses, Tim\u00f3teo, Tito e Filemon<\/li>\n<li>As cartas gerais: Hebreus, Tiago, Pedro, Jo\u00e3o e Judas<\/li>\n<li>O Apocalipse: profecias sobre o fim dos tempos<\/li>\n<\/ul>\n<p><strong>Cap\u00edtulo 6: Interpreta\u00e7\u00e3o da B\u00edblia<\/strong><\/p>\n<ul>\n<li>Diferentes abordagens para a interpreta\u00e7\u00e3o da B\u00edblia<\/li>\n<li>A import\u00e2ncia da interpreta\u00e7\u00e3o correta para uma compreens\u00e3o adequada da mensagem da B\u00edblia<\/li>\n<\/ul>\n<p><strong>Cap\u00edtulo 7: Aplica\u00e7\u00e3o da B\u00edblia<\/strong><\/p>\n<ul>\n<li>A relev\u00e2ncia da B\u00edblia para a vida di\u00e1ria<\/li>\n<li>Como aplicar as mensagens da B\u00edblia em diferentes \u00e1reas da vida: fam\u00edlia, trabalho, finan\u00e7as, relacionamentos, etc.<\/li>\n<\/ul>\n<p><strong>Cap\u00edtulo 8: 3 Passos para descobrir o tema do texto B\u00edblico..90<\/strong><\/p>\n<ul>\n<li>Leia o texto<\/li>\n<li>Observe o texto.<\/li>\n<li>Fa\u00e7a anota\u00e7\u00f5es sobre o texto<\/li>\n<\/ul>\n<p><strong>Cap\u00edtulo 9: Considera\u00e7\u00f5es Finais<\/strong><\/p>\n<ul>\n<li>Recapitula\u00e7\u00e3o dos principais pontos do livroParte superior do formul\u00e1rio<\/li>\n<li>Import\u00e2ncia da B\u00edblia para a vida espiritual e pessoal.<\/li>\n<\/ul>\n<p><strong>Respostas dos Quis<\/strong><\/p>\n<p><strong>Refer\u00eancias<\/strong><\/p>\n<p>Este ebook \u00e9 uma excelente fonte de conhecimento para estudantes, professores, l\u00edderes religiosos e leitores em geral. Com ele, voc\u00ea ir\u00e1 explorar os principais temas da B\u00edblia e descobrir como eles s\u00e3o relevantes para a vida moderna. Seja voc\u00ea um leitor iniciante ou experiente, este ebook \u00e9 uma introdu\u00e7\u00e3o abrangente \u00e0 B\u00edblia Sagrada que vai enriquecer sua vida e sua compreens\u00e3o da hist\u00f3ria e cultura humanas.<\/p>\n<p>Adquir\u00e1 j\u00e1!<\/p>\n<p><a href=\"https:\/\/procurandooque.com.br\/ebook\/?post_type=product&amp;p=1341&amp;preview=true\"><img decoding=\"async\" class=\"size-medium wp-image-1343 aligncenter\" src=\"https:\/\/procurandooque.com.br\/ebook\/wp-content\/uploads\/2023\/06\/ebook-uma-introducao-a-biblia-sagrada-300x230.png\" alt=\"ebook-uma-introducao-a-biblia-sagrada\" width=\"300\" height=\"230\" \/><\/a><\/p>\n<p>Deus aben\u00e7\u00f5e em Cristo Jesus!<\/p>\n","protected":false},"excerpt":{"rendered":"<p>Voc\u00ea ter\u00e1 acesso a um guia sobre a B\u00edblia, desde sua hist\u00f3ria at\u00e9 a aplica\u00e7\u00e3o de suas mensagens na vida di\u00e1ria. Com 09 cap\u00edtulos abrangentes, o livro em PDF cont\u00e9m 112 p\u00e1ginas abordando os t\u00f3picos abaixo. Al\u00e9m disso, organizamo um quiz com perguntas sobre cada abordagem b\u00edblica de acordo com cada cap\u00edtulo, o que enriquecer\u00e1 seu aprendizado b\u00edblico e teol\u00f3gico.<\/p>\n","protected":false},"featured_media":4293,"comment_status":"open","ping_status":"closed","template":"","meta":{"_monsterinsights_skip_tracking":false,"_monsterinsights_sitenote_active":false,"_monsterinsights_sitenote_note":"","_monsterinsights_sitenote_category":0,"site-sidebar-layout":"default","site-content-layout":"","ast-site-content-layout":"default","site-content-style":"default","site-sidebar-style":"default","ast-global-header-display":"","ast-banner-title-visibility":"","ast-main-header-display":"","ast-hfb-above-header-display":"","ast-hfb-below-header-display":"","ast-hfb-mobile-header-display":"","site-post-title":"","ast-breadcrumbs-content":"","ast-featured-img":"","footer-sml-layout":"","theme-transparent-header-meta":"default","adv-header-id-meta":"","stick-header-meta":"","header-above-stick-meta":"","header-main-stick-meta":"","header-below-stick-meta":"","astra-migrate-meta-layouts":"set","ast-page-background-enabled":"default","ast-page-background-meta":{"desktop":{"background-color":"","background-image":"","background-repeat":"repeat","background-position":"center center","background-size":"auto","background-attachment":"scroll","background-type":"","background-media":"","overlay-type":"","overlay-color":"","overlay-opacity":"","overlay-gradient":""},"tablet":{"background-color":"","background-image":"","background-repeat":"repeat","background-position":"center center","background-size":"auto","background-attachment":"scroll","background-type":"","background-media":"","overlay-type":"","overlay-color":"","overlay-opacity":"","overlay-gradient":""},"mobile":{"background-color":"","background-image":"","background-repeat":"repeat","background-position":"center center","background-size":"auto","background-attachment":"scroll","background-type":"","background-media":"","overlay-type":"","overlay-color":"","overlay-opacity":"","overlay-gradient":""}},"ast-content-background-meta":{"desktop":{"background-color":"var(--ast-global-color-5)","background-image":"","background-repeat":"repeat","background-position":"center center","background-size":"auto","background-attachment":"scroll","background-type":"","background-media":"","overlay-type":"","overlay-color":"","overlay-opacity":"","overlay-gradient":""},"tablet":{"background-color":"var(--ast-global-color-5)","background-image":"","background-repeat":"repeat","background-position":"center center","background-size":"auto","background-attachment":"scroll","background-type":"","background-media":"","overlay-type":"","overlay-color":"","overlay-opacity":"","overlay-gradient":""},"mobile":{"background-color":"var(--ast-global-color-5)","background-image":"","background-repeat":"repeat","background-position":"center center","background-size":"auto","background-attachment":"scroll","background-type":"","background-media":"","overlay-type":"","overlay-color":"","overlay-opacity":"","overlay-gradient":""}},"_joinchat":[]},"pwb-brand":[629],"product_brand":[],"product_cat":[587,588],"product_tag":[],"class_list":{"0":"post-4292","1":"product","2":"type-product","3":"status-publish","4":"has-post-thumbnail","6":"pwb-brand-nilson-sergio-lima","7":"product_cat-digital","8":"product_cat-e-books","9":"desktop-align-left","10":"tablet-align-left","11":"mobile-align-left","13":"first","14":"instock","15":"featured","16":"downloadable","17":"virtual","18":"purchasable","19":"product-type-simple"},"yoast_head":"<!-- This site is optimized with the Yoast SEO plugin v27.2 - https:\/\/yoast.com\/product\/yoast-seo-wordpress\/ -->\n<title>Ebook Uma Introdu\u00e7\u00e3o \u00e0 B\u00edblia Sagrada - Marketplace<\/title>\n<meta name=\"robots\" content=\"index, follow, max-snippet:-1, max-image-preview:large, max-video-preview:-1\" \/>\n<link rel=\"canonical\" href=\"https:\/\/procurandooque.com.br\/marketplace\/produto\/ebook-uma-introducao-a-biblia-sagrada\/\" \/>\n<meta property=\"og:locale\" content=\"pt_BR\" \/>\n<meta property=\"og:type\" content=\"article\" \/>\n<meta property=\"og:title\" content=\"Ebook Uma Introdu\u00e7\u00e3o \u00e0 B\u00edblia Sagrada - Marketplace\" \/>\n<meta property=\"og:description\" content=\"Voc\u00ea ter\u00e1 acesso a um guia sobre a B\u00edblia, desde sua hist\u00f3ria at\u00e9 a aplica\u00e7\u00e3o de suas mensagens na vida di\u00e1ria. Com 09 cap\u00edtulos abrangentes, o livro em PDF cont\u00e9m 112 p\u00e1ginas abordando os t\u00f3picos abaixo. Al\u00e9m disso, organizamo um quiz com perguntas sobre cada abordagem b\u00edblica de acordo com cada cap\u00edtulo, o que enriquecer\u00e1 seu aprendizado b\u00edblico e teol\u00f3gico.\" \/>\n<meta property=\"og:url\" content=\"https:\/\/procurandooque.com.br\/marketplace\/produto\/ebook-uma-introducao-a-biblia-sagrada\/\" \/>\n<meta property=\"og:site_name\" content=\"Marketplace\" \/>\n<meta property=\"article:modified_time\" content=\"2024-03-05T01:53:10+00:00\" \/>\n<meta property=\"og:image\" content=\"https:\/\/procurandooque.com.br\/marketplace\/wp-content\/uploads\/2023\/12\/Uma-introducao-a-Biblia-Sagrada.png\" \/>\n\t<meta property=\"og:image:width\" content=\"600\" \/>\n\t<meta property=\"og:image:height\" content=\"800\" \/>\n\t<meta property=\"og:image:type\" content=\"image\/png\" \/>\n<meta name=\"twitter:card\" content=\"summary_large_image\" \/>\n<meta name=\"twitter:label1\" content=\"Est. tempo de leitura\" \/>\n\t<meta name=\"twitter:data1\" content=\"3 minutos\" \/>\n<script type=\"application\/ld+json\" class=\"yoast-schema-graph\">{\"@context\":\"https:\/\/schema.org\",\"@graph\":[{\"@type\":\"WebPage\",\"@id\":\"https:\/\/procurandooque.com.br\/marketplace\/produto\/ebook-uma-introducao-a-biblia-sagrada\/\",\"url\":\"https:\/\/procurandooque.com.br\/marketplace\/produto\/ebook-uma-introducao-a-biblia-sagrada\/\",\"name\":\"Ebook Uma Introdu\u00e7\u00e3o \u00e0 B\u00edblia Sagrada - Marketplace\",\"isPartOf\":{\"@id\":\"https:\/\/procurandooque.com.br\/marketplace\/#website\"},\"primaryImageOfPage\":{\"@id\":\"https:\/\/procurandooque.com.br\/marketplace\/produto\/ebook-uma-introducao-a-biblia-sagrada\/#primaryimage\"},\"image\":{\"@id\":\"https:\/\/procurandooque.com.br\/marketplace\/produto\/ebook-uma-introducao-a-biblia-sagrada\/#primaryimage\"},\"thumbnailUrl\":\"https:\/\/procurandooque.com.br\/marketplace\/wp-content\/uploads\/2023\/12\/Uma-introducao-a-Biblia-Sagrada.png\",\"datePublished\":\"2023-12-21T00:27:45+00:00\",\"dateModified\":\"2024-03-05T01:53:10+00:00\",\"breadcrumb\":{\"@id\":\"https:\/\/procurandooque.com.br\/marketplace\/produto\/ebook-uma-introducao-a-biblia-sagrada\/#breadcrumb\"},\"inLanguage\":\"pt-BR\",\"potentialAction\":[{\"@type\":\"ReadAction\",\"target\":[\"https:\/\/procurandooque.com.br\/marketplace\/produto\/ebook-uma-introducao-a-biblia-sagrada\/\"]}]},{\"@type\":\"ImageObject\",\"inLanguage\":\"pt-BR\",\"@id\":\"https:\/\/procurandooque.com.br\/marketplace\/produto\/ebook-uma-introducao-a-biblia-sagrada\/#primaryimage\",\"url\":\"https:\/\/procurandooque.com.br\/marketplace\/wp-content\/uploads\/2023\/12\/Uma-introducao-a-Biblia-Sagrada.png\",\"contentUrl\":\"https:\/\/procurandooque.com.br\/marketplace\/wp-content\/uploads\/2023\/12\/Uma-introducao-a-Biblia-Sagrada.png\",\"width\":600,\"height\":800,\"caption\":\"Uma-introducao-a-Biblia-Sagrada\"},{\"@type\":\"BreadcrumbList\",\"@id\":\"https:\/\/procurandooque.com.br\/marketplace\/produto\/ebook-uma-introducao-a-biblia-sagrada\/#breadcrumb\",\"itemListElement\":[{\"@type\":\"ListItem\",\"position\":1,\"name\":\"In\u00edcio\",\"item\":\"https:\/\/procurandooque.com.br\/marketplace\/\"},{\"@type\":\"ListItem\",\"position\":2,\"name\":\"Shop\",\"item\":\"https:\/\/procurandooque.com.br\/marketplace\/shop\/\"},{\"@type\":\"ListItem\",\"position\":3,\"name\":\"Ebook Uma Introdu\u00e7\u00e3o \u00e0 B\u00edblia Sagrada\"}]},{\"@type\":\"WebSite\",\"@id\":\"https:\/\/procurandooque.com.br\/marketplace\/#website\",\"url\":\"https:\/\/procurandooque.com.br\/marketplace\/\",\"name\":\"Marketplace\",\"description\":\"Venda e compre tudo em um s\u00f3 lugar para facilitar sua vida para todo Brasil\",\"publisher\":{\"@id\":\"https:\/\/procurandooque.com.br\/marketplace\/#organization\"},\"potentialAction\":[{\"@type\":\"SearchAction\",\"target\":{\"@type\":\"EntryPoint\",\"urlTemplate\":\"https:\/\/procurandooque.com.br\/marketplace\/?s={search_term_string}\"},\"query-input\":{\"@type\":\"PropertyValueSpecification\",\"valueRequired\":true,\"valueName\":\"search_term_string\"}}],\"inLanguage\":\"pt-BR\"},{\"@type\":\"Organization\",\"@id\":\"https:\/\/procurandooque.com.br\/marketplace\/#organization\",\"name\":\"Marketplace\",\"url\":\"https:\/\/procurandooque.com.br\/marketplace\/\",\"logo\":{\"@type\":\"ImageObject\",\"inLanguage\":\"pt-BR\",\"@id\":\"https:\/\/procurandooque.com.br\/marketplace\/#\/schema\/logo\/image\/\",\"url\":\"https:\/\/procurandooque.com.br\/marketplace\/wp-content\/uploads\/2022\/09\/Logo-200-\u00d7-40-px.png\",\"contentUrl\":\"https:\/\/procurandooque.com.br\/marketplace\/wp-content\/uploads\/2022\/09\/Logo-200-\u00d7-40-px.png\",\"width\":200,\"height\":40,\"caption\":\"Marketplace\"},\"image\":{\"@id\":\"https:\/\/procurandooque.com.br\/marketplace\/#\/schema\/logo\/image\/\"}}]}<\/script>\n<!-- \/ Yoast SEO plugin. -->","yoast_head_json":{"title":"Ebook Uma Introdu\u00e7\u00e3o \u00e0 B\u00edblia Sagrada - Marketplace","robots":{"index":"index","follow":"follow","max-snippet":"max-snippet:-1","max-image-preview":"max-image-preview:large","max-video-preview":"max-video-preview:-1"},"canonical":"https:\/\/procurandooque.com.br\/marketplace\/produto\/ebook-uma-introducao-a-biblia-sagrada\/","og_locale":"pt_BR","og_type":"article","og_title":"Ebook Uma Introdu\u00e7\u00e3o \u00e0 B\u00edblia Sagrada - Marketplace","og_description":"Voc\u00ea ter\u00e1 acesso a um guia sobre a B\u00edblia, desde sua hist\u00f3ria at\u00e9 a aplica\u00e7\u00e3o de suas mensagens na vida di\u00e1ria. Com 09 cap\u00edtulos abrangentes, o livro em PDF cont\u00e9m 112 p\u00e1ginas abordando os t\u00f3picos abaixo. Al\u00e9m disso, organizamo um quiz com perguntas sobre cada abordagem b\u00edblica de acordo com cada cap\u00edtulo, o que enriquecer\u00e1 seu aprendizado b\u00edblico e teol\u00f3gico.","og_url":"https:\/\/procurandooque.com.br\/marketplace\/produto\/ebook-uma-introducao-a-biblia-sagrada\/","og_site_name":"Marketplace","article_modified_time":"2024-03-05T01:53:10+00:00","og_image":[{"width":600,"height":800,"url":"https:\/\/procurandooque.com.br\/marketplace\/wp-content\/uploads\/2023\/12\/Uma-introducao-a-Biblia-Sagrada.png","type":"image\/png"}],"twitter_card":"summary_large_image","twitter_misc":{"Est. tempo de leitura":"3 minutos"},"schema":{"@context":"https:\/\/schema.org","@graph":[{"@type":"WebPage","@id":"https:\/\/procurandooque.com.br\/marketplace\/produto\/ebook-uma-introducao-a-biblia-sagrada\/","url":"https:\/\/procurandooque.com.br\/marketplace\/produto\/ebook-uma-introducao-a-biblia-sagrada\/","name":"Ebook Uma Introdu\u00e7\u00e3o \u00e0 B\u00edblia Sagrada - Marketplace","isPartOf":{"@id":"https:\/\/procurandooque.com.br\/marketplace\/#website"},"primaryImageOfPage":{"@id":"https:\/\/procurandooque.com.br\/marketplace\/produto\/ebook-uma-introducao-a-biblia-sagrada\/#primaryimage"},"image":{"@id":"https:\/\/procurandooque.com.br\/marketplace\/produto\/ebook-uma-introducao-a-biblia-sagrada\/#primaryimage"},"thumbnailUrl":"https:\/\/procurandooque.com.br\/marketplace\/wp-content\/uploads\/2023\/12\/Uma-introducao-a-Biblia-Sagrada.png","datePublished":"2023-12-21T00:27:45+00:00","dateModified":"2024-03-05T01:53:10+00:00","breadcrumb":{"@id":"https:\/\/procurandooque.com.br\/marketplace\/produto\/ebook-uma-introducao-a-biblia-sagrada\/#breadcrumb"},"inLanguage":"pt-BR","potentialAction":[{"@type":"ReadAction","target":["https:\/\/procurandooque.com.br\/marketplace\/produto\/ebook-uma-introducao-a-biblia-sagrada\/"]}]},{"@type":"ImageObject","inLanguage":"pt-BR","@id":"https:\/\/procurandooque.com.br\/marketplace\/produto\/ebook-uma-introducao-a-biblia-sagrada\/#primaryimage","url":"https:\/\/procurandooque.com.br\/marketplace\/wp-content\/uploads\/2023\/12\/Uma-introducao-a-Biblia-Sagrada.png","contentUrl":"https:\/\/procurandooque.com.br\/marketplace\/wp-content\/uploads\/2023\/12\/Uma-introducao-a-Biblia-Sagrada.png","width":600,"height":800,"caption":"Uma-introducao-a-Biblia-Sagrada"},{"@type":"BreadcrumbList","@id":"https:\/\/procurandooque.com.br\/marketplace\/produto\/ebook-uma-introducao-a-biblia-sagrada\/#breadcrumb","itemListElement":[{"@type":"ListItem","position":1,"name":"In\u00edcio","item":"https:\/\/procurandooque.com.br\/marketplace\/"},{"@type":"ListItem","position":2,"name":"Shop","item":"https:\/\/procurandooque.com.br\/marketplace\/shop\/"},{"@type":"ListItem","position":3,"name":"Ebook Uma Introdu\u00e7\u00e3o \u00e0 B\u00edblia Sagrada"}]},{"@type":"WebSite","@id":"https:\/\/procurandooque.com.br\/marketplace\/#website","url":"https:\/\/procurandooque.com.br\/marketplace\/","name":"Marketplace","description":"Venda e compre tudo em um s\u00f3 lugar para facilitar sua vida para todo Brasil","publisher":{"@id":"https:\/\/procurandooque.com.br\/marketplace\/#organization"},"potentialAction":[{"@type":"SearchAction","target":{"@type":"EntryPoint","urlTemplate":"https:\/\/procurandooque.com.br\/marketplace\/?s={search_term_string}"},"query-input":{"@type":"PropertyValueSpecification","valueRequired":true,"valueName":"search_term_string"}}],"inLanguage":"pt-BR"},{"@type":"Organization","@id":"https:\/\/procurandooque.com.br\/marketplace\/#organization","name":"Marketplace","url":"https:\/\/procurandooque.com.br\/marketplace\/","logo":{"@type":"ImageObject","inLanguage":"pt-BR","@id":"https:\/\/procurandooque.com.br\/marketplace\/#\/schema\/logo\/image\/","url":"https:\/\/procurandooque.com.br\/marketplace\/wp-content\/uploads\/2022\/09\/Logo-200-\u00d7-40-px.png","contentUrl":"https:\/\/procurandooque.com.br\/marketplace\/wp-content\/uploads\/2022\/09\/Logo-200-\u00d7-40-px.png","width":200,"height":40,"caption":"Marketplace"},"image":{"@id":"https:\/\/procurandooque.com.br\/marketplace\/#\/schema\/logo\/image\/"}}]}},"brands":[{"id":629,"name":"Nilson Sergio Lima","slug":"nilson-sergio-lima"}],"_links":{"self":[{"href":"https:\/\/procurandooque.com.br\/marketplace\/wp-json\/wp\/v2\/product\/4292","targetHints":{"allow":["GET"]}}],"collection":[{"href":"https:\/\/procurandooque.com.br\/marketplace\/wp-json\/wp\/v2\/product"}],"about":[{"href":"https:\/\/procurandooque.com.br\/marketplace\/wp-json\/wp\/v2\/types\/product"}],"replies":[{"embeddable":true,"href":"https:\/\/procurandooque.com.br\/marketplace\/wp-json\/wp\/v2\/comments?post=4292"}],"wp:featuredmedia":[{"embeddable":true,"href":"https:\/\/procurandooque.com.br\/marketplace\/wp-json\/wp\/v2\/media\/4293"}],"wp:attachment":[{"href":"https:\/\/procurandooque.com.br\/marketplace\/wp-json\/wp\/v2\/media?parent=4292"}],"wp:term":[{"taxonomy":"pwb-brand","embeddable":true,"href":"https:\/\/procurandooque.com.br\/marketplace\/wp-json\/wp\/v2\/pwb-brand?post=4292"},{"taxonomy":"product_brand","embeddable":true,"href":"https:\/\/procurandooque.com.br\/marketplace\/wp-json\/wp\/v2\/product_brand?post=4292"},{"taxonomy":"product_cat","embeddable":true,"href":"https:\/\/procurandooque.com.br\/marketplace\/wp-json\/wp\/v2\/product_cat?post=4292"},{"taxonomy":"product_tag","embeddable":true,"href":"https:\/\/procurandooque.com.br\/marketplace\/wp-json\/wp\/v2\/product_tag?post=4292"}],"curies":[{"name":"wp","href":"https:\/\/api.w.org\/{rel}","templated":true}]}}