{"id":4101,"date":"2022-09-12T01:58:51","date_gmt":"2022-09-12T01:58:51","guid":{"rendered":"https:\/\/procurandooque.com.br\/marketplace\/?post_type=product&#038;p=4101"},"modified":"2024-03-05T01:30:56","modified_gmt":"2024-03-05T01:30:56","slug":"mouse-movitec-optico","status":"publish","type":"product","link":"https:\/\/procurandooque.com.br\/marketplace\/produto\/mouse-movitec-optico\/","title":{"rendered":"Mouse Movitec \u00d3ptico 1000DPI 3 Bot\u00f5es"},"content":{"rendered":"<h2>Informa\u00e7\u00f5es do Produto<\/h2>\n<p>Um mouse com design compacto e ergon\u00f4mico que proporciona a melhor experi\u00eancia de uso. Este \u00e9 o mouse \u00f3ptico com fio da Movitec! O modelo OMFC-01 tem 3 bot\u00f5es, sendo um para rolagem de documentos e sites, ideal para conectar voc\u00ea ao mundo digital. Com 1000DPI de resolu\u00e7\u00e3o \u00e9 para facilitar o movimento do cursor. Conta com cabo de 1,25m para permitir mais praticidade e conforto na hora de manusear.<\/p>\n<p>&nbsp;<\/p>\n","protected":false},"excerpt":{"rendered":"<p>Um mouse com design compacto e ergon\u00f4mico que proporciona a melhor experi\u00eancia de uso.<\/p>\n<p><strong>Tipo<\/strong>: Comum<\/p>\n<p><strong>Caracter\u00edstica<\/strong>: Com fio<\/p>\n<p><strong>Sensor<\/strong>: \u00d3ptico<\/p>\n<p><strong>Resolu\u00e7\u00e3o<\/strong>: 1000DPI<\/p>\n<p><strong>Quantidade de Bot\u00f5es<\/strong>: 03<\/p>\n<p><strong>Conex\u00e3o<\/strong>: USB<\/p>\n<p><strong>Cor:<\/strong> Preto<\/p>\n<p><strong>Scroll<\/strong>: Sim<\/p>\n<p><span style=\"color: red;\"><strong>ATEN\u00c7\u00c3O<\/strong>!<\/span> Antes de efetuar a compra consulte seu CEP, para verificar as condi\u00e7\u00f5es de frete gr\u00e1tis ou n\u00e3o.<\/p>\n","protected":false},"featured_media":4102,"comment_status":"open","ping_status":"closed","template":"","meta":{"_monsterinsights_skip_tracking":false,"_monsterinsights_sitenote_active":false,"_monsterinsights_sitenote_note":"","_monsterinsights_sitenote_category":0,"site-sidebar-layout":"default","site-content-layout":"default","ast-site-content-layout":"default","site-content-style":"default","site-sidebar-style":"default","ast-global-header-display":"","ast-banner-title-visibility":"","ast-main-header-display":"","ast-hfb-above-header-display":"","ast-hfb-below-header-display":"","ast-hfb-mobile-header-display":"","site-post-title":"","ast-breadcrumbs-content":"","ast-featured-img":"","footer-sml-layout":"","theme-transparent-header-meta":"default","adv-header-id-meta":"","stick-header-meta":"","header-above-stick-meta":"","header-main-stick-meta":"","header-below-stick-meta":"","astra-migrate-meta-layouts":"set","ast-page-background-enabled":"default","ast-page-background-meta":{"desktop":{"background-color":"","background-image":"","background-repeat":"repeat","background-position":"center center","background-size":"auto","background-attachment":"scroll","background-type":"","background-media":"","overlay-type":"","overlay-color":"","overlay-opacity":"","overlay-gradient":""},"tablet":{"background-color":"","background-image":"","background-repeat":"repeat","background-position":"center center","background-size":"auto","background-attachment":"scroll","background-type":"","background-media":"","overlay-type":"","overlay-color":"","overlay-opacity":"","overlay-gradient":""},"mobile":{"background-color":"","background-image":"","background-repeat":"repeat","background-position":"center center","background-size":"auto","background-attachment":"scroll","background-type":"","background-media":"","overlay-type":"","overlay-color":"","overlay-opacity":"","overlay-gradient":""}},"ast-content-background-meta":{"desktop":{"background-color":"var(--ast-global-color-5)","background-image":"","background-repeat":"repeat","background-position":"center center","background-size":"auto","background-attachment":"scroll","background-type":"","background-media":"","overlay-type":"","overlay-color":"","overlay-opacity":"","overlay-gradient":""},"tablet":{"background-color":"var(--ast-global-color-5)","background-image":"","background-repeat":"repeat","background-position":"center center","background-size":"auto","background-attachment":"scroll","background-type":"","background-media":"","overlay-type":"","overlay-color":"","overlay-opacity":"","overlay-gradient":""},"mobile":{"background-color":"var(--ast-global-color-5)","background-image":"","background-repeat":"repeat","background-position":"center center","background-size":"auto","background-attachment":"scroll","background-type":"","background-media":"","overlay-type":"","overlay-color":"","overlay-opacity":"","overlay-gradient":""}},"_joinchat":[]},"pwb-brand":[529],"product_brand":[],"product_cat":[583,526],"product_tag":[584,585],"class_list":{"0":"post-4101","1":"product","2":"type-product","3":"status-publish","4":"has-post-thumbnail","6":"pwb-brand-pontocom-informatica","7":"product_cat-mouse","8":"product_cat-produtos-de-informatica","9":"product_tag-mouse","10":"product_tag-opticos","11":"desktop-align-left","12":"tablet-align-left","13":"mobile-align-left","15":"first","16":"instock","17":"shipping-taxable","18":"purchasable","19":"product-type-simple"},"yoast_head":"<!-- This site is optimized with the Yoast SEO plugin v27.2 - https:\/\/yoast.com\/product\/yoast-seo-wordpress\/ -->\n<title>Mouse Movitec \u00d3ptico 1000DPI 3 Bot\u00f5es - Marketplace<\/title>\n<meta name=\"description\" content=\"Este \u00e9 o mouse \u00f3ptico com fio da Movitec! O modelo OMFC-01 tem 3 bot\u00f5es com design compacto e ergon\u00f4mico que proporciona a melhor experi\u00eancia de uso.\" \/>\n<meta name=\"robots\" content=\"index, follow, max-snippet:-1, max-image-preview:large, max-video-preview:-1\" \/>\n<link rel=\"canonical\" href=\"https:\/\/procurandooque.com.br\/marketplace\/produto\/mouse-movitec-optico\/\" \/>\n<meta property=\"og:locale\" content=\"pt_BR\" \/>\n<meta property=\"og:type\" content=\"article\" \/>\n<meta property=\"og:title\" content=\"Mouse Movitec \u00d3ptico 1000DPI 3 Bot\u00f5es - Marketplace\" \/>\n<meta property=\"og:description\" content=\"Este \u00e9 o mouse \u00f3ptico com fio da Movitec! O modelo OMFC-01 tem 3 bot\u00f5es com design compacto e ergon\u00f4mico que proporciona a melhor experi\u00eancia de uso.\" \/>\n<meta property=\"og:url\" content=\"https:\/\/procurandooque.com.br\/marketplace\/produto\/mouse-movitec-optico\/\" \/>\n<meta property=\"og:site_name\" content=\"Marketplace\" \/>\n<meta property=\"article:modified_time\" content=\"2024-03-05T01:30:56+00:00\" \/>\n<meta property=\"og:image\" content=\"https:\/\/procurandooque.com.br\/marketplace\/wp-content\/uploads\/2022\/09\/1.png\" \/>\n\t<meta property=\"og:image:width\" content=\"800\" \/>\n\t<meta property=\"og:image:height\" content=\"800\" \/>\n\t<meta property=\"og:image:type\" content=\"image\/png\" \/>\n<meta name=\"twitter:card\" content=\"summary_large_image\" \/>\n<meta name=\"twitter:label1\" content=\"Est. tempo de leitura\" \/>\n\t<meta name=\"twitter:data1\" content=\"1 minuto\" \/>\n<script type=\"application\/ld+json\" class=\"yoast-schema-graph\">{\"@context\":\"https:\/\/schema.org\",\"@graph\":[{\"@type\":\"WebPage\",\"@id\":\"https:\/\/procurandooque.com.br\/marketplace\/produto\/mouse-movitec-optico\/\",\"url\":\"https:\/\/procurandooque.com.br\/marketplace\/produto\/mouse-movitec-optico\/\",\"name\":\"Mouse Movitec \u00d3ptico 1000DPI 3 Bot\u00f5es - Marketplace\",\"isPartOf\":{\"@id\":\"https:\/\/procurandooque.com.br\/marketplace\/#website\"},\"primaryImageOfPage\":{\"@id\":\"https:\/\/procurandooque.com.br\/marketplace\/produto\/mouse-movitec-optico\/#primaryimage\"},\"image\":{\"@id\":\"https:\/\/procurandooque.com.br\/marketplace\/produto\/mouse-movitec-optico\/#primaryimage\"},\"thumbnailUrl\":\"https:\/\/procurandooque.com.br\/marketplace\/wp-content\/uploads\/2022\/09\/1.png\",\"datePublished\":\"2022-09-12T01:58:51+00:00\",\"dateModified\":\"2024-03-05T01:30:56+00:00\",\"description\":\"Este \u00e9 o mouse \u00f3ptico com fio da Movitec! O modelo OMFC-01 tem 3 bot\u00f5es com design compacto e ergon\u00f4mico que proporciona a melhor experi\u00eancia de uso.\",\"breadcrumb\":{\"@id\":\"https:\/\/procurandooque.com.br\/marketplace\/produto\/mouse-movitec-optico\/#breadcrumb\"},\"inLanguage\":\"pt-BR\",\"potentialAction\":[{\"@type\":\"ReadAction\",\"target\":[\"https:\/\/procurandooque.com.br\/marketplace\/produto\/mouse-movitec-optico\/\"]}]},{\"@type\":\"ImageObject\",\"inLanguage\":\"pt-BR\",\"@id\":\"https:\/\/procurandooque.com.br\/marketplace\/produto\/mouse-movitec-optico\/#primaryimage\",\"url\":\"https:\/\/procurandooque.com.br\/marketplace\/wp-content\/uploads\/2022\/09\/1.png\",\"contentUrl\":\"https:\/\/procurandooque.com.br\/marketplace\/wp-content\/uploads\/2022\/09\/1.png\",\"width\":800,\"height\":800,\"caption\":\"Mouse Movitec \u00d3ptico\"},{\"@type\":\"BreadcrumbList\",\"@id\":\"https:\/\/procurandooque.com.br\/marketplace\/produto\/mouse-movitec-optico\/#breadcrumb\",\"itemListElement\":[{\"@type\":\"ListItem\",\"position\":1,\"name\":\"In\u00edcio\",\"item\":\"https:\/\/procurandooque.com.br\/marketplace\/\"},{\"@type\":\"ListItem\",\"position\":2,\"name\":\"Shop\",\"item\":\"https:\/\/procurandooque.com.br\/marketplace\/shop\/\"},{\"@type\":\"ListItem\",\"position\":3,\"name\":\"Mouse Movitec \u00d3ptico 1000DPI 3 Bot\u00f5es\"}]},{\"@type\":\"WebSite\",\"@id\":\"https:\/\/procurandooque.com.br\/marketplace\/#website\",\"url\":\"https:\/\/procurandooque.com.br\/marketplace\/\",\"name\":\"Marketplace\",\"description\":\"Venda e compre tudo em um s\u00f3 lugar para facilitar sua vida para todo Brasil\",\"publisher\":{\"@id\":\"https:\/\/procurandooque.com.br\/marketplace\/#organization\"},\"potentialAction\":[{\"@type\":\"SearchAction\",\"target\":{\"@type\":\"EntryPoint\",\"urlTemplate\":\"https:\/\/procurandooque.com.br\/marketplace\/?s={search_term_string}\"},\"query-input\":{\"@type\":\"PropertyValueSpecification\",\"valueRequired\":true,\"valueName\":\"search_term_string\"}}],\"inLanguage\":\"pt-BR\"},{\"@type\":\"Organization\",\"@id\":\"https:\/\/procurandooque.com.br\/marketplace\/#organization\",\"name\":\"Marketplace\",\"url\":\"https:\/\/procurandooque.com.br\/marketplace\/\",\"logo\":{\"@type\":\"ImageObject\",\"inLanguage\":\"pt-BR\",\"@id\":\"https:\/\/procurandooque.com.br\/marketplace\/#\/schema\/logo\/image\/\",\"url\":\"https:\/\/procurandooque.com.br\/marketplace\/wp-content\/uploads\/2022\/09\/Logo-200-\u00d7-40-px.png\",\"contentUrl\":\"https:\/\/procurandooque.com.br\/marketplace\/wp-content\/uploads\/2022\/09\/Logo-200-\u00d7-40-px.png\",\"width\":200,\"height\":40,\"caption\":\"Marketplace\"},\"image\":{\"@id\":\"https:\/\/procurandooque.com.br\/marketplace\/#\/schema\/logo\/image\/\"}}]}<\/script>\n<!-- \/ Yoast SEO plugin. -->","yoast_head_json":{"title":"Mouse Movitec \u00d3ptico 1000DPI 3 Bot\u00f5es - Marketplace","description":"Este \u00e9 o mouse \u00f3ptico com fio da Movitec! O modelo OMFC-01 tem 3 bot\u00f5es com design compacto e ergon\u00f4mico que proporciona a melhor experi\u00eancia de uso.","robots":{"index":"index","follow":"follow","max-snippet":"max-snippet:-1","max-image-preview":"max-image-preview:large","max-video-preview":"max-video-preview:-1"},"canonical":"https:\/\/procurandooque.com.br\/marketplace\/produto\/mouse-movitec-optico\/","og_locale":"pt_BR","og_type":"article","og_title":"Mouse Movitec \u00d3ptico 1000DPI 3 Bot\u00f5es - Marketplace","og_description":"Este \u00e9 o mouse \u00f3ptico com fio da Movitec! O modelo OMFC-01 tem 3 bot\u00f5es com design compacto e ergon\u00f4mico que proporciona a melhor experi\u00eancia de uso.","og_url":"https:\/\/procurandooque.com.br\/marketplace\/produto\/mouse-movitec-optico\/","og_site_name":"Marketplace","article_modified_time":"2024-03-05T01:30:56+00:00","og_image":[{"width":800,"height":800,"url":"https:\/\/procurandooque.com.br\/marketplace\/wp-content\/uploads\/2022\/09\/1.png","type":"image\/png"}],"twitter_card":"summary_large_image","twitter_misc":{"Est. tempo de leitura":"1 minuto"},"schema":{"@context":"https:\/\/schema.org","@graph":[{"@type":"WebPage","@id":"https:\/\/procurandooque.com.br\/marketplace\/produto\/mouse-movitec-optico\/","url":"https:\/\/procurandooque.com.br\/marketplace\/produto\/mouse-movitec-optico\/","name":"Mouse Movitec \u00d3ptico 1000DPI 3 Bot\u00f5es - Marketplace","isPartOf":{"@id":"https:\/\/procurandooque.com.br\/marketplace\/#website"},"primaryImageOfPage":{"@id":"https:\/\/procurandooque.com.br\/marketplace\/produto\/mouse-movitec-optico\/#primaryimage"},"image":{"@id":"https:\/\/procurandooque.com.br\/marketplace\/produto\/mouse-movitec-optico\/#primaryimage"},"thumbnailUrl":"https:\/\/procurandooque.com.br\/marketplace\/wp-content\/uploads\/2022\/09\/1.png","datePublished":"2022-09-12T01:58:51+00:00","dateModified":"2024-03-05T01:30:56+00:00","description":"Este \u00e9 o mouse \u00f3ptico com fio da Movitec! O modelo OMFC-01 tem 3 bot\u00f5es com design compacto e ergon\u00f4mico que proporciona a melhor experi\u00eancia de uso.","breadcrumb":{"@id":"https:\/\/procurandooque.com.br\/marketplace\/produto\/mouse-movitec-optico\/#breadcrumb"},"inLanguage":"pt-BR","potentialAction":[{"@type":"ReadAction","target":["https:\/\/procurandooque.com.br\/marketplace\/produto\/mouse-movitec-optico\/"]}]},{"@type":"ImageObject","inLanguage":"pt-BR","@id":"https:\/\/procurandooque.com.br\/marketplace\/produto\/mouse-movitec-optico\/#primaryimage","url":"https:\/\/procurandooque.com.br\/marketplace\/wp-content\/uploads\/2022\/09\/1.png","contentUrl":"https:\/\/procurandooque.com.br\/marketplace\/wp-content\/uploads\/2022\/09\/1.png","width":800,"height":800,"caption":"Mouse Movitec \u00d3ptico"},{"@type":"BreadcrumbList","@id":"https:\/\/procurandooque.com.br\/marketplace\/produto\/mouse-movitec-optico\/#breadcrumb","itemListElement":[{"@type":"ListItem","position":1,"name":"In\u00edcio","item":"https:\/\/procurandooque.com.br\/marketplace\/"},{"@type":"ListItem","position":2,"name":"Shop","item":"https:\/\/procurandooque.com.br\/marketplace\/shop\/"},{"@type":"ListItem","position":3,"name":"Mouse Movitec \u00d3ptico 1000DPI 3 Bot\u00f5es"}]},{"@type":"WebSite","@id":"https:\/\/procurandooque.com.br\/marketplace\/#website","url":"https:\/\/procurandooque.com.br\/marketplace\/","name":"Marketplace","description":"Venda e compre tudo em um s\u00f3 lugar para facilitar sua vida para todo Brasil","publisher":{"@id":"https:\/\/procurandooque.com.br\/marketplace\/#organization"},"potentialAction":[{"@type":"SearchAction","target":{"@type":"EntryPoint","urlTemplate":"https:\/\/procurandooque.com.br\/marketplace\/?s={search_term_string}"},"query-input":{"@type":"PropertyValueSpecification","valueRequired":true,"valueName":"search_term_string"}}],"inLanguage":"pt-BR"},{"@type":"Organization","@id":"https:\/\/procurandooque.com.br\/marketplace\/#organization","name":"Marketplace","url":"https:\/\/procurandooque.com.br\/marketplace\/","logo":{"@type":"ImageObject","inLanguage":"pt-BR","@id":"https:\/\/procurandooque.com.br\/marketplace\/#\/schema\/logo\/image\/","url":"https:\/\/procurandooque.com.br\/marketplace\/wp-content\/uploads\/2022\/09\/Logo-200-\u00d7-40-px.png","contentUrl":"https:\/\/procurandooque.com.br\/marketplace\/wp-content\/uploads\/2022\/09\/Logo-200-\u00d7-40-px.png","width":200,"height":40,"caption":"Marketplace"},"image":{"@id":"https:\/\/procurandooque.com.br\/marketplace\/#\/schema\/logo\/image\/"}}]}},"brands":[{"id":529,"name":"PontoCom Inform\u00e1tica","slug":"pontocom-informatica"}],"_links":{"self":[{"href":"https:\/\/procurandooque.com.br\/marketplace\/wp-json\/wp\/v2\/product\/4101","targetHints":{"allow":["GET"]}}],"collection":[{"href":"https:\/\/procurandooque.com.br\/marketplace\/wp-json\/wp\/v2\/product"}],"about":[{"href":"https:\/\/procurandooque.com.br\/marketplace\/wp-json\/wp\/v2\/types\/product"}],"replies":[{"embeddable":true,"href":"https:\/\/procurandooque.com.br\/marketplace\/wp-json\/wp\/v2\/comments?post=4101"}],"wp:featuredmedia":[{"embeddable":true,"href":"https:\/\/procurandooque.com.br\/marketplace\/wp-json\/wp\/v2\/media\/4102"}],"wp:attachment":[{"href":"https:\/\/procurandooque.com.br\/marketplace\/wp-json\/wp\/v2\/media?parent=4101"}],"wp:term":[{"taxonomy":"pwb-brand","embeddable":true,"href":"https:\/\/procurandooque.com.br\/marketplace\/wp-json\/wp\/v2\/pwb-brand?post=4101"},{"taxonomy":"product_brand","embeddable":true,"href":"https:\/\/procurandooque.com.br\/marketplace\/wp-json\/wp\/v2\/product_brand?post=4101"},{"taxonomy":"product_cat","embeddable":true,"href":"https:\/\/procurandooque.com.br\/marketplace\/wp-json\/wp\/v2\/product_cat?post=4101"},{"taxonomy":"product_tag","embeddable":true,"href":"https:\/\/procurandooque.com.br\/marketplace\/wp-json\/wp\/v2\/product_tag?post=4101"}],"curies":[{"name":"wp","href":"https:\/\/api.w.org\/{rel}","templated":true}]}}