{"id":3997,"date":"2022-09-10T21:16:24","date_gmt":"2022-09-10T21:16:24","guid":{"rendered":"https:\/\/procurandooque.com.br\/marketplace\/?page_id=3997"},"modified":"2022-09-10T21:16:26","modified_gmt":"2022-09-10T21:16:26","slug":"regras-para-venda","status":"publish","type":"page","link":"https:\/\/procurandooque.com.br\/marketplace\/regras-para-venda\/","title":{"rendered":"Regras para venda"},"content":{"rendered":"\n<p>As regras abaixo foram criadas para ajud\u00e1-lo na publica\u00e7\u00e3o de vendas de boa qualidade e com relev\u00e2ncia para compradores e interessados.<\/p>\n\n\n\n<p><strong>Vendas particular ou empresa<\/strong><\/p>\n\n\n\n<p>Todos os itens e servi\u00e7os e vendas anunciados devem ser de propriedade do vendedor.<\/p>\n\n\n\n<p><strong>Conte\u00fado do vendedor <\/strong><\/p>\n\n\n\n<p>O t\u00edtulo e a descri\u00e7\u00e3o da venda devem descrever somente o produto e\/ou servi\u00e7o anunciado.<\/p>\n\n\n\n<p>N\u00e3o s\u00e3o permitidos an\u00fancios e\/ou imagens que:<\/p>\n\n\n\n<ul class=\"wp-block-list\"><li>Palavras de localiza\u00e7\u00e3o que n\u00e3o est\u00e1 no Estado selecionado<\/li><li>Contenham links que n\u00e3o est\u00e3o diretamente relacionados ao an\u00fancio.<\/li><li>Utilizem motivos pessoais ou de car\u00e1ter \u00edntimo com objetivo de arrecada\u00e7\u00e3o de dinheiro.<\/li><li>Caracterizem c\u00f3pia de t\u00edtulos ou descri\u00e7\u00e3o de outros an\u00fancios;<\/li><li>Possam ser percebidos como ofensivos e\/ou discriminat\u00f3rias a indiv\u00edduos, grupos \u00e9tnicos, religiosos, figuras p\u00fablicas, etc.<\/li><\/ul>\n\n\n\n<p>Permitimos apenas vendas no idioma Portugu\u00eas.<\/p>\n\n\n\n<p><strong>Imagens<\/strong><\/p>\n\n\n\n<p>As imagens dos produtos e servi\u00e7os devem ser relevantes ao produto ou servi\u00e7o anunciado;<\/p>\n\n\n\n<p>N\u00e3o \u00e9 permitido utilizar:<\/p>\n\n\n\n<ul class=\"wp-block-list\"><li>Imagens de outros vendedores e empresas sem a autoriza\u00e7\u00e3o expressa dos mesmos.<\/li><\/ul>\n\n\n\n<p><strong>Ofertas irreais<\/strong><\/p>\n\n\n\n<p>Vendas n\u00e3o realistas poder\u00e3o ser removidos a crit\u00e9rio da Plataforma.<\/p>\n\n\n\n<p>A plataforma n\u00e3o realiza venda ou transa\u00e7\u00e3o de pagamento, os valores informados pelo anunciante \u00e9 somente um exemplo e toda a negocia\u00e7\u00e3o \u00e9 diretamente com o anunciante\/vendedor.<\/p>\n\n\n\n<ul class=\"wp-block-list\"><li>O anunciante dever\u00e1 preencher o campo \u201cpre\u00e7o\u201d com o valor total do produto ou deix\u00e1-lo em branco quando for negoci\u00e1vel;<\/li><\/ul>\n\n\n\n<p><strong>Aten\u00e7\u00e3o<\/strong>&nbsp;<\/p>\n\n\n\n<p>Os vendedores que descumprirem as regras\u00a0<strong>ser\u00e3o removidos da Plataforma<\/strong>, sem direito a reembolso do valor.<\/p>\n","protected":false},"excerpt":{"rendered":"<p>As regras abaixo foram criadas para ajud\u00e1-lo na publica\u00e7\u00e3o de vendas de boa qualidade e com relev\u00e2ncia para compradores e [&hellip;]<\/p>\n","protected":false},"author":1,"featured_media":0,"parent":0,"menu_order":0,"comment_status":"closed","ping_status":"closed","template":"","meta":{"_monsterinsights_skip_tracking":false,"_monsterinsights_sitenote_active":false,"_monsterinsights_sitenote_note":"","_monsterinsights_sitenote_category":0,"site-sidebar-layout":"default","site-content-layout":"","ast-site-content-layout":"","site-content-style":"default","site-sidebar-style":"default","ast-global-header-display":"","ast-banner-title-visibility":"","ast-main-header-display":"","ast-hfb-above-header-display":"","ast-hfb-below-header-display":"","ast-hfb-mobile-header-display":"","site-post-title":"","ast-breadcrumbs-content":"","ast-featured-img":"","footer-sml-layout":"","theme-transparent-header-meta":"","adv-header-id-meta":"","stick-header-meta":"","header-above-stick-meta":"","header-main-stick-meta":"","header-below-stick-meta":"","astra-migrate-meta-layouts":"default","ast-page-background-enabled":"default","ast-page-background-meta":{"desktop":{"background-color":"","background-image":"","background-repeat":"repeat","background-position":"center center","background-size":"auto","background-attachment":"scroll","background-type":"","background-media":"","overlay-type":"","overlay-color":"","overlay-opacity":"","overlay-gradient":""},"tablet":{"background-color":"","background-image":"","background-repeat":"repeat","background-position":"center center","background-size":"auto","background-attachment":"scroll","background-type":"","background-media":"","overlay-type":"","overlay-color":"","overlay-opacity":"","overlay-gradient":""},"mobile":{"background-color":"","background-image":"","background-repeat":"repeat","background-position":"center center","background-size":"auto","background-attachment":"scroll","background-type":"","background-media":"","overlay-type":"","overlay-color":"","overlay-opacity":"","overlay-gradient":""}},"ast-content-background-meta":{"desktop":{"background-color":"var(--ast-global-color-5)","background-image":"","background-repeat":"repeat","background-position":"center center","background-size":"auto","background-attachment":"scroll","background-type":"","background-media":"","overlay-type":"","overlay-color":"","overlay-opacity":"","overlay-gradient":""},"tablet":{"background-color":"var(--ast-global-color-5)","background-image":"","background-repeat":"repeat","background-position":"center center","background-size":"auto","background-attachment":"scroll","background-type":"","background-media":"","overlay-type":"","overlay-color":"","overlay-opacity":"","overlay-gradient":""},"mobile":{"background-color":"var(--ast-global-color-5)","background-image":"","background-repeat":"repeat","background-position":"center center","background-size":"auto","background-attachment":"scroll","background-type":"","background-media":"","overlay-type":"","overlay-color":"","overlay-opacity":"","overlay-gradient":""}},"_joinchat":[],"footnotes":""},"class_list":["post-3997","page","type-page","status-publish","hentry"],"yoast_head":"<!-- This site is optimized with the Yoast SEO plugin v27.2 - https:\/\/yoast.com\/product\/yoast-seo-wordpress\/ -->\n<title>Regras para venda - Marketplace<\/title>\n<meta name=\"robots\" content=\"index, follow, max-snippet:-1, max-image-preview:large, max-video-preview:-1\" \/>\n<link rel=\"canonical\" href=\"https:\/\/procurandooque.com.br\/marketplace\/regras-para-venda\/\" \/>\n<meta property=\"og:locale\" content=\"pt_BR\" \/>\n<meta property=\"og:type\" content=\"article\" \/>\n<meta property=\"og:title\" content=\"Regras para venda - Marketplace\" \/>\n<meta property=\"og:description\" content=\"As regras abaixo foram criadas para ajud\u00e1-lo na publica\u00e7\u00e3o de vendas de boa qualidade e com relev\u00e2ncia para compradores e [&hellip;]\" \/>\n<meta property=\"og:url\" content=\"https:\/\/procurandooque.com.br\/marketplace\/regras-para-venda\/\" \/>\n<meta property=\"og:site_name\" content=\"Marketplace\" \/>\n<meta property=\"article:modified_time\" content=\"2022-09-10T21:16:26+00:00\" \/>\n<meta name=\"twitter:card\" content=\"summary_large_image\" \/>\n<meta name=\"twitter:label1\" content=\"Est. tempo de leitura\" \/>\n\t<meta name=\"twitter:data1\" content=\"2 minutos\" \/>\n<script type=\"application\/ld+json\" class=\"yoast-schema-graph\">{\"@context\":\"https:\/\/schema.org\",\"@graph\":[{\"@type\":\"WebPage\",\"@id\":\"https:\/\/procurandooque.com.br\/marketplace\/regras-para-venda\/\",\"url\":\"https:\/\/procurandooque.com.br\/marketplace\/regras-para-venda\/\",\"name\":\"Regras para venda - Marketplace\",\"isPartOf\":{\"@id\":\"https:\/\/procurandooque.com.br\/marketplace\/#website\"},\"datePublished\":\"2022-09-10T21:16:24+00:00\",\"dateModified\":\"2022-09-10T21:16:26+00:00\",\"breadcrumb\":{\"@id\":\"https:\/\/procurandooque.com.br\/marketplace\/regras-para-venda\/#breadcrumb\"},\"inLanguage\":\"pt-BR\",\"potentialAction\":[{\"@type\":\"ReadAction\",\"target\":[\"https:\/\/procurandooque.com.br\/marketplace\/regras-para-venda\/\"]}]},{\"@type\":\"BreadcrumbList\",\"@id\":\"https:\/\/procurandooque.com.br\/marketplace\/regras-para-venda\/#breadcrumb\",\"itemListElement\":[{\"@type\":\"ListItem\",\"position\":1,\"name\":\"In\u00edcio\",\"item\":\"https:\/\/procurandooque.com.br\/marketplace\/\"},{\"@type\":\"ListItem\",\"position\":2,\"name\":\"Regras para venda\"}]},{\"@type\":\"WebSite\",\"@id\":\"https:\/\/procurandooque.com.br\/marketplace\/#website\",\"url\":\"https:\/\/procurandooque.com.br\/marketplace\/\",\"name\":\"Marketplace\",\"description\":\"Venda e compre tudo em um s\u00f3 lugar para facilitar sua vida para todo Brasil\",\"publisher\":{\"@id\":\"https:\/\/procurandooque.com.br\/marketplace\/#organization\"},\"potentialAction\":[{\"@type\":\"SearchAction\",\"target\":{\"@type\":\"EntryPoint\",\"urlTemplate\":\"https:\/\/procurandooque.com.br\/marketplace\/?s={search_term_string}\"},\"query-input\":{\"@type\":\"PropertyValueSpecification\",\"valueRequired\":true,\"valueName\":\"search_term_string\"}}],\"inLanguage\":\"pt-BR\"},{\"@type\":\"Organization\",\"@id\":\"https:\/\/procurandooque.com.br\/marketplace\/#organization\",\"name\":\"Marketplace\",\"url\":\"https:\/\/procurandooque.com.br\/marketplace\/\",\"logo\":{\"@type\":\"ImageObject\",\"inLanguage\":\"pt-BR\",\"@id\":\"https:\/\/procurandooque.com.br\/marketplace\/#\/schema\/logo\/image\/\",\"url\":\"https:\/\/procurandooque.com.br\/marketplace\/wp-content\/uploads\/2022\/09\/Logo-200-\u00d7-40-px.png\",\"contentUrl\":\"https:\/\/procurandooque.com.br\/marketplace\/wp-content\/uploads\/2022\/09\/Logo-200-\u00d7-40-px.png\",\"width\":200,\"height\":40,\"caption\":\"Marketplace\"},\"image\":{\"@id\":\"https:\/\/procurandooque.com.br\/marketplace\/#\/schema\/logo\/image\/\"}}]}<\/script>\n<!-- \/ Yoast SEO plugin. -->","yoast_head_json":{"title":"Regras para venda - Marketplace","robots":{"index":"index","follow":"follow","max-snippet":"max-snippet:-1","max-image-preview":"max-image-preview:large","max-video-preview":"max-video-preview:-1"},"canonical":"https:\/\/procurandooque.com.br\/marketplace\/regras-para-venda\/","og_locale":"pt_BR","og_type":"article","og_title":"Regras para venda - Marketplace","og_description":"As regras abaixo foram criadas para ajud\u00e1-lo na publica\u00e7\u00e3o de vendas de boa qualidade e com relev\u00e2ncia para compradores e [&hellip;]","og_url":"https:\/\/procurandooque.com.br\/marketplace\/regras-para-venda\/","og_site_name":"Marketplace","article_modified_time":"2022-09-10T21:16:26+00:00","twitter_card":"summary_large_image","twitter_misc":{"Est. tempo de leitura":"2 minutos"},"schema":{"@context":"https:\/\/schema.org","@graph":[{"@type":"WebPage","@id":"https:\/\/procurandooque.com.br\/marketplace\/regras-para-venda\/","url":"https:\/\/procurandooque.com.br\/marketplace\/regras-para-venda\/","name":"Regras para venda - Marketplace","isPartOf":{"@id":"https:\/\/procurandooque.com.br\/marketplace\/#website"},"datePublished":"2022-09-10T21:16:24+00:00","dateModified":"2022-09-10T21:16:26+00:00","breadcrumb":{"@id":"https:\/\/procurandooque.com.br\/marketplace\/regras-para-venda\/#breadcrumb"},"inLanguage":"pt-BR","potentialAction":[{"@type":"ReadAction","target":["https:\/\/procurandooque.com.br\/marketplace\/regras-para-venda\/"]}]},{"@type":"BreadcrumbList","@id":"https:\/\/procurandooque.com.br\/marketplace\/regras-para-venda\/#breadcrumb","itemListElement":[{"@type":"ListItem","position":1,"name":"In\u00edcio","item":"https:\/\/procurandooque.com.br\/marketplace\/"},{"@type":"ListItem","position":2,"name":"Regras para venda"}]},{"@type":"WebSite","@id":"https:\/\/procurandooque.com.br\/marketplace\/#website","url":"https:\/\/procurandooque.com.br\/marketplace\/","name":"Marketplace","description":"Venda e compre tudo em um s\u00f3 lugar para facilitar sua vida para todo Brasil","publisher":{"@id":"https:\/\/procurandooque.com.br\/marketplace\/#organization"},"potentialAction":[{"@type":"SearchAction","target":{"@type":"EntryPoint","urlTemplate":"https:\/\/procurandooque.com.br\/marketplace\/?s={search_term_string}"},"query-input":{"@type":"PropertyValueSpecification","valueRequired":true,"valueName":"search_term_string"}}],"inLanguage":"pt-BR"},{"@type":"Organization","@id":"https:\/\/procurandooque.com.br\/marketplace\/#organization","name":"Marketplace","url":"https:\/\/procurandooque.com.br\/marketplace\/","logo":{"@type":"ImageObject","inLanguage":"pt-BR","@id":"https:\/\/procurandooque.com.br\/marketplace\/#\/schema\/logo\/image\/","url":"https:\/\/procurandooque.com.br\/marketplace\/wp-content\/uploads\/2022\/09\/Logo-200-\u00d7-40-px.png","contentUrl":"https:\/\/procurandooque.com.br\/marketplace\/wp-content\/uploads\/2022\/09\/Logo-200-\u00d7-40-px.png","width":200,"height":40,"caption":"Marketplace"},"image":{"@id":"https:\/\/procurandooque.com.br\/marketplace\/#\/schema\/logo\/image\/"}}]}},"_links":{"self":[{"href":"https:\/\/procurandooque.com.br\/marketplace\/wp-json\/wp\/v2\/pages\/3997","targetHints":{"allow":["GET"]}}],"collection":[{"href":"https:\/\/procurandooque.com.br\/marketplace\/wp-json\/wp\/v2\/pages"}],"about":[{"href":"https:\/\/procurandooque.com.br\/marketplace\/wp-json\/wp\/v2\/types\/page"}],"author":[{"embeddable":true,"href":"https:\/\/procurandooque.com.br\/marketplace\/wp-json\/wp\/v2\/users\/1"}],"replies":[{"embeddable":true,"href":"https:\/\/procurandooque.com.br\/marketplace\/wp-json\/wp\/v2\/comments?post=3997"}],"version-history":[{"count":1,"href":"https:\/\/procurandooque.com.br\/marketplace\/wp-json\/wp\/v2\/pages\/3997\/revisions"}],"predecessor-version":[{"id":3999,"href":"https:\/\/procurandooque.com.br\/marketplace\/wp-json\/wp\/v2\/pages\/3997\/revisions\/3999"}],"wp:attachment":[{"href":"https:\/\/procurandooque.com.br\/marketplace\/wp-json\/wp\/v2\/media?parent=3997"}],"curies":[{"name":"wp","href":"https:\/\/api.w.org\/{rel}","templated":true}]}}