{"id":1390,"date":"2024-07-13T14:35:24","date_gmt":"2024-07-13T17:35:24","guid":{"rendered":"https:\/\/procurandooque.com.br\/ebook\/?post_type=product&#038;p=1390"},"modified":"2024-07-14T15:55:12","modified_gmt":"2024-07-14T18:55:12","slug":"9-licoes-para-o-sucesso","status":"publish","type":"product","link":"https:\/\/procurandooque.com.br\/ebook\/produto\/9-licoes-para-o-sucesso\/","title":{"rendered":"9 Li\u00e7\u00f5es para o sucesso"},"content":{"rendered":"<h2 style=\"text-align: center;\">9 Li\u00e7\u00f5es para o sucesso<\/h2>\n<p>Aqui est\u00e3o alguns pontos sobre a import\u00e2ncia do curso:<\/p>\n<ol>\n<li><strong>Inspira\u00e7\u00e3o e Motiva\u00e7\u00e3o<\/strong>: Muitas vezes, precisamos de um empurr\u00e3ozinho extra para alcan\u00e7ar nossos objetivos. V\u00eddeos motivacionais podem nos inspirar a continuar, mesmo quando os tempos s\u00e3o dif\u00edceis.<\/li>\n<li><strong>Supera\u00e7\u00e3o de Desafios<\/strong>: Ao ver hist\u00f3rias de supera\u00e7\u00e3o, podemos encontrar a for\u00e7a necess\u00e1ria para enfrentar nossos pr\u00f3prios obst\u00e1culos. Esses v\u00eddeos mostram que \u00e9 poss\u00edvel superar adversidades com perseveran\u00e7a e determina\u00e7\u00e3o.<\/li>\n<li><strong>Desenvolvimento Pessoal<\/strong>: V\u00eddeos motivacionais frequentemente abordam temas como autoconfian\u00e7a, autodisciplina e crescimento pessoal. Eles podem nos ajudar a desenvolver habilidades e a melhorar como indiv\u00edduos.<\/li>\n<li><strong>Perspectiva Positiva<\/strong>: A positividade \u00e9 contagiosa. Assistir a v\u00eddeos que enfatizam o pensamento positivo pode nos ajudar a manter uma atitude otimista em rela\u00e7\u00e3o \u00e0 vida e ao trabalho.<\/li>\n<li><strong>Aprendizado Cont\u00ednuo<\/strong>: Muitos v\u00eddeos motivacionais incluem conselhos pr\u00e1ticos e ensinamentos de especialistas. Eles podem ser uma fonte valiosa de aprendizado cont\u00ednuo e desenvolvimento profissional.<\/li>\n<li><strong>Motiva\u00e7\u00e3o no Trabalho<\/strong>: No ambiente de trabalho, v\u00eddeos motivacionais podem ajudar a aumentar a moral da equipe, promover a colabora\u00e7\u00e3o e melhorar a produtividade. Eles podem ser usados em reuni\u00f5es, treinamentos e workshops.<\/li>\n<li><strong>Resili\u00eancia Emocional<\/strong>: Assistir a conte\u00fados que refor\u00e7am a resili\u00eancia pode nos preparar melhor para lidar com o estresse e as press\u00f5es di\u00e1rias.<\/li>\n<\/ol>\n<p>Portanto, incorporar, texto, \u00e1udios ou v\u00eddeos motivacionais na rotina di\u00e1ria pode trazer in\u00fameros benef\u00edcios, ajudando-nos a alcan\u00e7ar nossos objetivos e a viver de maneira mais plena e satisfat\u00f3ria.<\/p>\n<h2 style=\"text-align: center;\">Lista de nossa abordagem com 9 Li\u00e7\u00f5es<\/h2>\n<ul>\n<li>01. Nunca \u00e9 uma perda; sempre uma li\u00e7\u00e3o ou vit\u00f3ria<\/li>\n<li>02. Quem \u00e9 mestre em desculpas, n\u00e3o \u00e9 mestre em mais nada<\/li>\n<li>03. Suas escolhas definem seu futuro<\/li>\n<li>04. \u00c9 melhor fazer do que esperar pela perfei\u00e7\u00e3o<\/li>\n<li>05. Preciso aprender com os erros, evitando repeti-los<\/li>\n<li>06. Realize primeiro, conte depois<\/li>\n<li>07. Regularidade supera a intensidade<\/li>\n<li>08. A\u00e7\u00e3o gera transforma\u00e7\u00e3o<\/li>\n<li>09. Pequenos passos criam grandes mudan\u00e7as<\/li>\n<\/ul>\n","protected":false},"excerpt":{"rendered":"<p>Adquira seu ebook agora. N\u00e3o perca essa oportunidade! Invista em voc\u00ea e transforme sua vida com as &#8220;9 Li\u00e7\u00f5es para o Sucesso&#8221;.<\/p>\n<ul>\n<li>01. Nunca \u00e9 uma perda; sempre uma li\u00e7\u00e3o ou vit\u00f3ria<\/li>\n<li>02. Quem \u00e9 mestre em desculpas, n\u00e3o \u00e9 mestre em mais nada<\/li>\n<li>03. Suas escolhas definem seu futuro<\/li>\n<li>04. \u00c9 melhor fazer do que esperar pela perfei\u00e7\u00e3o<\/li>\n<li>05. Preciso aprender com os erros, evitando repeti-los<\/li>\n<li>06. Realize primeiro, conte depois<\/li>\n<li>07. Regularidade supera a intensidade<\/li>\n<li>08. A\u00e7\u00e3o gera transforma\u00e7\u00e3o<\/li>\n<li>09. Pequenos passos criam grandes mudan\u00e7as<\/li>\n<\/ul>\n","protected":false},"featured_media":1392,"comment_status":"open","ping_status":"closed","template":"","meta":{"_monsterinsights_skip_tracking":false,"_monsterinsights_sitenote_active":false,"_monsterinsights_sitenote_note":"","_monsterinsights_sitenote_category":0,"_kadence_starter_templates_imported_post":false,"_kad_post_transparent":"default","_kad_post_title":"","_kad_post_layout":"default","_kad_post_sidebar_id":"","_kad_post_content_style":"default","_kad_post_vertical_padding":"default","_kad_post_feature":"","_kad_post_feature_position":"","_kad_post_header":false,"_kad_post_footer":false},"product_brand":[],"product_cat":[16,38,28],"product_tag":[],"class_list":{"0":"post-1390","1":"product","2":"type-product","3":"status-publish","4":"has-post-thumbnail","6":"product_cat-produto-digital","7":"product_cat-biblico","8":"product_cat-saude-mental","10":"first","11":"instock","12":"sale","13":"downloadable","14":"shipping-taxable","15":"purchasable","16":"product-type-simple","17":"entry","18":"content-bg","19":"loop-entry"},"_links":{"self":[{"href":"https:\/\/procurandooque.com.br\/ebook\/wp-json\/wp\/v2\/product\/1390","targetHints":{"allow":["GET"]}}],"collection":[{"href":"https:\/\/procurandooque.com.br\/ebook\/wp-json\/wp\/v2\/product"}],"about":[{"href":"https:\/\/procurandooque.com.br\/ebook\/wp-json\/wp\/v2\/types\/product"}],"replies":[{"embeddable":true,"href":"https:\/\/procurandooque.com.br\/ebook\/wp-json\/wp\/v2\/comments?post=1390"}],"wp:featuredmedia":[{"embeddable":true,"href":"https:\/\/procurandooque.com.br\/ebook\/wp-json\/wp\/v2\/media\/1392"}],"wp:attachment":[{"href":"https:\/\/procurandooque.com.br\/ebook\/wp-json\/wp\/v2\/media?parent=1390"}],"wp:term":[{"taxonomy":"product_brand","embeddable":true,"href":"https:\/\/procurandooque.com.br\/ebook\/wp-json\/wp\/v2\/product_brand?post=1390"},{"taxonomy":"product_cat","embeddable":true,"href":"https:\/\/procurandooque.com.br\/ebook\/wp-json\/wp\/v2\/product_cat?post=1390"},{"taxonomy":"product_tag","embeddable":true,"href":"https:\/\/procurandooque.com.br\/ebook\/wp-json\/wp\/v2\/product_tag?post=1390"}],"curies":[{"name":"wp","href":"https:\/\/api.w.org\/{rel}","templated":true}]}}