{"id":1341,"date":"2023-06-16T15:14:21","date_gmt":"2023-06-16T18:14:21","guid":{"rendered":"https:\/\/procurandooque.com.br\/ebook\/?post_type=product&#038;p=1341"},"modified":"2024-02-15T23:47:15","modified_gmt":"2024-02-16T02:47:15","slug":"ebook-uma-introducao-a-biblia-sagrada","status":"publish","type":"product","link":"https:\/\/procurandooque.com.br\/ebook\/produto\/ebook-uma-introducao-a-biblia-sagrada\/","title":{"rendered":"Ebook Uma Introdu\u00e7\u00e3o \u00e0 B\u00edblia Sagrada"},"content":{"rendered":"<h2 style=\"text-align: center;\"><strong>Ebook &#8220;<\/strong><strong>Uma Introdu\u00e7\u00e3o \u00e0 B\u00edblia Sagrada&#8221;<\/strong><\/h2>\n<p>Voc\u00ea ter\u00e1 acesso a um guia sobre a B\u00edblia, desde sua hist\u00f3ria at\u00e9 a aplica\u00e7\u00e3o de suas mensagens na vida di\u00e1ria. Com 09 cap\u00edtulos abrangentes, o livro em PDF cont\u00e9m 112 p\u00e1ginas abordando os t\u00f3picos abaixo. Al\u00e9m disso, organizamo um quiz com perguntas sobre cada abordagem b\u00edblica de acordo com cada cap\u00edtulo, o que enriquecer\u00e1 seu aprendizado b\u00edblico e teol\u00f3gico.<\/p>\n<p><img fetchpriority=\"high\" decoding=\"async\" class=\"size-medium wp-image-1344 aligncenter\" src=\"https:\/\/procurandooque.com.br\/ebook\/wp-content\/uploads\/2023\/06\/E-book-Uma-introducao-a-Biblia-Sagrada3-300x188.png\" alt=\"\" width=\"300\" height=\"188\" srcset=\"https:\/\/procurandooque.com.br\/ebook\/wp-content\/uploads\/2023\/06\/E-book-Uma-introducao-a-Biblia-Sagrada3-300x188.png 300w, https:\/\/procurandooque.com.br\/ebook\/wp-content\/uploads\/2023\/06\/E-book-Uma-introducao-a-Biblia-Sagrada3-1024x640.png 1024w, https:\/\/procurandooque.com.br\/ebook\/wp-content\/uploads\/2023\/06\/E-book-Uma-introducao-a-Biblia-Sagrada3-768x480.png 768w, https:\/\/procurandooque.com.br\/ebook\/wp-content\/uploads\/2023\/06\/E-book-Uma-introducao-a-Biblia-Sagrada3-1536x960.png 1536w, https:\/\/procurandooque.com.br\/ebook\/wp-content\/uploads\/2023\/06\/E-book-Uma-introducao-a-Biblia-Sagrada3-600x375.png 600w, https:\/\/procurandooque.com.br\/ebook\/wp-content\/uploads\/2023\/06\/E-book-Uma-introducao-a-Biblia-Sagrada3.png 1595w\" sizes=\"(max-width: 300px) 100vw, 300px\" \/><\/p>\n<p><strong>Cap\u00edtulo 1: Introdu\u00e7\u00e3o<\/strong><\/p>\n<ul>\n<li>Apresenta\u00e7\u00e3o do livro e seu prop\u00f3sito<\/li>\n<li>Breve hist\u00f3ria da B\u00edblia Sagrada<\/li>\n<\/ul>\n<p><strong>Cap\u00edtulo 2: Como a b\u00edblia chegou at\u00e9 nos?<\/strong><\/p>\n<ul>\n<li>Revela\u00e7\u00e3o<\/li>\n<li>Inspira\u00e7\u00e3o<\/li>\n<li>Inerr\u00e2ncia<\/li>\n<\/ul>\n<p><strong>Cap\u00edtulo 3: Compreendendo a B\u00edblia Sagrada<\/strong><\/p>\n<ul>\n<li>A estrutura da B\u00edblia: Antigo e Novo Testamento<\/li>\n<li>Os diferentes livros da B\u00edblia: g\u00eaneros liter\u00e1rios e estilos de escrita<\/li>\n<li>A import\u00e2ncia da B\u00edblia para crist\u00e3os e judeus<\/li>\n<\/ul>\n<p><strong>Cap\u00edtulo 4: O Antigo Testamento<\/strong><\/p>\n<ul>\n<li>A cria\u00e7\u00e3o do mundo e a hist\u00f3ria do povo de Israel<\/li>\n<li>O pentateuco: G\u00eanesis, \u00caxodo, Lev\u00edtico, N\u00fameros e Deuteron\u00f4mio<\/li>\n<li>Os livros hist\u00f3ricos: Josu\u00e9, Ju\u00edzes, Rute, Samuel, Reis, Cr\u00f4nicas, Esdras e Neemias<\/li>\n<li>Os livros po\u00e9ticos e sapienciais: Salmos, Prov\u00e9rbios, Eclesiastes, C\u00e2ntico dos C\u00e2nticos e J\u00f3<\/li>\n<li>Os profetas: Isa\u00edas, Jeremias, Lamenta\u00e7\u00f5es, Ezequiel e os Doze Profetas Menores<\/li>\n<\/ul>\n<p><strong>Cap\u00edtulo 5: O Novo Testamento<\/strong><\/p>\n<ul>\n<li>A vida de Jesus Cristo e os Evangelhos: Mateus, Marcos, Lucas e Jo\u00e3o<\/li>\n<li>Os Atos dos Ap\u00f3stolos e a hist\u00f3ria da igreja primitiva<\/li>\n<li>As cartas de Paulo: Romanos, Cor\u00edntios, G\u00e1latas, Ef\u00e9sios, Filipenses, Colossenses, Tessalonicenses, Tim\u00f3teo, Tito e Filemon<\/li>\n<li>As cartas gerais: Hebreus, Tiago, Pedro, Jo\u00e3o e Judas<\/li>\n<li>O Apocalipse: profecias sobre o fim dos tempos<\/li>\n<\/ul>\n<p><strong>Cap\u00edtulo 6: Interpreta\u00e7\u00e3o da B\u00edblia<\/strong><\/p>\n<ul>\n<li>Diferentes abordagens para a interpreta\u00e7\u00e3o da B\u00edblia<\/li>\n<li>A import\u00e2ncia da interpreta\u00e7\u00e3o correta para uma compreens\u00e3o adequada da mensagem da B\u00edblia<\/li>\n<\/ul>\n<p><strong>Cap\u00edtulo 7: Aplica\u00e7\u00e3o da B\u00edblia<\/strong><\/p>\n<ul>\n<li>A relev\u00e2ncia da B\u00edblia para a vida di\u00e1ria<\/li>\n<li>Como aplicar as mensagens da B\u00edblia em diferentes \u00e1reas da vida: fam\u00edlia, trabalho, finan\u00e7as, relacionamentos, etc.<\/li>\n<\/ul>\n<p><strong>Cap\u00edtulo 8: 3 Passos para descobrir o tema do texto B\u00edblico..90<\/strong><\/p>\n<ul>\n<li>Leia o texto<\/li>\n<li>Observe o texto.<\/li>\n<li>Fa\u00e7a anota\u00e7\u00f5es sobre o texto<\/li>\n<\/ul>\n<p><strong>Cap\u00edtulo 9: Considera\u00e7\u00f5es Finais<\/strong><\/p>\n<ul>\n<li>Recapitula\u00e7\u00e3o dos principais pontos do livroParte superior do formul\u00e1rio<\/li>\n<li>Import\u00e2ncia da B\u00edblia para a vida espiritual e pessoal.<\/li>\n<\/ul>\n<p><strong>Respostas dos Quis<\/strong><\/p>\n<p><strong>Refer\u00eancias<\/strong><\/p>\n<p>Este ebook \u00e9 uma excelente fonte de conhecimento para estudantes, professores, l\u00edderes religiosos e leitores em geral. Com ele, voc\u00ea ir\u00e1 explorar os principais temas da B\u00edblia e descobrir como eles s\u00e3o relevantes para a vida moderna. Seja voc\u00ea um leitor iniciante ou experiente, este ebook \u00e9 uma introdu\u00e7\u00e3o abrangente \u00e0 B\u00edblia Sagrada que vai enriquecer sua vida e sua compreens\u00e3o da hist\u00f3ria e cultura humanas.<\/p>\n<p>Adquir\u00e1 j\u00e1!<\/p>\n<p><a href=\"https:\/\/procurandooque.com.br\/ebook\/?post_type=product&amp;p=1341&amp;preview=true\"><img decoding=\"async\" class=\"size-medium wp-image-1343 aligncenter\" src=\"https:\/\/procurandooque.com.br\/ebook\/wp-content\/uploads\/2023\/06\/ebook-uma-introducao-a-biblia-sagrada-300x230.png\" alt=\"ebook-uma-introducao-a-biblia-sagrada\" width=\"300\" height=\"230\" srcset=\"https:\/\/procurandooque.com.br\/ebook\/wp-content\/uploads\/2023\/06\/ebook-uma-introducao-a-biblia-sagrada-300x230.png 300w, https:\/\/procurandooque.com.br\/ebook\/wp-content\/uploads\/2023\/06\/ebook-uma-introducao-a-biblia-sagrada-1024x785.png 1024w, https:\/\/procurandooque.com.br\/ebook\/wp-content\/uploads\/2023\/06\/ebook-uma-introducao-a-biblia-sagrada-768x589.png 768w, https:\/\/procurandooque.com.br\/ebook\/wp-content\/uploads\/2023\/06\/ebook-uma-introducao-a-biblia-sagrada-600x460.png 600w, https:\/\/procurandooque.com.br\/ebook\/wp-content\/uploads\/2023\/06\/ebook-uma-introducao-a-biblia-sagrada.png 1500w\" sizes=\"(max-width: 300px) 100vw, 300px\" \/><\/a><\/p>\n<p>Deus aben\u00e7\u00f5e em Cristo Jesus!<\/p>\n","protected":false},"excerpt":{"rendered":"<h2 style=\"text-align: center;\"><strong>Ebook:\u00a0<\/strong><strong>\u201cUma Introdu\u00e7\u00e3o \u00e0 B\u00edblia Sagrada\u201d<\/strong><\/h2>\n<p style=\"text-align: center;\">Aprenda tudo sobre a b\u00edblia em 30 dias e tenha em m\u00e3os uma combina\u00e7\u00e3o acess\u00edvel de erudi\u00e7\u00e3o acad\u00eamica para aqueles que est\u00e3o iniciando na leitura da B\u00edblia Sagrada e, tamb\u00e9m para quem j\u00e1 desfruta de seus aben\u00e7oados ensinamentos.<\/p>\n","protected":false},"featured_media":1345,"comment_status":"open","ping_status":"closed","template":"","meta":{"_monsterinsights_skip_tracking":false,"_monsterinsights_sitenote_active":false,"_monsterinsights_sitenote_note":"","_monsterinsights_sitenote_category":0,"_kadence_starter_templates_imported_post":false,"_kad_post_transparent":"default","_kad_post_title":"","_kad_post_layout":"default","_kad_post_sidebar_id":"","_kad_post_content_style":"default","_kad_post_vertical_padding":"default","_kad_post_feature":"","_kad_post_feature_position":"","_kad_post_header":false,"_kad_post_footer":false},"product_brand":[],"product_cat":[38],"product_tag":[49,52,40,48,53,51,50],"class_list":{"0":"post-1341","1":"product","2":"type-product","3":"status-publish","4":"has-post-thumbnail","6":"product_cat-biblico","7":"product_tag-antigo-testamento","8":"product_tag-aplicacao-da-biblia","9":"product_tag-biblia","10":"product_tag-biblia-sagrada","11":"product_tag-estudo-biblico","12":"product_tag-interpretacao-da-biblia","13":"product_tag-novo-testamento","15":"first","16":"instock","17":"downloadable","18":"virtual","19":"purchasable","20":"product-type-simple","21":"entry","22":"content-bg","23":"loop-entry"},"_links":{"self":[{"href":"https:\/\/procurandooque.com.br\/ebook\/wp-json\/wp\/v2\/product\/1341","targetHints":{"allow":["GET"]}}],"collection":[{"href":"https:\/\/procurandooque.com.br\/ebook\/wp-json\/wp\/v2\/product"}],"about":[{"href":"https:\/\/procurandooque.com.br\/ebook\/wp-json\/wp\/v2\/types\/product"}],"replies":[{"embeddable":true,"href":"https:\/\/procurandooque.com.br\/ebook\/wp-json\/wp\/v2\/comments?post=1341"}],"wp:featuredmedia":[{"embeddable":true,"href":"https:\/\/procurandooque.com.br\/ebook\/wp-json\/wp\/v2\/media\/1345"}],"wp:attachment":[{"href":"https:\/\/procurandooque.com.br\/ebook\/wp-json\/wp\/v2\/media?parent=1341"}],"wp:term":[{"taxonomy":"product_brand","embeddable":true,"href":"https:\/\/procurandooque.com.br\/ebook\/wp-json\/wp\/v2\/product_brand?post=1341"},{"taxonomy":"product_cat","embeddable":true,"href":"https:\/\/procurandooque.com.br\/ebook\/wp-json\/wp\/v2\/product_cat?post=1341"},{"taxonomy":"product_tag","embeddable":true,"href":"https:\/\/procurandooque.com.br\/ebook\/wp-json\/wp\/v2\/product_tag?post=1341"}],"curies":[{"name":"wp","href":"https:\/\/api.w.org\/{rel}","templated":true}]}}