{"id":1300,"date":"2022-10-30T21:15:33","date_gmt":"2022-10-31T00:15:33","guid":{"rendered":"https:\/\/procurandooque.com.br\/ebook\/?post_type=product&#038;p=1300"},"modified":"2022-10-30T21:26:40","modified_gmt":"2022-10-31T00:26:40","slug":"mensagem-biblica-volume-02","status":"publish","type":"product","link":"https:\/\/procurandooque.com.br\/ebook\/produto\/mensagem-biblica-volume-02\/","title":{"rendered":"Mensagem B\u00edblica: Volume 02"},"content":{"rendered":"<p><img fetchpriority=\"high\" decoding=\"async\" class=\"size-medium wp-image-1301 alignleft\" src=\"https:\/\/procurandooque.com.br\/ebook\/wp-content\/uploads\/2022\/10\/download-1-300x200.png\" alt=\"\" width=\"300\" height=\"200\" srcset=\"https:\/\/procurandooque.com.br\/ebook\/wp-content\/uploads\/2022\/10\/download-1-300x200.png 300w, https:\/\/procurandooque.com.br\/ebook\/wp-content\/uploads\/2022\/10\/download-1-1024x683.png 1024w, https:\/\/procurandooque.com.br\/ebook\/wp-content\/uploads\/2022\/10\/download-1-768x512.png 768w, https:\/\/procurandooque.com.br\/ebook\/wp-content\/uploads\/2022\/10\/download-1-1536x1024.png 1536w, https:\/\/procurandooque.com.br\/ebook\/wp-content\/uploads\/2022\/10\/download-1-600x400.png 600w, https:\/\/procurandooque.com.br\/ebook\/wp-content\/uploads\/2022\/10\/download-1.png 1600w\" sizes=\"(max-width: 300px) 100vw, 300px\" \/>Nesta cole\u00e7\u00e3o de ebook Mensagem B\u00edblica, volume 2, buscamos conciliar tr\u00eas aspectos da vida crist\u00e3. Bem como, baseado em Esdras 7:10. Logo, no intuito de ajudar outras pessoas a crescerem e amadurecerem em suas vidas espirituais. Afinal, Deus primeiramente trabalha em n\u00f3s. Ent\u00e3o, concedendo-nos a gra\u00e7a de BUSCARMOS em fazer a sua vontade e este \u00e9 o primeiro aspecto. Segundo, levando-nos a CUMPRIR, ou seja, ser obediente a sua vontade para depois, trabalhar atrav\u00e9s de n\u00f3s. Terceiro, ENSINANDO a instruir outros no caminho do Evangelho que conduz a Jesus Cristo.<\/p>\n<p>Ent\u00e3o, buscar a Deus. Certamente, nos conduz a obedec\u00ea-Lo. Bem como, cumprindo a sua vontade. Afinal, \u00e9 boa, perfeita e agrad\u00e1vel. Consequentemente, ajudaremos homens e mulheres a buscar a Deus, obedec\u00ea-lo e, tamb\u00e9m a ensinar.<\/p>\n","protected":false},"excerpt":{"rendered":"<p>Este ebook de Mensagem B\u00edblica \u00e9 nosso segundo volume de comp\u00eandio de nossa experi\u00eancia crist\u00e3. Bem como, ministerial adquirida ao longo de mais de uma d\u00e9cada dedicada ao Senhor Deus em Cristo Jesus na depend\u00eancia do Esp\u00edrito Santo. Al\u00e9m disso, os valores de venda s\u00e3o para ajudar com nosso minist\u00e9rio e a\u00e7\u00f5es sociais que realizamos.<\/p>\n<p>Neste segundo volume, apresentamos 7 Mensagens B\u00edblica que impactar\u00e3o sua vida crist\u00e3. Certamente, pelo leitor se familiarizar com seu conte\u00fado de cunho pastoral, mas tamb\u00e9m teol\u00f3gico. S\u00e3o 28 p\u00e1ginas construidas com muito amor e dedica\u00e7\u00e3o para edifica\u00e7\u00e3o de vidas. Al\u00e9m disso, seu conte\u00fado pode ser aplicado em prega\u00e7\u00f5es, EBD, C\u00e9lulas ou pequenos grupos, em lideran\u00e7a de jovens, homens, mulheres entre outros.<\/p>\n","protected":false},"featured_media":1302,"comment_status":"open","ping_status":"closed","template":"","meta":{"_monsterinsights_skip_tracking":false,"_monsterinsights_sitenote_active":false,"_monsterinsights_sitenote_note":"","_monsterinsights_sitenote_category":0,"_kadence_starter_templates_imported_post":false,"_kad_post_transparent":"default","_kad_post_title":"","_kad_post_layout":"default","_kad_post_sidebar_id":"","_kad_post_content_style":"default","_kad_post_vertical_padding":"default","_kad_post_feature":"","_kad_post_feature_position":"","_kad_post_header":false,"_kad_post_footer":false},"product_brand":[],"product_cat":[16,38],"product_tag":[40,41,39],"class_list":{"0":"post-1300","1":"product","2":"type-product","3":"status-publish","4":"has-post-thumbnail","6":"product_cat-produto-digital","7":"product_cat-biblico","8":"product_tag-biblia","9":"product_tag-meditacao","10":"product_tag-mensagem-biblica","12":"first","13":"instock","14":"downloadable","15":"virtual","16":"purchasable","17":"product-type-simple","18":"entry","19":"content-bg","20":"loop-entry"},"_links":{"self":[{"href":"https:\/\/procurandooque.com.br\/ebook\/wp-json\/wp\/v2\/product\/1300","targetHints":{"allow":["GET"]}}],"collection":[{"href":"https:\/\/procurandooque.com.br\/ebook\/wp-json\/wp\/v2\/product"}],"about":[{"href":"https:\/\/procurandooque.com.br\/ebook\/wp-json\/wp\/v2\/types\/product"}],"replies":[{"embeddable":true,"href":"https:\/\/procurandooque.com.br\/ebook\/wp-json\/wp\/v2\/comments?post=1300"}],"wp:featuredmedia":[{"embeddable":true,"href":"https:\/\/procurandooque.com.br\/ebook\/wp-json\/wp\/v2\/media\/1302"}],"wp:attachment":[{"href":"https:\/\/procurandooque.com.br\/ebook\/wp-json\/wp\/v2\/media?parent=1300"}],"wp:term":[{"taxonomy":"product_brand","embeddable":true,"href":"https:\/\/procurandooque.com.br\/ebook\/wp-json\/wp\/v2\/product_brand?post=1300"},{"taxonomy":"product_cat","embeddable":true,"href":"https:\/\/procurandooque.com.br\/ebook\/wp-json\/wp\/v2\/product_cat?post=1300"},{"taxonomy":"product_tag","embeddable":true,"href":"https:\/\/procurandooque.com.br\/ebook\/wp-json\/wp\/v2\/product_tag?post=1300"}],"curies":[{"name":"wp","href":"https:\/\/api.w.org\/{rel}","templated":true}]}}