{"id":1221,"date":"2022-09-30T22:27:43","date_gmt":"2022-10-01T01:27:43","guid":{"rendered":"https:\/\/procurandooque.com.br\/ebook\/?post_type=product&#038;p=1221"},"modified":"2022-10-26T21:11:43","modified_gmt":"2022-10-27T00:11:43","slug":"a-deus-a-ansiedade-e-depressao","status":"publish","type":"product","link":"https:\/\/procurandooque.com.br\/ebook\/produto\/a-deus-a-ansiedade-e-depressao\/","title":{"rendered":"A Deus a Ansiedade e Depress\u00e3o"},"content":{"rendered":"<figure id=\"attachment_1222\" aria-describedby=\"caption-attachment-1222\" style=\"width: 225px\" class=\"wp-caption alignleft\"><img fetchpriority=\"high\" decoding=\"async\" class=\"size-medium wp-image-1222\" src=\"https:\/\/procurandooque.com.br\/ebook\/wp-content\/uploads\/2022\/09\/capa-adeus-depressao-225x300.png\" alt=\"Adeus a Ansiedade e a Depress\u00e3o\" width=\"225\" height=\"300\" srcset=\"https:\/\/procurandooque.com.br\/ebook\/wp-content\/uploads\/2022\/09\/capa-adeus-depressao-225x300.png 225w, https:\/\/procurandooque.com.br\/ebook\/wp-content\/uploads\/2022\/09\/capa-adeus-depressao.png 600w\" sizes=\"(max-width: 225px) 100vw, 225px\" \/><figcaption id=\"caption-attachment-1222\" class=\"wp-caption-text\">Adeus a Ansiedade e a Depress\u00e3o<\/figcaption><\/figure>\n<p>Quais os sintomas mais comuns? Quais os tipos de depress\u00e3o e suas caracter\u00edsticas? No segundo cap\u00edtulo, voc\u00ea ver\u00e1 que existem no m\u00ednimo 8 tipos de depress\u00e3o mais recorrentes:<br \/>\n\u25cf Transtorno depressivo recorrente.<br \/>\n\u25cf Transtorno afetivo bipolar.<br \/>\n\u25cf Transtorno depressivo maior ou depress\u00e3o cl\u00e1ssica.<br \/>\n\u25cf Transtorno afetivo sazonal.<br \/>\n\u25cf Depress\u00e3o p\u00f3s-parto.<br \/>\n\u25cf Desordem disf\u00f3rica pr\u00e9-menstrual (TDPM)<br \/>\n\u25cf Depress\u00e3o psic\u00f3tica.<br \/>\n\u25cf Transtorno Disruptivo de Desregula\u00e7\u00e3o do Humor.<\/p>\n<p>Aproveite este e-book! Ele foi desenvolvido visando te auxiliar no entendimento, reconhecimento e na busca por um tratamento adequado da depress\u00e3o.<\/p>\n<p>Direito em at\u00e9 5\u00a0download\u00a0por 365 dias<\/p>\n","protected":false},"excerpt":{"rendered":"<p>Leia este livro com carinho: ele te trar\u00e1 uma claridade sobre o tema depress\u00e3o. Com os conhecimentos aqui compartilhados voc\u00ea saber\u00e1 como cuidar de quem possui depress\u00e3o e como se manter longe deste mal que acomete tantas pessoas.<\/p>\n","protected":false},"featured_media":1222,"comment_status":"open","ping_status":"closed","template":"","meta":{"_monsterinsights_skip_tracking":false,"_monsterinsights_sitenote_active":false,"_monsterinsights_sitenote_note":"","_monsterinsights_sitenote_category":0,"_kadence_starter_templates_imported_post":false,"_kad_post_transparent":"default","_kad_post_title":"","_kad_post_layout":"default","_kad_post_sidebar_id":"","_kad_post_content_style":"default","_kad_post_vertical_padding":"default","_kad_post_feature":"","_kad_post_feature_position":"","_kad_post_header":false,"_kad_post_footer":false},"product_brand":[],"product_cat":[16,28],"product_tag":[30,29,31],"class_list":{"0":"post-1221","1":"product","2":"type-product","3":"status-publish","4":"has-post-thumbnail","6":"product_cat-produto-digital","7":"product_cat-saude-mental","8":"product_tag-cura","9":"product_tag-depresao","10":"product_tag-informacoes","12":"first","13":"instock","14":"downloadable","15":"virtual","16":"purchasable","17":"product-type-simple","18":"entry","19":"content-bg","20":"loop-entry"},"_links":{"self":[{"href":"https:\/\/procurandooque.com.br\/ebook\/wp-json\/wp\/v2\/product\/1221","targetHints":{"allow":["GET"]}}],"collection":[{"href":"https:\/\/procurandooque.com.br\/ebook\/wp-json\/wp\/v2\/product"}],"about":[{"href":"https:\/\/procurandooque.com.br\/ebook\/wp-json\/wp\/v2\/types\/product"}],"replies":[{"embeddable":true,"href":"https:\/\/procurandooque.com.br\/ebook\/wp-json\/wp\/v2\/comments?post=1221"}],"wp:featuredmedia":[{"embeddable":true,"href":"https:\/\/procurandooque.com.br\/ebook\/wp-json\/wp\/v2\/media\/1222"}],"wp:attachment":[{"href":"https:\/\/procurandooque.com.br\/ebook\/wp-json\/wp\/v2\/media?parent=1221"}],"wp:term":[{"taxonomy":"product_brand","embeddable":true,"href":"https:\/\/procurandooque.com.br\/ebook\/wp-json\/wp\/v2\/product_brand?post=1221"},{"taxonomy":"product_cat","embeddable":true,"href":"https:\/\/procurandooque.com.br\/ebook\/wp-json\/wp\/v2\/product_cat?post=1221"},{"taxonomy":"product_tag","embeddable":true,"href":"https:\/\/procurandooque.com.br\/ebook\/wp-json\/wp\/v2\/product_tag?post=1221"}],"curies":[{"name":"wp","href":"https:\/\/api.w.org\/{rel}","templated":true}]}}