{"id":1183,"date":"2022-09-30T16:40:00","date_gmt":"2022-09-30T19:40:00","guid":{"rendered":"https:\/\/procurandooque.com.br\/ebook\/?post_type=product&#038;p=1183"},"modified":"2022-10-26T21:12:28","modified_gmt":"2022-10-27T00:12:28","slug":"genesis-capitulo-primeiro","status":"publish","type":"product","link":"https:\/\/procurandooque.com.br\/ebook\/produto\/genesis-capitulo-primeiro\/","title":{"rendered":"G\u00eanesis Cap\u00edtulo Primeiro"},"content":{"rendered":"<p class=\"_04xlpA direction-ltr align-justify para-style-body\"><span class=\"JsGRdQ\"><img fetchpriority=\"high\" decoding=\"async\" class=\" wp-image-1185 alignleft\" src=\"https:\/\/procurandooque.com.br\/ebook\/wp-content\/uploads\/2022\/09\/Genesis-1-225x300.png\" alt=\"\" width=\"249\" height=\"332\" srcset=\"https:\/\/procurandooque.com.br\/ebook\/wp-content\/uploads\/2022\/09\/Genesis-1-225x300.png 225w, https:\/\/procurandooque.com.br\/ebook\/wp-content\/uploads\/2022\/09\/Genesis-1.png 600w\" sizes=\"(max-width: 249px) 100vw, 249px\" \/>O cap\u00edtulo primeiro do livro de G\u00eanesis, certamente \u00e9 uma por\u00e7\u00e3o da Escritura estraordin\u00e1ria em seu relato b\u00edblico e teol\u00f3gico. Afinal, toda a Escritura depende de sua veracidade conforme lemos seu conte\u00fado.<\/span><\/p>\n<p class=\"_04xlpA direction-ltr align-justify para-style-body\"><span class=\"JsGRdQ\">Ent\u00e3o, se algu\u00e9m conseguisse derrubar um \u00fanico vers\u00edculo de G\u00eanesis 1. Claramente, derrubaria toda a Escritura. Contudo, ao analisarmos cada parte somos convencidos que Deus \u00e9 o criador e, tamb\u00e9m sustentador de toda cria\u00e7\u00e3o.<\/span><\/p>\n<p class=\"_04xlpA direction-ltr align-justify para-style-body\"><span class=\"JsGRdQ\">Nestes aspectos, o testemunho b\u00edblico nos apresenta Deus criando os c\u00e9us e a terra. Bem como, o mundo no qual cohecemos sendo criado em 6 dias. Al\u00e9m disso, acredito que cada dia descrito foram de 24 horas.<\/span><\/p>\n<p class=\"_04xlpA direction-ltr align-justify para-style-body\"><span class=\"JsGRdQ\">Outro aspectos, importante a destacarmos \u00e9 que o criador \u00e9 um Deus de separa\u00e7\u00e3o. Certamente, separou a luz das trevas, separa\u00e7\u00e3o entre \u00e1guas e \u00e1guas; separou a \u00e1gua e terra e em cada criar estabeleceu o que deveria estabeler. Bem como, dia e noite, sol, lua, estrelas.<\/span><\/p>\n<p class=\"_04xlpA direction-ltr align-justify para-style-body\"><span class=\"JsGRdQ\">Al\u00e9m disso, criou todos os seres necess\u00e1rios para ocupar seu devidos espa\u00e7os. Bem como, no c\u00e9u, na terra e nas \u00e1guas e no sexto dia coroou o ser humano como a coroa de sua cria\u00e7\u00e3o.<\/span><\/p>\n<p class=\"_04xlpA direction-ltr align-justify para-style-body\"><span class=\"JsGRdQ\">Ent\u00e3o, convou o conselho divino. Bem como, dando a m\u00e1xima aten\u00e7\u00e3o na cria\u00e7\u00e3o do homem, dando-lhes inclusive, sua imagem e semelhan\u00e7a. Certamente, lhe concedendo imortalidade, privil\u00e9gio de escolhas e sendo representante do criador no mundo para lhe servir de mordomo entre suas criaturas.<\/span><\/p>\n<p class=\"_04xlpA direction-ltr align-justify para-style-body\"><span class=\"JsGRdQ\">Por fim, estudar e conhenhcer o cap\u00edtulo primeiro de G\u00eanesis. Certamente, \u00e9 um grande privil\u00e9gio ao homem. Sobretudo, em poder conhecer verdadeiramente sua origem. Bem como, somos criaturas que herdamos a imagem e semelhan\u00e7a de Deus e n\u00e3o a de um macaco e muito menos de qualquer criatura alienigena.<\/span><\/p>\n<h2>SUM\u00c1RIO<\/h2>\n<p>&nbsp;<\/p>\n<p class=\"_04xlpA direction-ltr align-start para-style-body\"><span class=\"JsGRdQ\">1. Introdu\u00e7\u00e3o&#8230;&#8230;&#8230;&#8230;&#8230;&#8230;&#8230;&#8230;&#8230;&#8230;&#8230;&#8230;&#8230;..05<\/span><\/p>\n<p class=\"_04xlpA direction-ltr align-start para-style-body\"><span class=\"JsGRdQ\">2. Bereshit Bara Elohim&#8230;&#8230;&#8230;&#8230;&#8230;&#8230;&#8230;..06<\/span><\/p>\n<p class=\"_04xlpA direction-ltr align-start para-style-body\"><span class=\"JsGRdQ\">3. O princ\u00edpio&#8230;&#8230;&#8230;&#8230;&#8230;&#8230;&#8230;&#8230;&#8230;&#8230;&#8230;&#8230;&#8230;.07<\/span><\/p>\n<p class=\"_04xlpA direction-ltr align-start para-style-body\"><span class=\"JsGRdQ\">4. Criou&#8230;&#8230;&#8230;&#8230;&#8230;&#8230;&#8230;&#8230;&#8230;&#8230;&#8230;&#8230;&#8230;&#8230;&#8230;&#8230;..08<\/span><\/p>\n<p class=\"_04xlpA direction-ltr align-start para-style-body\"><span class=\"JsGRdQ\">5. Deus&#8230;&#8230;&#8230;&#8230;&#8230;&#8230;&#8230;&#8230;&#8230;&#8230;&#8230;..<\/span><span class=\"JsGRdQ\">&#8230;&#8230;&#8230;&#8230;&#8230;10<\/span><\/p>\n<p class=\"_04xlpA direction-ltr align-start para-style-body\"><span class=\"JsGRdQ\">7. O segundo dia (G\u00eanesis 1:6-10)&#8230;.12<\/span><\/p>\n<p class=\"_04xlpA direction-ltr align-start para-style-body\"><span class=\"JsGRdQ\">8. O terceiro dia (g\u00eanesis 1:11-13)&#8230;.13<\/span><\/p>\n<p class=\"_04xlpA direction-ltr align-start para-style-body\"><span class=\"JsGRdQ\">9. O quarto dia (G\u00eanesis 1:14-19)&#8230;..14<\/span><\/p>\n<p class=\"_04xlpA direction-ltr align-start para-style-body\"><span class=\"JsGRdQ\">10. O quinto dia (G\u00eanesis 1:20-23)&#8230;15<\/span><\/p>\n<p class=\"_04xlpA direction-ltr align-start para-style-body\"><span class=\"JsGRdQ\">11. O sexto dia parte: 01 (Gn 1:24-26)..17<\/span><\/p>\n<p class=\"_04xlpA direction-ltr align-start para-style-body\"><span class=\"JsGRdQ\">12. Sexto dia parte: 02 (Gn 1:27-31)&#8230;18<\/span><\/p>\n<p class=\"_04xlpA direction-ltr align-start para-style-body\"><span class=\"JsGRdQ\">13. <\/span><span class=\"JsGRdQ\">Considera\u00e7\u00f5es finais&#8230;&#8230;&#8230;&#8230;&#8230;&#8230;..20<\/span><\/p>\n<p class=\"_04xlpA direction-ltr align-start para-style-body\"><span class=\"JsGRdQ\">Refer\u00eancias<\/span><\/p>\n","protected":false},"excerpt":{"rendered":"<p><span class=\"JsGRdQ\">Neste ebook, fazemos uma breve descri\u00e7\u00e3o do cap\u00edtulo primeiro do livro de G\u00eanesis, com a narrativa dos seis dias da cria\u00e7\u00e3o. Bem como, explicando cada ato criativo do criador atrav\u00e9s de uma linguagem simples, mas impactante. Al\u00e9m disso, ilustramos atrav\u00e9s de v\u00eddeo a narativa b\u00edblica, o que enriquece ainda mais o aprendizado das Escrituras.<\/span><\/p>\n<p>&nbsp;<\/p>\n","protected":false},"featured_media":1185,"comment_status":"open","ping_status":"closed","template":"","meta":{"_monsterinsights_skip_tracking":false,"_monsterinsights_sitenote_active":false,"_monsterinsights_sitenote_note":"","_monsterinsights_sitenote_category":0,"_kadence_starter_templates_imported_post":false,"_kad_post_transparent":"default","_kad_post_title":"","_kad_post_layout":"default","_kad_post_sidebar_id":"","_kad_post_content_style":"default","_kad_post_vertical_padding":"default","_kad_post_feature":"","_kad_post_feature_position":"","_kad_post_header":false,"_kad_post_footer":false},"product_brand":[],"product_cat":[16,27],"product_tag":[35,37,36,34],"class_list":{"0":"post-1183","1":"product","2":"type-product","3":"status-publish","4":"has-post-thumbnail","6":"product_cat-produto-digital","7":"product_cat-teologia","8":"product_tag-criacao","9":"product_tag-deus","10":"product_tag-evolucionismo-x-criacionismo","11":"product_tag-genesis","13":"first","14":"instock","15":"featured","16":"downloadable","17":"virtual","18":"purchasable","19":"product-type-simple","20":"entry","21":"content-bg","22":"loop-entry"},"_links":{"self":[{"href":"https:\/\/procurandooque.com.br\/ebook\/wp-json\/wp\/v2\/product\/1183","targetHints":{"allow":["GET"]}}],"collection":[{"href":"https:\/\/procurandooque.com.br\/ebook\/wp-json\/wp\/v2\/product"}],"about":[{"href":"https:\/\/procurandooque.com.br\/ebook\/wp-json\/wp\/v2\/types\/product"}],"replies":[{"embeddable":true,"href":"https:\/\/procurandooque.com.br\/ebook\/wp-json\/wp\/v2\/comments?post=1183"}],"wp:featuredmedia":[{"embeddable":true,"href":"https:\/\/procurandooque.com.br\/ebook\/wp-json\/wp\/v2\/media\/1185"}],"wp:attachment":[{"href":"https:\/\/procurandooque.com.br\/ebook\/wp-json\/wp\/v2\/media?parent=1183"}],"wp:term":[{"taxonomy":"product_brand","embeddable":true,"href":"https:\/\/procurandooque.com.br\/ebook\/wp-json\/wp\/v2\/product_brand?post=1183"},{"taxonomy":"product_cat","embeddable":true,"href":"https:\/\/procurandooque.com.br\/ebook\/wp-json\/wp\/v2\/product_cat?post=1183"},{"taxonomy":"product_tag","embeddable":true,"href":"https:\/\/procurandooque.com.br\/ebook\/wp-json\/wp\/v2\/product_tag?post=1183"}],"curies":[{"name":"wp","href":"https:\/\/api.w.org\/{rel}","templated":true}]}}