{"id":8,"date":"2022-02-04T01:19:16","date_gmt":"2022-02-04T01:19:16","guid":{"rendered":"https:\/\/voufazeronline.com.br\/carrinho\/"},"modified":"2022-09-20T01:54:35","modified_gmt":"2022-09-20T01:54:35","slug":"carrinho","status":"publish","type":"page","link":"https:\/\/procurandooque.com.br\/curso\/carrinho\/","title":{"rendered":"Carrinho"},"content":{"rendered":"\t\t<div data-elementor-type=\"wp-page\" data-elementor-id=\"8\" class=\"elementor elementor-8\">\n\t\t\t\t\t\t<section class=\"elementor-section elementor-top-section elementor-element elementor-element-a5cc7e4 elementor-section-boxed elementor-section-height-default elementor-section-height-default\" data-id=\"a5cc7e4\" data-element_type=\"section\" data-e-type=\"section\">\n\t\t\t\t\t\t<div class=\"elementor-container elementor-column-gap-default\">\n\t\t\t\t\t<div class=\"elementor-column elementor-col-100 elementor-top-column elementor-element elementor-element-d1428af\" data-id=\"d1428af\" data-element_type=\"column\" data-e-type=\"column\">\n\t\t\t<div class=\"elementor-widget-wrap elementor-element-populated\">\n\t\t\t\t\t\t<div class=\"elementor-element elementor-element-921e7e3 elementor-widget elementor-widget-heading\" data-id=\"921e7e3\" data-element_type=\"widget\" data-e-type=\"widget\" data-widget_type=\"heading.default\">\n\t\t\t\t<div class=\"elementor-widget-container\">\n\t\t\t\t\t<h2 class=\"elementor-heading-title elementor-size-default\">Carrinho de compras<\/h2>\t\t\t\t<\/div>\n\t\t\t\t<\/div>\n\t\t\t\t<section class=\"elementor-section elementor-inner-section elementor-element elementor-element-8a0ea86 elementor-section-boxed elementor-section-height-default elementor-section-height-default\" data-id=\"8a0ea86\" data-element_type=\"section\" data-e-type=\"section\">\n\t\t\t\t\t\t<div class=\"elementor-container elementor-column-gap-default\">\n\t\t\t\t\t<div class=\"elementor-column elementor-col-50 elementor-inner-column elementor-element elementor-element-384738a\" data-id=\"384738a\" data-element_type=\"column\" data-e-type=\"column\">\n\t\t\t<div class=\"elementor-widget-wrap elementor-element-populated\">\n\t\t\t\t\t\t<div class=\"elementor-element elementor-element-7777f28 elementor-widget elementor-widget-heading\" data-id=\"7777f28\" data-element_type=\"widget\" data-e-type=\"widget\" data-widget_type=\"heading.default\">\n\t\t\t\t<div class=\"elementor-widget-container\">\n\t\t\t\t\t<h2 class=\"elementor-heading-title elementor-size-default\">Compre tamb\u00e9m<\/h2>\t\t\t\t<\/div>\n\t\t\t\t<\/div>\n\t\t\t\t\t<\/div>\n\t\t<\/div>\n\t\t\t\t<div class=\"elementor-column elementor-col-50 elementor-inner-column elementor-element elementor-element-79813a9\" data-id=\"79813a9\" data-element_type=\"column\" data-e-type=\"column\">\n\t\t\t<div class=\"elementor-widget-wrap elementor-element-populated\">\n\t\t\t\t\t\t<div class=\"elementor-element elementor-element-3e8477b elementor-widget elementor-widget-heading\" data-id=\"3e8477b\" data-element_type=\"widget\" data-e-type=\"widget\" data-widget_type=\"heading.default\">\n\t\t\t\t<div class=\"elementor-widget-container\">\n\t\t\t\t\t<h2 class=\"elementor-heading-title elementor-size-default\">Finalizar Compra<\/h2>\t\t\t\t<\/div>\n\t\t\t\t<\/div>\n\t\t\t\t\t<\/div>\n\t\t<\/div>\n\t\t\t\t\t<\/div>\n\t\t<\/section>\n\t\t\t\t\t<\/div>\n\t\t<\/div>\n\t\t\t\t\t<\/div>\n\t\t<\/section>\n\t\t\t\t<\/div>\n\t\t","protected":false},"excerpt":{"rendered":"<p>Carrinho de compras O custo de entrega foi atualizado. Produto: Curso: Pre\u00e7o: Quantidade: Subtotal: CURSO DE INFORM\u00c1TICA B\u00c1SICA&nbsp; Categoria: Sem categoria &#82;&#36;&nbsp;160,00 1 &#82;&#36;&nbsp;160,00 Cupom: Aplicar Cupom Atualizar Carinho Finalizar Compra Compre tamb\u00e9m CURSO DE INTRODU\u00c7\u00c3O \u00c0 INFORM\u00c1TICA &#082;&#036;&nbsp;0,00 Oferta CURSO DE INFORM\u00c1TICA B\u00c1SICA Este curso \u00e9 dividido em 06 M\u00f3dulo, onde cada m\u00f3dulo \u00e9 [&hellip;]<\/p>\n","protected":false},"author":1,"featured_media":0,"parent":0,"menu_order":0,"comment_status":"closed","ping_status":"closed","template":"elementor_header_footer","meta":{"_monsterinsights_skip_tracking":false,"_monsterinsights_sitenote_active":false,"_monsterinsights_sitenote_note":"","_monsterinsights_sitenote_category":0,"_joinchat":[],"footnotes":""},"class_list":["post-8","page","type-page","status-publish","hentry"],"yoast_head":"<!-- This site is optimized with the Yoast SEO plugin v27.5 - https:\/\/yoast.com\/product\/yoast-seo-wordpress\/ -->\n<title>Carrinho - Cursos &amp; Treinamentos<\/title>\n<meta name=\"robots\" content=\"index, follow, max-snippet:-1, max-image-preview:large, max-video-preview:-1\" \/>\n<link rel=\"canonical\" href=\"https:\/\/procurandooque.com.br\/curso\/carrinho\/\" \/>\n<meta property=\"og:locale\" content=\"pt_BR\" \/>\n<meta property=\"og:type\" content=\"article\" \/>\n<meta property=\"og:title\" content=\"Carrinho - Cursos &amp; Treinamentos\" \/>\n<meta property=\"og:description\" content=\"Carrinho de compras O custo de entrega foi atualizado. Produto: Curso: Pre\u00e7o: Quantidade: Subtotal: CURSO DE INFORM\u00c1TICA B\u00c1SICA&nbsp; Categoria: Sem categoria &#082;&#036;&nbsp;160,00 1 &#082;&#036;&nbsp;160,00 Cupom: Aplicar Cupom Atualizar Carinho Finalizar Compra Compre tamb\u00e9m CURSO DE INTRODU\u00c7\u00c3O \u00c0 INFORM\u00c1TICA &#082;&#036;&nbsp;0,00 Oferta CURSO DE INFORM\u00c1TICA B\u00c1SICA Este curso \u00e9 dividido em 06 M\u00f3dulo, onde cada m\u00f3dulo \u00e9 [&hellip;]\" \/>\n<meta property=\"og:url\" content=\"https:\/\/procurandooque.com.br\/curso\/carrinho\/\" \/>\n<meta property=\"og:site_name\" content=\"Cursos &amp; Treinamentos\" \/>\n<meta property=\"article:modified_time\" content=\"2022-09-20T01:54:35+00:00\" \/>\n<meta property=\"og:image\" content=\"https:\/\/procurandooque.com.br\/curso\/wp-content\/uploads\/2022\/02\/curso-de-informatica-basica-300x300.png\" \/>\n<meta name=\"twitter:card\" content=\"summary_large_image\" \/>\n<meta name=\"twitter:label1\" content=\"Est. tempo de leitura\" \/>\n\t<meta name=\"twitter:data1\" content=\"3 minutos\" \/>\n<script type=\"application\/ld+json\" class=\"yoast-schema-graph\">{\"@context\":\"https:\\\/\\\/schema.org\",\"@graph\":[{\"@type\":\"WebPage\",\"@id\":\"https:\\\/\\\/procurandooque.com.br\\\/curso\\\/carrinho\\\/\",\"url\":\"https:\\\/\\\/procurandooque.com.br\\\/curso\\\/carrinho\\\/\",\"name\":\"Carrinho - Cursos &amp; Treinamentos\",\"isPartOf\":{\"@id\":\"https:\\\/\\\/procurandooque.com.br\\\/curso\\\/#website\"},\"primaryImageOfPage\":{\"@id\":\"https:\\\/\\\/procurandooque.com.br\\\/curso\\\/carrinho\\\/#primaryimage\"},\"image\":{\"@id\":\"https:\\\/\\\/procurandooque.com.br\\\/curso\\\/carrinho\\\/#primaryimage\"},\"thumbnailUrl\":\"https:\\\/\\\/procurandooque.com.br\\\/curso\\\/wp-content\\\/uploads\\\/2022\\\/02\\\/curso-de-informatica-basica-300x300.png\",\"datePublished\":\"2022-02-04T01:19:16+00:00\",\"dateModified\":\"2022-09-20T01:54:35+00:00\",\"breadcrumb\":{\"@id\":\"https:\\\/\\\/procurandooque.com.br\\\/curso\\\/carrinho\\\/#breadcrumb\"},\"inLanguage\":\"pt-BR\",\"potentialAction\":[{\"@type\":\"ReadAction\",\"target\":[\"https:\\\/\\\/procurandooque.com.br\\\/curso\\\/carrinho\\\/\"]}]},{\"@type\":\"ImageObject\",\"inLanguage\":\"pt-BR\",\"@id\":\"https:\\\/\\\/procurandooque.com.br\\\/curso\\\/carrinho\\\/#primaryimage\",\"url\":\"https:\\\/\\\/procurandooque.com.br\\\/curso\\\/wp-content\\\/uploads\\\/2022\\\/02\\\/curso-de-informatica-basica.png\",\"contentUrl\":\"https:\\\/\\\/procurandooque.com.br\\\/curso\\\/wp-content\\\/uploads\\\/2022\\\/02\\\/curso-de-informatica-basica.png\",\"width\":800,\"height\":800,\"caption\":\"curso-de-inform\u00e1tica-b\u00e1sica\"},{\"@type\":\"BreadcrumbList\",\"@id\":\"https:\\\/\\\/procurandooque.com.br\\\/curso\\\/carrinho\\\/#breadcrumb\",\"itemListElement\":[{\"@type\":\"ListItem\",\"position\":1,\"name\":\"In\u00edcio\",\"item\":\"https:\\\/\\\/procurandooque.com.br\\\/curso\\\/\"},{\"@type\":\"ListItem\",\"position\":2,\"name\":\"Carrinho\"}]},{\"@type\":\"WebSite\",\"@id\":\"https:\\\/\\\/procurandooque.com.br\\\/curso\\\/#website\",\"url\":\"https:\\\/\\\/procurandooque.com.br\\\/curso\\\/\",\"name\":\"Cursos &amp; Treinamentos\",\"description\":\"\",\"publisher\":{\"@id\":\"https:\\\/\\\/procurandooque.com.br\\\/curso\\\/#organization\"},\"potentialAction\":[{\"@type\":\"SearchAction\",\"target\":{\"@type\":\"EntryPoint\",\"urlTemplate\":\"https:\\\/\\\/procurandooque.com.br\\\/curso\\\/?s={search_term_string}\"},\"query-input\":{\"@type\":\"PropertyValueSpecification\",\"valueRequired\":true,\"valueName\":\"search_term_string\"}}],\"inLanguage\":\"pt-BR\"},{\"@type\":\"Organization\",\"@id\":\"https:\\\/\\\/procurandooque.com.br\\\/curso\\\/#organization\",\"name\":\"Cursos &amp; Treinamentos\",\"url\":\"https:\\\/\\\/procurandooque.com.br\\\/curso\\\/\",\"logo\":{\"@type\":\"ImageObject\",\"inLanguage\":\"pt-BR\",\"@id\":\"https:\\\/\\\/procurandooque.com.br\\\/curso\\\/#\\\/schema\\\/logo\\\/image\\\/\",\"url\":\"https:\\\/\\\/procurandooque.com.br\\\/curso\\\/wp-content\\\/uploads\\\/2023\\\/02\\\/logo-procurando-o-que-curso.png\",\"contentUrl\":\"https:\\\/\\\/procurandooque.com.br\\\/curso\\\/wp-content\\\/uploads\\\/2023\\\/02\\\/logo-procurando-o-que-curso.png\",\"width\":226,\"height\":62,\"caption\":\"Cursos &amp; Treinamentos\"},\"image\":{\"@id\":\"https:\\\/\\\/procurandooque.com.br\\\/curso\\\/#\\\/schema\\\/logo\\\/image\\\/\"}}]}<\/script>\n<!-- \/ Yoast SEO plugin. -->","yoast_head_json":{"title":"Carrinho - Cursos &amp; Treinamentos","robots":{"index":"index","follow":"follow","max-snippet":"max-snippet:-1","max-image-preview":"max-image-preview:large","max-video-preview":"max-video-preview:-1"},"canonical":"https:\/\/procurandooque.com.br\/curso\/carrinho\/","og_locale":"pt_BR","og_type":"article","og_title":"Carrinho - Cursos &amp; Treinamentos","og_description":"Carrinho de compras O custo de entrega foi atualizado. Produto: Curso: Pre\u00e7o: Quantidade: Subtotal: CURSO DE INFORM\u00c1TICA B\u00c1SICA&nbsp; Categoria: Sem categoria &#82;&#36;&nbsp;160,00 1 &#82;&#36;&nbsp;160,00 Cupom: Aplicar Cupom Atualizar Carinho Finalizar Compra Compre tamb\u00e9m CURSO DE INTRODU\u00c7\u00c3O \u00c0 INFORM\u00c1TICA &#082;&#036;&nbsp;0,00 Oferta CURSO DE INFORM\u00c1TICA B\u00c1SICA Este curso \u00e9 dividido em 06 M\u00f3dulo, onde cada m\u00f3dulo \u00e9 [&hellip;]","og_url":"https:\/\/procurandooque.com.br\/curso\/carrinho\/","og_site_name":"Cursos &amp; Treinamentos","article_modified_time":"2022-09-20T01:54:35+00:00","og_image":[{"url":"https:\/\/procurandooque.com.br\/curso\/wp-content\/uploads\/2022\/02\/curso-de-informatica-basica-300x300.png","type":"","width":"","height":""}],"twitter_card":"summary_large_image","twitter_misc":{"Est. tempo de leitura":"3 minutos"},"schema":{"@context":"https:\/\/schema.org","@graph":[{"@type":"WebPage","@id":"https:\/\/procurandooque.com.br\/curso\/carrinho\/","url":"https:\/\/procurandooque.com.br\/curso\/carrinho\/","name":"Carrinho - Cursos &amp; Treinamentos","isPartOf":{"@id":"https:\/\/procurandooque.com.br\/curso\/#website"},"primaryImageOfPage":{"@id":"https:\/\/procurandooque.com.br\/curso\/carrinho\/#primaryimage"},"image":{"@id":"https:\/\/procurandooque.com.br\/curso\/carrinho\/#primaryimage"},"thumbnailUrl":"https:\/\/procurandooque.com.br\/curso\/wp-content\/uploads\/2022\/02\/curso-de-informatica-basica-300x300.png","datePublished":"2022-02-04T01:19:16+00:00","dateModified":"2022-09-20T01:54:35+00:00","breadcrumb":{"@id":"https:\/\/procurandooque.com.br\/curso\/carrinho\/#breadcrumb"},"inLanguage":"pt-BR","potentialAction":[{"@type":"ReadAction","target":["https:\/\/procurandooque.com.br\/curso\/carrinho\/"]}]},{"@type":"ImageObject","inLanguage":"pt-BR","@id":"https:\/\/procurandooque.com.br\/curso\/carrinho\/#primaryimage","url":"https:\/\/procurandooque.com.br\/curso\/wp-content\/uploads\/2022\/02\/curso-de-informatica-basica.png","contentUrl":"https:\/\/procurandooque.com.br\/curso\/wp-content\/uploads\/2022\/02\/curso-de-informatica-basica.png","width":800,"height":800,"caption":"curso-de-inform\u00e1tica-b\u00e1sica"},{"@type":"BreadcrumbList","@id":"https:\/\/procurandooque.com.br\/curso\/carrinho\/#breadcrumb","itemListElement":[{"@type":"ListItem","position":1,"name":"In\u00edcio","item":"https:\/\/procurandooque.com.br\/curso\/"},{"@type":"ListItem","position":2,"name":"Carrinho"}]},{"@type":"WebSite","@id":"https:\/\/procurandooque.com.br\/curso\/#website","url":"https:\/\/procurandooque.com.br\/curso\/","name":"Cursos &amp; Treinamentos","description":"","publisher":{"@id":"https:\/\/procurandooque.com.br\/curso\/#organization"},"potentialAction":[{"@type":"SearchAction","target":{"@type":"EntryPoint","urlTemplate":"https:\/\/procurandooque.com.br\/curso\/?s={search_term_string}"},"query-input":{"@type":"PropertyValueSpecification","valueRequired":true,"valueName":"search_term_string"}}],"inLanguage":"pt-BR"},{"@type":"Organization","@id":"https:\/\/procurandooque.com.br\/curso\/#organization","name":"Cursos &amp; Treinamentos","url":"https:\/\/procurandooque.com.br\/curso\/","logo":{"@type":"ImageObject","inLanguage":"pt-BR","@id":"https:\/\/procurandooque.com.br\/curso\/#\/schema\/logo\/image\/","url":"https:\/\/procurandooque.com.br\/curso\/wp-content\/uploads\/2023\/02\/logo-procurando-o-que-curso.png","contentUrl":"https:\/\/procurandooque.com.br\/curso\/wp-content\/uploads\/2023\/02\/logo-procurando-o-que-curso.png","width":226,"height":62,"caption":"Cursos &amp; Treinamentos"},"image":{"@id":"https:\/\/procurandooque.com.br\/curso\/#\/schema\/logo\/image\/"}}]}},"jetpack_sharing_enabled":true,"_links":{"self":[{"href":"https:\/\/procurandooque.com.br\/curso\/wp-json\/wp\/v2\/pages\/8","targetHints":{"allow":["GET"]}}],"collection":[{"href":"https:\/\/procurandooque.com.br\/curso\/wp-json\/wp\/v2\/pages"}],"about":[{"href":"https:\/\/procurandooque.com.br\/curso\/wp-json\/wp\/v2\/types\/page"}],"author":[{"embeddable":true,"href":"https:\/\/procurandooque.com.br\/curso\/wp-json\/wp\/v2\/users\/1"}],"replies":[{"embeddable":true,"href":"https:\/\/procurandooque.com.br\/curso\/wp-json\/wp\/v2\/comments?post=8"}],"version-history":[{"count":25,"href":"https:\/\/procurandooque.com.br\/curso\/wp-json\/wp\/v2\/pages\/8\/revisions"}],"predecessor-version":[{"id":5712,"href":"https:\/\/procurandooque.com.br\/curso\/wp-json\/wp\/v2\/pages\/8\/revisions\/5712"}],"wp:attachment":[{"href":"https:\/\/procurandooque.com.br\/curso\/wp-json\/wp\/v2\/media?parent=8"}],"curies":[{"name":"wp","href":"https:\/\/api.w.org\/{rel}","templated":true}]}}