{"id":5470,"date":"2020-02-01T18:59:40","date_gmt":"2020-02-01T18:59:40","guid":{"rendered":"https:\/\/voufazeronline.com.br\/about-us\/"},"modified":"2023-01-27T20:44:18","modified_gmt":"2023-01-27T20:44:18","slug":"sobre","status":"publish","type":"page","link":"https:\/\/procurandooque.com.br\/curso\/sobre\/","title":{"rendered":"Sobre"},"content":{"rendered":"\t\t<div data-elementor-type=\"wp-page\" data-elementor-id=\"5470\" class=\"elementor elementor-5470\">\n\t\t\t\t\t\t<section class=\"elementor-section elementor-top-section elementor-element elementor-element-51bb0f2 elementor-section-stretched elementor-section-boxed elementor-section-height-default elementor-section-height-default\" data-id=\"51bb0f2\" data-element_type=\"section\" data-e-type=\"section\" data-settings=\"{&quot;stretch_section&quot;:&quot;section-stretched&quot;,&quot;background_background&quot;:&quot;classic&quot;}\">\n\t\t\t\t\t\t\t<div class=\"elementor-background-overlay\"><\/div>\n\t\t\t\t\t\t\t<div class=\"elementor-container elementor-column-gap-default\">\n\t\t\t\t\t<div class=\"elementor-column elementor-col-100 elementor-top-column elementor-element elementor-element-8b6861a\" data-id=\"8b6861a\" data-element_type=\"column\" data-e-type=\"column\">\n\t\t\t<div class=\"elementor-widget-wrap elementor-element-populated\">\n\t\t\t\t\t\t<div class=\"elementor-element elementor-element-ae31e4c elementor-widget elementor-widget-heading\" data-id=\"ae31e4c\" data-element_type=\"widget\" data-e-type=\"widget\" data-widget_type=\"heading.default\">\n\t\t\t\t<div class=\"elementor-widget-container\">\n\t\t\t\t\t<h6 class=\"elementor-heading-title elementor-size-default\">Nossa vis\u00e3o<\/h6>\t\t\t\t<\/div>\n\t\t\t\t<\/div>\n\t\t\t\t<div class=\"elementor-element elementor-element-66dc185 elementor-widget elementor-widget-heading\" data-id=\"66dc185\" data-element_type=\"widget\" data-e-type=\"widget\" data-widget_type=\"heading.default\">\n\t\t\t\t<div class=\"elementor-widget-container\">\n\t\t\t\t\t<h2 class=\"elementor-heading-title elementor-size-default\">Quem n\u00f3s somos<\/h2>\t\t\t\t<\/div>\n\t\t\t\t<\/div>\n\t\t\t\t\t<\/div>\n\t\t<\/div>\n\t\t\t\t\t<\/div>\n\t\t<\/section>\n\t\t\t\t<section class=\"elementor-section elementor-top-section elementor-element elementor-element-2de25b9 elementor-section-boxed elementor-section-height-default elementor-section-height-default\" data-id=\"2de25b9\" data-element_type=\"section\" data-e-type=\"section\">\n\t\t\t\t\t\t<div class=\"elementor-container elementor-column-gap-no\">\n\t\t\t\t\t<div class=\"elementor-column elementor-col-100 elementor-top-column elementor-element elementor-element-0a28678\" data-id=\"0a28678\" data-element_type=\"column\" data-e-type=\"column\">\n\t\t\t<div class=\"elementor-widget-wrap elementor-element-populated\">\n\t\t\t\t\t\t<div class=\"elementor-element elementor-element-241dd69 elementor-widget elementor-widget-heading\" data-id=\"241dd69\" data-element_type=\"widget\" data-e-type=\"widget\" data-widget_type=\"heading.default\">\n\t\t\t\t<div class=\"elementor-widget-container\">\n\t\t\t\t\t<h4 class=\"elementor-heading-title elementor-size-default\">\"\u00c9 imposs\u00edvel para um homem aprender o que ele pensa que j\u00e1 sabe.\"<\/h4>\t\t\t\t<\/div>\n\t\t\t\t<\/div>\n\t\t\t\t<div class=\"elementor-element elementor-element-912dfd7 elementor-widget elementor-widget-text-editor\" data-id=\"912dfd7\" data-element_type=\"widget\" data-e-type=\"widget\" data-widget_type=\"text-editor.default\">\n\t\t\t\t<div class=\"elementor-widget-container\">\n\t\t\t\t\t\t\t\t\t<p>Porcurando o qu\u00ea?<\/p>\t\t\t\t\t\t\t\t<\/div>\n\t\t\t\t<\/div>\n\t\t\t\t<div class=\"elementor-element elementor-element-9fdd1e5 elementor-widget elementor-widget-text-editor\" data-id=\"9fdd1e5\" data-element_type=\"widget\" data-e-type=\"widget\" data-widget_type=\"text-editor.default\">\n\t\t\t\t<div class=\"elementor-widget-container\">\n\t\t\t\t\t\t\t\t\t<p>Somos prestores de servi\u00e7os no ramos de cursos e treinamentos online, visando o aprendizado de qualidade de milh\u00f5es de brasileiros em v\u00e1rias \u00e1rea do conhecimento .<\/p><p>Al\u00e9m disso, buscamos conectar pessoa que desejam compartilhar seus conhecimento, com pessoas que tenha necessidade de aprender online.<\/p><p>Nestes aspectos,\u00a0 queremos ser uma ponte para ligar o conhecimento atrav\u00e9s de professosre capacitados, da aprendizagem com alunos comprometidos com o conhecimento.<\/p><p>Asssim, garantir o sucesso e \u00eaxito de todos, fazendo compradores e vendedore felizes..<\/p>\t\t\t\t\t\t\t\t<\/div>\n\t\t\t\t<\/div>\n\t\t\t\t\t<\/div>\n\t\t<\/div>\n\t\t\t\t\t<\/div>\n\t\t<\/section>\n\t\t\t\t<section class=\"elementor-section elementor-top-section elementor-element elementor-element-a53f6fb elementor-section-boxed elementor-section-height-default elementor-section-height-default\" data-id=\"a53f6fb\" data-element_type=\"section\" data-e-type=\"section\" data-settings=\"{&quot;background_background&quot;:&quot;classic&quot;}\">\n\t\t\t\t\t\t\t<div class=\"elementor-background-overlay\"><\/div>\n\t\t\t\t\t\t\t<div class=\"elementor-container elementor-column-gap-no\">\n\t\t\t\t\t<div class=\"elementor-column elementor-col-33 elementor-top-column elementor-element elementor-element-591f7d0\" data-id=\"591f7d0\" data-element_type=\"column\" data-e-type=\"column\">\n\t\t\t<div class=\"elementor-widget-wrap elementor-element-populated\">\n\t\t\t\t\t\t<div class=\"elementor-element elementor-element-90393fd elementor-view-stacked elementor-position-inline-start elementor-shape-circle elementor-mobile-position-block-start elementor-widget elementor-widget-icon-box\" data-id=\"90393fd\" data-element_type=\"widget\" data-e-type=\"widget\" data-widget_type=\"icon-box.default\">\n\t\t\t\t<div class=\"elementor-widget-container\">\n\t\t\t\t\t\t\t<div class=\"elementor-icon-box-wrapper\">\n\n\t\t\t\t\t\t<div class=\"elementor-icon-box-icon\">\n\t\t\t\t<span  class=\"elementor-icon\">\n\t\t\t\t<i aria-hidden=\"true\" class=\"fas fa-crown\"><\/i>\t\t\t\t<\/span>\n\t\t\t<\/div>\n\t\t\t\n\t\t\t\t\t\t<div class=\"elementor-icon-box-content\">\n\n\t\t\t\t\t\t\t\t\t<h5 class=\"elementor-icon-box-title\">\n\t\t\t\t\t\t<span  >\n\t\t\t\t\t\t\tAprenda atrav\u00e9s das tr\u00eas formas de aprendizagem.\t\t\t\t\t\t<\/span>\n\t\t\t\t\t<\/h5>\n\t\t\t\t\n\t\t\t\t\t\t\t\t\t<p class=\"elementor-icon-box-description\">\n\t\t\t\t\t\tPrimeiramente, atrav\u00e9s da leitura como uso tradicional de conhecimento. Segundo, por m\u00e9io de \u00e1udio e terceiro atrav\u00e9s de v\u00eddeos aulas.\t\t\t\t\t<\/p>\n\t\t\t\t\n\t\t\t<\/div>\n\t\t\t\n\t\t<\/div>\n\t\t\t\t\t\t<\/div>\n\t\t\t\t<\/div>\n\t\t\t\t\t<\/div>\n\t\t<\/div>\n\t\t\t\t<div class=\"elementor-column elementor-col-33 elementor-top-column elementor-element elementor-element-0199beb\" data-id=\"0199beb\" data-element_type=\"column\" data-e-type=\"column\">\n\t\t\t<div class=\"elementor-widget-wrap elementor-element-populated\">\n\t\t\t\t\t\t<div class=\"elementor-element elementor-element-dbb9845 elementor-view-stacked elementor-position-inline-start elementor-shape-circle elementor-mobile-position-block-start elementor-widget elementor-widget-icon-box\" data-id=\"dbb9845\" data-element_type=\"widget\" data-e-type=\"widget\" data-widget_type=\"icon-box.default\">\n\t\t\t\t<div class=\"elementor-widget-container\">\n\t\t\t\t\t\t\t<div class=\"elementor-icon-box-wrapper\">\n\n\t\t\t\t\t\t<div class=\"elementor-icon-box-icon\">\n\t\t\t\t<span  class=\"elementor-icon\">\n\t\t\t\t<i aria-hidden=\"true\" class=\"fas fa-clock\"><\/i>\t\t\t\t<\/span>\n\t\t\t<\/div>\n\t\t\t\n\t\t\t\t\t\t<div class=\"elementor-icon-box-content\">\n\n\t\t\t\t\t\t\t\t\t<h5 class=\"elementor-icon-box-title\">\n\t\t\t\t\t\t<span  >\n\t\t\t\t\t\t\tAprenda no seu ritmo\t\t\t\t\t\t<\/span>\n\t\t\t\t\t<\/h5>\n\t\t\t\t\n\t\t\t\t\t\t\t\t\t<p class=\"elementor-icon-box-description\">\n\t\t\t\t\t\tHor\u00e1rio flex\u00edvel. Estude a qualquer hora. Acesso 24hs por dia.\t\t\t\t\t<\/p>\n\t\t\t\t\n\t\t\t<\/div>\n\t\t\t\n\t\t<\/div>\n\t\t\t\t\t\t<\/div>\n\t\t\t\t<\/div>\n\t\t\t\t\t<\/div>\n\t\t<\/div>\n\t\t\t\t<div class=\"elementor-column elementor-col-33 elementor-top-column elementor-element elementor-element-6a06582\" data-id=\"6a06582\" data-element_type=\"column\" data-e-type=\"column\">\n\t\t\t<div class=\"elementor-widget-wrap elementor-element-populated\">\n\t\t\t\t\t\t<div class=\"elementor-element elementor-element-db0e74f elementor-view-stacked elementor-position-inline-start elementor-shape-circle elementor-mobile-position-block-start elementor-widget elementor-widget-icon-box\" data-id=\"db0e74f\" data-element_type=\"widget\" data-e-type=\"widget\" data-widget_type=\"icon-box.default\">\n\t\t\t\t<div class=\"elementor-widget-container\">\n\t\t\t\t\t\t\t<div class=\"elementor-icon-box-wrapper\">\n\n\t\t\t\t\t\t<div class=\"elementor-icon-box-icon\">\n\t\t\t\t<span  class=\"elementor-icon\">\n\t\t\t\t<i aria-hidden=\"true\" class=\"fas fa-book\"><\/i>\t\t\t\t<\/span>\n\t\t\t<\/div>\n\t\t\t\n\t\t\t\t\t\t<div class=\"elementor-icon-box-content\">\n\n\t\t\t\t\t\t\t\t\t<h5 class=\"elementor-icon-box-title\">\n\t\t\t\t\t\t<span  >\n\t\t\t\t\t\t\tProfessional Certification\t\t\t\t\t\t<\/span>\n\t\t\t\t\t<\/h5>\n\t\t\t\t\n\t\t\t\t\t\t\t\t\t<p class=\"elementor-icon-box-description\">\n\t\t\t\t\t\tAp\u00f3s concluir o curso emiss\u00e3o de Certificado\t\t\t\t\t<\/p>\n\t\t\t\t\n\t\t\t<\/div>\n\t\t\t\n\t\t<\/div>\n\t\t\t\t\t\t<\/div>\n\t\t\t\t<\/div>\n\t\t\t\t\t<\/div>\n\t\t<\/div>\n\t\t\t\t\t<\/div>\n\t\t<\/section>\n\t\t\t\t<\/div>\n\t\t","protected":false},"excerpt":{"rendered":"<p>Nossa vis\u00e3o Quem n\u00f3s somos &#8220;\u00c9 imposs\u00edvel para um homem aprender o que ele pensa que j\u00e1 sabe.&#8221; Porcurando o qu\u00ea? Somos prestores de servi\u00e7os no ramos de cursos e treinamentos online, visando o aprendizado de qualidade de milh\u00f5es de brasileiros em v\u00e1rias \u00e1rea do conhecimento . Al\u00e9m disso, buscamos conectar pessoa que desejam compartilhar [&hellip;]<\/p>\n","protected":false},"author":1,"featured_media":0,"parent":0,"menu_order":0,"comment_status":"closed","ping_status":"closed","template":"elementor_header_footer","meta":{"_monsterinsights_skip_tracking":false,"_monsterinsights_sitenote_active":false,"_monsterinsights_sitenote_note":"","_monsterinsights_sitenote_category":0,"_joinchat":[],"footnotes":""},"class_list":["post-5470","page","type-page","status-publish","hentry"],"yoast_head":"<!-- This site is optimized with the Yoast SEO plugin v27.5 - https:\/\/yoast.com\/product\/yoast-seo-wordpress\/ -->\n<title>Sobre - Cursos &amp; Treinamentos<\/title>\n<meta name=\"robots\" content=\"index, follow, max-snippet:-1, max-image-preview:large, max-video-preview:-1\" \/>\n<link rel=\"canonical\" href=\"https:\/\/procurandooque.com.br\/curso\/sobre\/\" \/>\n<meta property=\"og:locale\" content=\"pt_BR\" \/>\n<meta property=\"og:type\" content=\"article\" \/>\n<meta property=\"og:title\" content=\"Sobre - Cursos &amp; Treinamentos\" \/>\n<meta property=\"og:description\" content=\"Nossa vis\u00e3o Quem n\u00f3s somos &#8220;\u00c9 imposs\u00edvel para um homem aprender o que ele pensa que j\u00e1 sabe.&#8221; Porcurando o qu\u00ea? Somos prestores de servi\u00e7os no ramos de cursos e treinamentos online, visando o aprendizado de qualidade de milh\u00f5es de brasileiros em v\u00e1rias \u00e1rea do conhecimento . Al\u00e9m disso, buscamos conectar pessoa que desejam compartilhar [&hellip;]\" \/>\n<meta property=\"og:url\" content=\"https:\/\/procurandooque.com.br\/curso\/sobre\/\" \/>\n<meta property=\"og:site_name\" content=\"Cursos &amp; Treinamentos\" \/>\n<meta property=\"article:modified_time\" content=\"2023-01-27T20:44:18+00:00\" \/>\n<meta name=\"twitter:card\" content=\"summary_large_image\" \/>\n<meta name=\"twitter:label1\" content=\"Est. tempo de leitura\" \/>\n\t<meta name=\"twitter:data1\" content=\"1 minuto\" \/>\n<script type=\"application\/ld+json\" class=\"yoast-schema-graph\">{\"@context\":\"https:\\\/\\\/schema.org\",\"@graph\":[{\"@type\":\"WebPage\",\"@id\":\"https:\\\/\\\/procurandooque.com.br\\\/curso\\\/sobre\\\/\",\"url\":\"https:\\\/\\\/procurandooque.com.br\\\/curso\\\/sobre\\\/\",\"name\":\"Sobre - Cursos &amp; Treinamentos\",\"isPartOf\":{\"@id\":\"https:\\\/\\\/procurandooque.com.br\\\/curso\\\/#website\"},\"datePublished\":\"2020-02-01T18:59:40+00:00\",\"dateModified\":\"2023-01-27T20:44:18+00:00\",\"breadcrumb\":{\"@id\":\"https:\\\/\\\/procurandooque.com.br\\\/curso\\\/sobre\\\/#breadcrumb\"},\"inLanguage\":\"pt-BR\",\"potentialAction\":[{\"@type\":\"ReadAction\",\"target\":[\"https:\\\/\\\/procurandooque.com.br\\\/curso\\\/sobre\\\/\"]}]},{\"@type\":\"BreadcrumbList\",\"@id\":\"https:\\\/\\\/procurandooque.com.br\\\/curso\\\/sobre\\\/#breadcrumb\",\"itemListElement\":[{\"@type\":\"ListItem\",\"position\":1,\"name\":\"In\u00edcio\",\"item\":\"https:\\\/\\\/procurandooque.com.br\\\/curso\\\/\"},{\"@type\":\"ListItem\",\"position\":2,\"name\":\"Sobre\"}]},{\"@type\":\"WebSite\",\"@id\":\"https:\\\/\\\/procurandooque.com.br\\\/curso\\\/#website\",\"url\":\"https:\\\/\\\/procurandooque.com.br\\\/curso\\\/\",\"name\":\"Cursos &amp; Treinamentos\",\"description\":\"\",\"publisher\":{\"@id\":\"https:\\\/\\\/procurandooque.com.br\\\/curso\\\/#organization\"},\"potentialAction\":[{\"@type\":\"SearchAction\",\"target\":{\"@type\":\"EntryPoint\",\"urlTemplate\":\"https:\\\/\\\/procurandooque.com.br\\\/curso\\\/?s={search_term_string}\"},\"query-input\":{\"@type\":\"PropertyValueSpecification\",\"valueRequired\":true,\"valueName\":\"search_term_string\"}}],\"inLanguage\":\"pt-BR\"},{\"@type\":\"Organization\",\"@id\":\"https:\\\/\\\/procurandooque.com.br\\\/curso\\\/#organization\",\"name\":\"Cursos &amp; Treinamentos\",\"url\":\"https:\\\/\\\/procurandooque.com.br\\\/curso\\\/\",\"logo\":{\"@type\":\"ImageObject\",\"inLanguage\":\"pt-BR\",\"@id\":\"https:\\\/\\\/procurandooque.com.br\\\/curso\\\/#\\\/schema\\\/logo\\\/image\\\/\",\"url\":\"https:\\\/\\\/procurandooque.com.br\\\/curso\\\/wp-content\\\/uploads\\\/2023\\\/02\\\/logo-procurando-o-que-curso.png\",\"contentUrl\":\"https:\\\/\\\/procurandooque.com.br\\\/curso\\\/wp-content\\\/uploads\\\/2023\\\/02\\\/logo-procurando-o-que-curso.png\",\"width\":226,\"height\":62,\"caption\":\"Cursos &amp; Treinamentos\"},\"image\":{\"@id\":\"https:\\\/\\\/procurandooque.com.br\\\/curso\\\/#\\\/schema\\\/logo\\\/image\\\/\"}}]}<\/script>\n<!-- \/ Yoast SEO plugin. -->","yoast_head_json":{"title":"Sobre - Cursos &amp; Treinamentos","robots":{"index":"index","follow":"follow","max-snippet":"max-snippet:-1","max-image-preview":"max-image-preview:large","max-video-preview":"max-video-preview:-1"},"canonical":"https:\/\/procurandooque.com.br\/curso\/sobre\/","og_locale":"pt_BR","og_type":"article","og_title":"Sobre - Cursos &amp; Treinamentos","og_description":"Nossa vis\u00e3o Quem n\u00f3s somos &#8220;\u00c9 imposs\u00edvel para um homem aprender o que ele pensa que j\u00e1 sabe.&#8221; Porcurando o qu\u00ea? Somos prestores de servi\u00e7os no ramos de cursos e treinamentos online, visando o aprendizado de qualidade de milh\u00f5es de brasileiros em v\u00e1rias \u00e1rea do conhecimento . Al\u00e9m disso, buscamos conectar pessoa que desejam compartilhar [&hellip;]","og_url":"https:\/\/procurandooque.com.br\/curso\/sobre\/","og_site_name":"Cursos &amp; Treinamentos","article_modified_time":"2023-01-27T20:44:18+00:00","twitter_card":"summary_large_image","twitter_misc":{"Est. tempo de leitura":"1 minuto"},"schema":{"@context":"https:\/\/schema.org","@graph":[{"@type":"WebPage","@id":"https:\/\/procurandooque.com.br\/curso\/sobre\/","url":"https:\/\/procurandooque.com.br\/curso\/sobre\/","name":"Sobre - Cursos &amp; Treinamentos","isPartOf":{"@id":"https:\/\/procurandooque.com.br\/curso\/#website"},"datePublished":"2020-02-01T18:59:40+00:00","dateModified":"2023-01-27T20:44:18+00:00","breadcrumb":{"@id":"https:\/\/procurandooque.com.br\/curso\/sobre\/#breadcrumb"},"inLanguage":"pt-BR","potentialAction":[{"@type":"ReadAction","target":["https:\/\/procurandooque.com.br\/curso\/sobre\/"]}]},{"@type":"BreadcrumbList","@id":"https:\/\/procurandooque.com.br\/curso\/sobre\/#breadcrumb","itemListElement":[{"@type":"ListItem","position":1,"name":"In\u00edcio","item":"https:\/\/procurandooque.com.br\/curso\/"},{"@type":"ListItem","position":2,"name":"Sobre"}]},{"@type":"WebSite","@id":"https:\/\/procurandooque.com.br\/curso\/#website","url":"https:\/\/procurandooque.com.br\/curso\/","name":"Cursos &amp; Treinamentos","description":"","publisher":{"@id":"https:\/\/procurandooque.com.br\/curso\/#organization"},"potentialAction":[{"@type":"SearchAction","target":{"@type":"EntryPoint","urlTemplate":"https:\/\/procurandooque.com.br\/curso\/?s={search_term_string}"},"query-input":{"@type":"PropertyValueSpecification","valueRequired":true,"valueName":"search_term_string"}}],"inLanguage":"pt-BR"},{"@type":"Organization","@id":"https:\/\/procurandooque.com.br\/curso\/#organization","name":"Cursos &amp; Treinamentos","url":"https:\/\/procurandooque.com.br\/curso\/","logo":{"@type":"ImageObject","inLanguage":"pt-BR","@id":"https:\/\/procurandooque.com.br\/curso\/#\/schema\/logo\/image\/","url":"https:\/\/procurandooque.com.br\/curso\/wp-content\/uploads\/2023\/02\/logo-procurando-o-que-curso.png","contentUrl":"https:\/\/procurandooque.com.br\/curso\/wp-content\/uploads\/2023\/02\/logo-procurando-o-que-curso.png","width":226,"height":62,"caption":"Cursos &amp; Treinamentos"},"image":{"@id":"https:\/\/procurandooque.com.br\/curso\/#\/schema\/logo\/image\/"}}]}},"jetpack_sharing_enabled":true,"_links":{"self":[{"href":"https:\/\/procurandooque.com.br\/curso\/wp-json\/wp\/v2\/pages\/5470","targetHints":{"allow":["GET"]}}],"collection":[{"href":"https:\/\/procurandooque.com.br\/curso\/wp-json\/wp\/v2\/pages"}],"about":[{"href":"https:\/\/procurandooque.com.br\/curso\/wp-json\/wp\/v2\/types\/page"}],"author":[{"embeddable":true,"href":"https:\/\/procurandooque.com.br\/curso\/wp-json\/wp\/v2\/users\/1"}],"replies":[{"embeddable":true,"href":"https:\/\/procurandooque.com.br\/curso\/wp-json\/wp\/v2\/comments?post=5470"}],"version-history":[{"count":29,"href":"https:\/\/procurandooque.com.br\/curso\/wp-json\/wp\/v2\/pages\/5470\/revisions"}],"predecessor-version":[{"id":6121,"href":"https:\/\/procurandooque.com.br\/curso\/wp-json\/wp\/v2\/pages\/5470\/revisions\/6121"}],"wp:attachment":[{"href":"https:\/\/procurandooque.com.br\/curso\/wp-json\/wp\/v2\/media?parent=5470"}],"curies":[{"name":"wp","href":"https:\/\/api.w.org\/{rel}","templated":true}]}}