{"id":16,"date":"2020-02-01T19:06:36","date_gmt":"2020-02-01T19:06:36","guid":{"rendered":"https:\/\/voufazeronline.com.br\/pricing-faq\/"},"modified":"2023-01-27T19:28:10","modified_gmt":"2023-01-27T19:28:10","slug":"faq","status":"publish","type":"page","link":"https:\/\/procurandooque.com.br\/curso\/faq\/","title":{"rendered":"FAQ"},"content":{"rendered":"\t\t<div data-elementor-type=\"wp-page\" data-elementor-id=\"16\" class=\"elementor elementor-16\">\n\t\t\t\t\t\t<section class=\"elementor-section elementor-top-section elementor-element elementor-element-2351260 elementor-section-stretched elementor-section-boxed elementor-section-height-default elementor-section-height-default\" data-id=\"2351260\" data-element_type=\"section\" data-e-type=\"section\" data-settings=\"{&quot;stretch_section&quot;:&quot;section-stretched&quot;,&quot;background_background&quot;:&quot;classic&quot;}\">\n\t\t\t\t\t\t\t<div class=\"elementor-background-overlay\"><\/div>\n\t\t\t\t\t\t\t<div class=\"elementor-container elementor-column-gap-default\">\n\t\t\t\t\t<div class=\"elementor-column elementor-col-100 elementor-top-column elementor-element elementor-element-96236e5\" data-id=\"96236e5\" data-element_type=\"column\" data-e-type=\"column\">\n\t\t\t<div class=\"elementor-widget-wrap\">\n\t\t\t\t\t\t\t<\/div>\n\t\t<\/div>\n\t\t\t\t\t<\/div>\n\t\t<\/section>\n\t\t\t\t<section class=\"elementor-section elementor-top-section elementor-element elementor-element-2f50d3b elementor-section-content-middle elementor-section-boxed elementor-section-height-default elementor-section-height-default\" data-id=\"2f50d3b\" data-element_type=\"section\" data-e-type=\"section\" data-settings=\"{&quot;background_background&quot;:&quot;classic&quot;}\">\n\t\t\t\t\t\t<div class=\"elementor-container elementor-column-gap-no\">\n\t\t\t\t\t<div class=\"elementor-column elementor-col-33 elementor-top-column elementor-element elementor-element-35e591a\" data-id=\"35e591a\" data-element_type=\"column\" data-e-type=\"column\">\n\t\t\t<div class=\"elementor-widget-wrap elementor-element-populated\">\n\t\t\t\t\t\t<div class=\"elementor-element elementor-element-79737da elementor-widget__width-auto elementor-absolute elementor-widget elementor-widget-image\" data-id=\"79737da\" data-element_type=\"widget\" data-e-type=\"widget\" data-settings=\"{&quot;_position&quot;:&quot;absolute&quot;}\" data-widget_type=\"image.default\">\n\t\t\t\t<div class=\"elementor-widget-container\">\n\t\t\t\t\t\t\t\t\t\t\t\t\t\t\t<img fetchpriority=\"high\" decoding=\"async\" width=\"200\" height=\"489\" src=\"https:\/\/procurandooque.com.br\/curso\/wp-content\/uploads\/2020\/10\/pattern-v.png\" class=\"attachment-large size-large wp-image-568\" alt=\"\" srcset=\"https:\/\/procurandooque.com.br\/curso\/wp-content\/uploads\/2020\/10\/pattern-v.png 200w, https:\/\/procurandooque.com.br\/curso\/wp-content\/uploads\/2020\/10\/pattern-v-123x300.png 123w, https:\/\/procurandooque.com.br\/curso\/wp-content\/uploads\/2020\/10\/pattern-v-64x156.png 64w\" sizes=\"(max-width: 200px) 100vw, 200px\" \/>\t\t\t\t\t\t\t\t\t\t\t\t\t\t\t<\/div>\n\t\t\t\t<\/div>\n\t\t\t\t<div class=\"elementor-element elementor-element-ecb2475 elementor-widget elementor-widget-heading\" data-id=\"ecb2475\" data-element_type=\"widget\" data-e-type=\"widget\" data-widget_type=\"heading.default\">\n\t\t\t\t<div class=\"elementor-widget-container\">\n\t\t\t\t\t<h6 class=\"elementor-heading-title elementor-size-default\">Tem alguma pergunta?<\/h6>\t\t\t\t<\/div>\n\t\t\t\t<\/div>\n\t\t\t\t<div class=\"elementor-element elementor-element-e486d3e elementor-widget elementor-widget-heading\" data-id=\"e486d3e\" data-element_type=\"widget\" data-e-type=\"widget\" data-widget_type=\"heading.default\">\n\t\t\t\t<div class=\"elementor-widget-container\">\n\t\t\t\t\t<h2 class=\"elementor-heading-title elementor-size-default\">FAQ's<\/h2>\t\t\t\t<\/div>\n\t\t\t\t<\/div>\n\t\t\t\t<div class=\"elementor-element elementor-element-c8ed1fc elementor-widget elementor-widget-text-editor\" data-id=\"c8ed1fc\" data-element_type=\"widget\" data-e-type=\"widget\" data-widget_type=\"text-editor.default\">\n\t\t\t\t<div class=\"elementor-widget-container\">\n\t\t\t\t\t\t\t\t\t<p>Aqui voc\u00ea tira toda as sua d\u00favidas.<\/p>\t\t\t\t\t\t\t\t<\/div>\n\t\t\t\t<\/div>\n\t\t\t\t\t<\/div>\n\t\t<\/div>\n\t\t\t\t<div class=\"elementor-column elementor-col-66 elementor-top-column elementor-element elementor-element-134ea01\" data-id=\"134ea01\" data-element_type=\"column\" data-e-type=\"column\">\n\t\t\t<div class=\"elementor-widget-wrap elementor-element-populated\">\n\t\t\t\t\t\t<div class=\"elementor-element elementor-element-1aaf574 elementor-widget elementor-widget-toggle\" data-id=\"1aaf574\" data-element_type=\"widget\" data-e-type=\"widget\" data-widget_type=\"toggle.default\">\n\t\t\t\t<div class=\"elementor-widget-container\">\n\t\t\t\t\t\t\t<div class=\"elementor-toggle\">\n\t\t\t\t\t\t\t<div class=\"elementor-toggle-item\">\n\t\t\t\t\t<h5 id=\"elementor-tab-title-2791\" class=\"elementor-tab-title\" data-tab=\"1\" role=\"button\" aria-controls=\"elementor-tab-content-2791\" aria-expanded=\"false\">\n\t\t\t\t\t\t\t\t\t\t\t\t<span class=\"elementor-toggle-icon elementor-toggle-icon-right\" aria-hidden=\"true\">\n\t\t\t\t\t\t\t\t\t\t\t\t\t\t\t<span class=\"elementor-toggle-icon-closed\"><i class=\"fas fa-caret-right\"><\/i><\/span>\n\t\t\t\t\t\t\t\t<span class=\"elementor-toggle-icon-opened\"><i class=\"elementor-toggle-icon-opened fas fa-caret-up\"><\/i><\/span>\n\t\t\t\t\t\t\t\t\t\t\t\t\t<\/span>\n\t\t\t\t\t\t\t\t\t\t\t\t<a class=\"elementor-toggle-title\" tabindex=\"0\">Quem deve fazer um curso online?<\/a>\n\t\t\t\t\t<\/h5>\n\n\t\t\t\t\t<div id=\"elementor-tab-content-2791\" class=\"elementor-tab-content elementor-clearfix\" data-tab=\"1\" role=\"region\" aria-labelledby=\"elementor-tab-title-2791\"><p>Estudos em qualquer \u00e1rea do conhecimento humano demandam tempo. Contudo, para a maioria das pessoas nesta \u00e9poca de correria. Com certeza, torna-se invi\u00e1veis o estudo em espa\u00e7os presenciais como curso entre outros. Consequentemente, acaba comprometendo seu crescimento pessoal e profissional.<\/p><p>A solu\u00e7\u00e3o para este problema \u00e9 cada vez mais acessiv\u00e9l atrav\u00e9s do uso das tecnologias. Bem como, com o uso de um computador, notebook, tablete ou um simples celular, conectados \u00e0 internet, qualquer pessoa pode apreder e adquirir uma infinidade de conhecimentos de forma r\u00e1pida, gradual e sistem\u00e1tica como \u00e9 nossa metologia de ensino no seu pr\u00f3prio tempo de qualquer lugar e hor\u00e1rio desejado, no conforto de seu lar.<\/p><\/div>\n\t\t\t\t<\/div>\n\t\t\t\t\t\t\t<div class=\"elementor-toggle-item\">\n\t\t\t\t\t<h5 id=\"elementor-tab-title-2792\" class=\"elementor-tab-title\" data-tab=\"2\" role=\"button\" aria-controls=\"elementor-tab-content-2792\" aria-expanded=\"false\">\n\t\t\t\t\t\t\t\t\t\t\t\t<span class=\"elementor-toggle-icon elementor-toggle-icon-right\" aria-hidden=\"true\">\n\t\t\t\t\t\t\t\t\t\t\t\t\t\t\t<span class=\"elementor-toggle-icon-closed\"><i class=\"fas fa-caret-right\"><\/i><\/span>\n\t\t\t\t\t\t\t\t<span class=\"elementor-toggle-icon-opened\"><i class=\"elementor-toggle-icon-opened fas fa-caret-up\"><\/i><\/span>\n\t\t\t\t\t\t\t\t\t\t\t\t\t<\/span>\n\t\t\t\t\t\t\t\t\t\t\t\t<a class=\"elementor-toggle-title\" tabindex=\"0\">Como fa\u00e7o para acessar meu curso?<\/a>\n\t\t\t\t\t<\/h5>\n\n\t\t\t\t\t<div id=\"elementor-tab-content-2792\" class=\"elementor-tab-content elementor-clearfix\" data-tab=\"2\" role=\"region\" aria-labelledby=\"elementor-tab-title-2792\"><p>Pelo nosso site, atrv\u00e9s de nosso endere\u00e7o abaio:<\/p><p><blockquote class=\"wp-embedded-content\" data-secret=\"mSrlHz4gdv\"><a href=\"https:\/\/procurandooque.com.br\/curso\/\">Home<\/a><\/blockquote><iframe class=\"wp-embedded-content\" sandbox=\"allow-scripts\" security=\"restricted\" style=\"position: absolute; clip: rect(1px, 1px, 1px, 1px);\" title=\"&#8220;Home&#8221; &#8212; Procurando Cursos &amp; Treinamentos?\" src=\"https:\/\/procurandooque.com.br\/curso\/embed\/#?secret=RxOMvUNC4u#?secret=mSrlHz4gdv\" data-secret=\"mSrlHz4gdv\" width=\"600\" height=\"338\" frameborder=\"0\" marginwidth=\"0\" marginheight=\"0\" scrolling=\"no\"><\/iframe><\/p><\/div>\n\t\t\t\t<\/div>\n\t\t\t\t\t\t\t<div class=\"elementor-toggle-item\">\n\t\t\t\t\t<h5 id=\"elementor-tab-title-2793\" class=\"elementor-tab-title\" data-tab=\"3\" role=\"button\" aria-controls=\"elementor-tab-content-2793\" aria-expanded=\"false\">\n\t\t\t\t\t\t\t\t\t\t\t\t<span class=\"elementor-toggle-icon elementor-toggle-icon-right\" aria-hidden=\"true\">\n\t\t\t\t\t\t\t\t\t\t\t\t\t\t\t<span class=\"elementor-toggle-icon-closed\"><i class=\"fas fa-caret-right\"><\/i><\/span>\n\t\t\t\t\t\t\t\t<span class=\"elementor-toggle-icon-opened\"><i class=\"elementor-toggle-icon-opened fas fa-caret-up\"><\/i><\/span>\n\t\t\t\t\t\t\t\t\t\t\t\t\t<\/span>\n\t\t\t\t\t\t\t\t\t\t\t\t<a class=\"elementor-toggle-title\" tabindex=\"0\">Existem pr\u00e9-requisitos ou requisitos de idioma?<\/a>\n\t\t\t\t\t<\/h5>\n\n\t\t\t\t\t<div id=\"elementor-tab-content-2793\" class=\"elementor-tab-content elementor-clearfix\" data-tab=\"3\" role=\"region\" aria-labelledby=\"elementor-tab-title-2793\"><ul><li>Ter acesso \u00e0 internet<\/li><li>Ter um computador, notebook, tablet ou celular conectado<\/li><li>E ter apenas boa vontade de aprender<\/li><\/ul><\/div>\n\t\t\t\t<\/div>\n\t\t\t\t\t\t\t<div class=\"elementor-toggle-item\">\n\t\t\t\t\t<h5 id=\"elementor-tab-title-2794\" class=\"elementor-tab-title\" data-tab=\"4\" role=\"button\" aria-controls=\"elementor-tab-content-2794\" aria-expanded=\"false\">\n\t\t\t\t\t\t\t\t\t\t\t\t<span class=\"elementor-toggle-icon elementor-toggle-icon-right\" aria-hidden=\"true\">\n\t\t\t\t\t\t\t\t\t\t\t\t\t\t\t<span class=\"elementor-toggle-icon-closed\"><i class=\"fas fa-caret-right\"><\/i><\/span>\n\t\t\t\t\t\t\t\t<span class=\"elementor-toggle-icon-opened\"><i class=\"elementor-toggle-icon-opened fas fa-caret-up\"><\/i><\/span>\n\t\t\t\t\t\t\t\t\t\t\t\t\t<\/span>\n\t\t\t\t\t\t\t\t\t\t\t\t<a class=\"elementor-toggle-title\" tabindex=\"0\">Posso fazer mais de um curso ao mesmo tempo?<\/a>\n\t\t\t\t\t<\/h5>\n\n\t\t\t\t\t<div id=\"elementor-tab-content-2794\" class=\"elementor-tab-content elementor-clearfix\" data-tab=\"4\" role=\"region\" aria-labelledby=\"elementor-tab-title-2794\"><p>Sim, voc\u00ea pode se matricular em quantos cursos quiser. Desde, que a quantidade n\u00e3o afete no seu aprendizado.<\/p><p>Estude de forma gradual, mantendo um ritmos e foco num determinado curso e ap\u00f3s a conclus\u00e3o, inicie outro. Afinal, a vida \u00e9 um constante aprendizado e esta \u00e9 uma tareza continua.<\/p><\/div>\n\t\t\t\t<\/div>\n\t\t\t\t\t\t\t<div class=\"elementor-toggle-item\">\n\t\t\t\t\t<h5 id=\"elementor-tab-title-2795\" class=\"elementor-tab-title\" data-tab=\"5\" role=\"button\" aria-controls=\"elementor-tab-content-2795\" aria-expanded=\"false\">\n\t\t\t\t\t\t\t\t\t\t\t\t<span class=\"elementor-toggle-icon elementor-toggle-icon-right\" aria-hidden=\"true\">\n\t\t\t\t\t\t\t\t\t\t\t\t\t\t\t<span class=\"elementor-toggle-icon-closed\"><i class=\"fas fa-caret-right\"><\/i><\/span>\n\t\t\t\t\t\t\t\t<span class=\"elementor-toggle-icon-opened\"><i class=\"elementor-toggle-icon-opened fas fa-caret-up\"><\/i><\/span>\n\t\t\t\t\t\t\t\t\t\t\t\t\t<\/span>\n\t\t\t\t\t\t\t\t\t\t\t\t<a class=\"elementor-toggle-title\" tabindex=\"0\">Meu pagamento n\u00e3o foi conclu\u00eddo. O que eu fa\u00e7o?<\/a>\n\t\t\t\t\t<\/h5>\n\n\t\t\t\t\t<div id=\"elementor-tab-content-2795\" class=\"elementor-tab-content elementor-clearfix\" data-tab=\"5\" role=\"region\" aria-labelledby=\"elementor-tab-title-2795\"><p>Entre em contato atrav\u00e9s de nosso canal via whastApp localizado no canto inferior da janela e nos envie mensagem enviado sua d\u00edvida ou informa\u00e7\u00e3o. Responderemos o mais breve poss\u00edvel.<\/p><\/div>\n\t\t\t\t<\/div>\n\t\t\t\t\t\t\t<div class=\"elementor-toggle-item\">\n\t\t\t\t\t<h5 id=\"elementor-tab-title-2796\" class=\"elementor-tab-title\" data-tab=\"6\" role=\"button\" aria-controls=\"elementor-tab-content-2796\" aria-expanded=\"false\">\n\t\t\t\t\t\t\t\t\t\t\t\t<span class=\"elementor-toggle-icon elementor-toggle-icon-right\" aria-hidden=\"true\">\n\t\t\t\t\t\t\t\t\t\t\t\t\t\t\t<span class=\"elementor-toggle-icon-closed\"><i class=\"fas fa-caret-right\"><\/i><\/span>\n\t\t\t\t\t\t\t\t<span class=\"elementor-toggle-icon-opened\"><i class=\"elementor-toggle-icon-opened fas fa-caret-up\"><\/i><\/span>\n\t\t\t\t\t\t\t\t\t\t\t\t\t<\/span>\n\t\t\t\t\t\t\t\t\t\t\t\t<a class=\"elementor-toggle-title\" tabindex=\"0\">Como funciona o aprendizado on-line?<\/a>\n\t\t\t\t\t<\/h5>\n\n\t\t\t\t\t<div id=\"elementor-tab-content-2796\" class=\"elementor-tab-content elementor-clearfix\" data-tab=\"6\" role=\"region\" aria-labelledby=\"elementor-tab-title-2796\"><p>Atrav\u00e9 de uma conex\u00e3o de internet, com a utiliza\u00e7\u00e3o de um computador, notebook, tablet e celular, ao acessar nosso site pela rede mundial de computador por um de nossos links, a pessoa se matricula pago ou gratuitamente.\u00a0<\/p><p>Ap\u00f3s, sua inscri\u00e7\u00e3o ter\u00e1 acesso a um abiente virtual de aprendizagem, onde est\u00e1ra dispon\u00edvel o conte\u00fado para estudo, seja, texto, \u00e1udio ou v\u00eddeo.<\/p><p>Assim, o alunos vai estudando atrav\u00e9s desse ambiente virtual o conte\u00fado que pode ter acompanhamento de um professor online ou n\u00e3o at\u00e9 finalizar o curso e receber seu certificado.<\/p><p>\u00a0<\/p><\/div>\n\t\t\t\t<\/div>\n\t\t\t\t\t\t\t\t<\/div>\n\t\t\t\t\t\t<\/div>\n\t\t\t\t<\/div>\n\t\t\t\t\t<\/div>\n\t\t<\/div>\n\t\t\t\t\t<\/div>\n\t\t<\/section>\n\t\t\t\t<\/div>\n\t\t","protected":false},"excerpt":{"rendered":"<p>Tem alguma pergunta? FAQ&#8217;s Aqui voc\u00ea tira toda as sua d\u00favidas. Quem deve fazer um curso online? Estudos em qualquer \u00e1rea do conhecimento humano demandam tempo. Contudo, para a maioria das pessoas nesta \u00e9poca de correria. Com certeza, torna-se invi\u00e1veis o estudo em espa\u00e7os presenciais como curso entre outros. Consequentemente, acaba comprometendo seu crescimento pessoal [&hellip;]<\/p>\n","protected":false},"author":1,"featured_media":0,"parent":0,"menu_order":0,"comment_status":"closed","ping_status":"closed","template":"","meta":{"_monsterinsights_skip_tracking":false,"_monsterinsights_sitenote_active":false,"_monsterinsights_sitenote_note":"","_monsterinsights_sitenote_category":0,"_joinchat":[],"footnotes":""},"class_list":["post-16","page","type-page","status-publish","hentry"],"yoast_head":"<!-- This site is optimized with the Yoast SEO plugin v27.5 - https:\/\/yoast.com\/product\/yoast-seo-wordpress\/ -->\n<title>FAQ - Cursos &amp; Treinamentos<\/title>\n<meta name=\"robots\" content=\"index, follow, max-snippet:-1, max-image-preview:large, max-video-preview:-1\" \/>\n<link rel=\"canonical\" href=\"https:\/\/procurandooque.com.br\/curso\/faq\/\" \/>\n<meta property=\"og:locale\" content=\"pt_BR\" \/>\n<meta property=\"og:type\" content=\"article\" \/>\n<meta property=\"og:title\" content=\"FAQ - Cursos &amp; Treinamentos\" \/>\n<meta property=\"og:description\" content=\"Tem alguma pergunta? FAQ&#8217;s Aqui voc\u00ea tira toda as sua d\u00favidas. Quem deve fazer um curso online? Estudos em qualquer \u00e1rea do conhecimento humano demandam tempo. Contudo, para a maioria das pessoas nesta \u00e9poca de correria. Com certeza, torna-se invi\u00e1veis o estudo em espa\u00e7os presenciais como curso entre outros. Consequentemente, acaba comprometendo seu crescimento pessoal [&hellip;]\" \/>\n<meta property=\"og:url\" content=\"https:\/\/procurandooque.com.br\/curso\/faq\/\" \/>\n<meta property=\"og:site_name\" content=\"Cursos &amp; Treinamentos\" \/>\n<meta property=\"article:modified_time\" content=\"2023-01-27T19:28:10+00:00\" \/>\n<meta property=\"og:image\" content=\"https:\/\/procurandooque.com.br\/curso\/wp-content\/uploads\/2020\/10\/pattern-v.png\" \/>\n<meta name=\"twitter:card\" content=\"summary_large_image\" \/>\n<meta name=\"twitter:label1\" content=\"Est. tempo de leitura\" \/>\n\t<meta name=\"twitter:data1\" content=\"3 minutos\" \/>\n<script type=\"application\/ld+json\" class=\"yoast-schema-graph\">{\"@context\":\"https:\\\/\\\/schema.org\",\"@graph\":[{\"@type\":\"WebPage\",\"@id\":\"https:\\\/\\\/procurandooque.com.br\\\/curso\\\/faq\\\/\",\"url\":\"https:\\\/\\\/procurandooque.com.br\\\/curso\\\/faq\\\/\",\"name\":\"FAQ - Cursos &amp; Treinamentos\",\"isPartOf\":{\"@id\":\"https:\\\/\\\/procurandooque.com.br\\\/curso\\\/#website\"},\"primaryImageOfPage\":{\"@id\":\"https:\\\/\\\/procurandooque.com.br\\\/curso\\\/faq\\\/#primaryimage\"},\"image\":{\"@id\":\"https:\\\/\\\/procurandooque.com.br\\\/curso\\\/faq\\\/#primaryimage\"},\"thumbnailUrl\":\"https:\\\/\\\/procurandooque.com.br\\\/curso\\\/wp-content\\\/uploads\\\/2020\\\/10\\\/pattern-v.png\",\"datePublished\":\"2020-02-01T19:06:36+00:00\",\"dateModified\":\"2023-01-27T19:28:10+00:00\",\"breadcrumb\":{\"@id\":\"https:\\\/\\\/procurandooque.com.br\\\/curso\\\/faq\\\/#breadcrumb\"},\"inLanguage\":\"pt-BR\",\"potentialAction\":[{\"@type\":\"ReadAction\",\"target\":[\"https:\\\/\\\/procurandooque.com.br\\\/curso\\\/faq\\\/\"]}]},{\"@type\":\"ImageObject\",\"inLanguage\":\"pt-BR\",\"@id\":\"https:\\\/\\\/procurandooque.com.br\\\/curso\\\/faq\\\/#primaryimage\",\"url\":\"https:\\\/\\\/procurandooque.com.br\\\/curso\\\/wp-content\\\/uploads\\\/2020\\\/10\\\/pattern-v.png\",\"contentUrl\":\"https:\\\/\\\/procurandooque.com.br\\\/curso\\\/wp-content\\\/uploads\\\/2020\\\/10\\\/pattern-v.png\",\"width\":200,\"height\":489},{\"@type\":\"BreadcrumbList\",\"@id\":\"https:\\\/\\\/procurandooque.com.br\\\/curso\\\/faq\\\/#breadcrumb\",\"itemListElement\":[{\"@type\":\"ListItem\",\"position\":1,\"name\":\"In\u00edcio\",\"item\":\"https:\\\/\\\/procurandooque.com.br\\\/curso\\\/\"},{\"@type\":\"ListItem\",\"position\":2,\"name\":\"FAQ\"}]},{\"@type\":\"WebSite\",\"@id\":\"https:\\\/\\\/procurandooque.com.br\\\/curso\\\/#website\",\"url\":\"https:\\\/\\\/procurandooque.com.br\\\/curso\\\/\",\"name\":\"Cursos &amp; Treinamentos\",\"description\":\"\",\"publisher\":{\"@id\":\"https:\\\/\\\/procurandooque.com.br\\\/curso\\\/#organization\"},\"potentialAction\":[{\"@type\":\"SearchAction\",\"target\":{\"@type\":\"EntryPoint\",\"urlTemplate\":\"https:\\\/\\\/procurandooque.com.br\\\/curso\\\/?s={search_term_string}\"},\"query-input\":{\"@type\":\"PropertyValueSpecification\",\"valueRequired\":true,\"valueName\":\"search_term_string\"}}],\"inLanguage\":\"pt-BR\"},{\"@type\":\"Organization\",\"@id\":\"https:\\\/\\\/procurandooque.com.br\\\/curso\\\/#organization\",\"name\":\"Cursos &amp; Treinamentos\",\"url\":\"https:\\\/\\\/procurandooque.com.br\\\/curso\\\/\",\"logo\":{\"@type\":\"ImageObject\",\"inLanguage\":\"pt-BR\",\"@id\":\"https:\\\/\\\/procurandooque.com.br\\\/curso\\\/#\\\/schema\\\/logo\\\/image\\\/\",\"url\":\"https:\\\/\\\/procurandooque.com.br\\\/curso\\\/wp-content\\\/uploads\\\/2023\\\/02\\\/logo-procurando-o-que-curso.png\",\"contentUrl\":\"https:\\\/\\\/procurandooque.com.br\\\/curso\\\/wp-content\\\/uploads\\\/2023\\\/02\\\/logo-procurando-o-que-curso.png\",\"width\":226,\"height\":62,\"caption\":\"Cursos &amp; Treinamentos\"},\"image\":{\"@id\":\"https:\\\/\\\/procurandooque.com.br\\\/curso\\\/#\\\/schema\\\/logo\\\/image\\\/\"}}]}<\/script>\n<!-- \/ Yoast SEO plugin. -->","yoast_head_json":{"title":"FAQ - Cursos &amp; Treinamentos","robots":{"index":"index","follow":"follow","max-snippet":"max-snippet:-1","max-image-preview":"max-image-preview:large","max-video-preview":"max-video-preview:-1"},"canonical":"https:\/\/procurandooque.com.br\/curso\/faq\/","og_locale":"pt_BR","og_type":"article","og_title":"FAQ - Cursos &amp; Treinamentos","og_description":"Tem alguma pergunta? FAQ&#8217;s Aqui voc\u00ea tira toda as sua d\u00favidas. Quem deve fazer um curso online? Estudos em qualquer \u00e1rea do conhecimento humano demandam tempo. Contudo, para a maioria das pessoas nesta \u00e9poca de correria. Com certeza, torna-se invi\u00e1veis o estudo em espa\u00e7os presenciais como curso entre outros. Consequentemente, acaba comprometendo seu crescimento pessoal [&hellip;]","og_url":"https:\/\/procurandooque.com.br\/curso\/faq\/","og_site_name":"Cursos &amp; Treinamentos","article_modified_time":"2023-01-27T19:28:10+00:00","og_image":[{"url":"https:\/\/procurandooque.com.br\/curso\/wp-content\/uploads\/2020\/10\/pattern-v.png","type":"","width":"","height":""}],"twitter_card":"summary_large_image","twitter_misc":{"Est. tempo de leitura":"3 minutos"},"schema":{"@context":"https:\/\/schema.org","@graph":[{"@type":"WebPage","@id":"https:\/\/procurandooque.com.br\/curso\/faq\/","url":"https:\/\/procurandooque.com.br\/curso\/faq\/","name":"FAQ - Cursos &amp; Treinamentos","isPartOf":{"@id":"https:\/\/procurandooque.com.br\/curso\/#website"},"primaryImageOfPage":{"@id":"https:\/\/procurandooque.com.br\/curso\/faq\/#primaryimage"},"image":{"@id":"https:\/\/procurandooque.com.br\/curso\/faq\/#primaryimage"},"thumbnailUrl":"https:\/\/procurandooque.com.br\/curso\/wp-content\/uploads\/2020\/10\/pattern-v.png","datePublished":"2020-02-01T19:06:36+00:00","dateModified":"2023-01-27T19:28:10+00:00","breadcrumb":{"@id":"https:\/\/procurandooque.com.br\/curso\/faq\/#breadcrumb"},"inLanguage":"pt-BR","potentialAction":[{"@type":"ReadAction","target":["https:\/\/procurandooque.com.br\/curso\/faq\/"]}]},{"@type":"ImageObject","inLanguage":"pt-BR","@id":"https:\/\/procurandooque.com.br\/curso\/faq\/#primaryimage","url":"https:\/\/procurandooque.com.br\/curso\/wp-content\/uploads\/2020\/10\/pattern-v.png","contentUrl":"https:\/\/procurandooque.com.br\/curso\/wp-content\/uploads\/2020\/10\/pattern-v.png","width":200,"height":489},{"@type":"BreadcrumbList","@id":"https:\/\/procurandooque.com.br\/curso\/faq\/#breadcrumb","itemListElement":[{"@type":"ListItem","position":1,"name":"In\u00edcio","item":"https:\/\/procurandooque.com.br\/curso\/"},{"@type":"ListItem","position":2,"name":"FAQ"}]},{"@type":"WebSite","@id":"https:\/\/procurandooque.com.br\/curso\/#website","url":"https:\/\/procurandooque.com.br\/curso\/","name":"Cursos &amp; Treinamentos","description":"","publisher":{"@id":"https:\/\/procurandooque.com.br\/curso\/#organization"},"potentialAction":[{"@type":"SearchAction","target":{"@type":"EntryPoint","urlTemplate":"https:\/\/procurandooque.com.br\/curso\/?s={search_term_string}"},"query-input":{"@type":"PropertyValueSpecification","valueRequired":true,"valueName":"search_term_string"}}],"inLanguage":"pt-BR"},{"@type":"Organization","@id":"https:\/\/procurandooque.com.br\/curso\/#organization","name":"Cursos &amp; Treinamentos","url":"https:\/\/procurandooque.com.br\/curso\/","logo":{"@type":"ImageObject","inLanguage":"pt-BR","@id":"https:\/\/procurandooque.com.br\/curso\/#\/schema\/logo\/image\/","url":"https:\/\/procurandooque.com.br\/curso\/wp-content\/uploads\/2023\/02\/logo-procurando-o-que-curso.png","contentUrl":"https:\/\/procurandooque.com.br\/curso\/wp-content\/uploads\/2023\/02\/logo-procurando-o-que-curso.png","width":226,"height":62,"caption":"Cursos &amp; Treinamentos"},"image":{"@id":"https:\/\/procurandooque.com.br\/curso\/#\/schema\/logo\/image\/"}}]}},"jetpack_sharing_enabled":true,"_links":{"self":[{"href":"https:\/\/procurandooque.com.br\/curso\/wp-json\/wp\/v2\/pages\/16","targetHints":{"allow":["GET"]}}],"collection":[{"href":"https:\/\/procurandooque.com.br\/curso\/wp-json\/wp\/v2\/pages"}],"about":[{"href":"https:\/\/procurandooque.com.br\/curso\/wp-json\/wp\/v2\/types\/page"}],"author":[{"embeddable":true,"href":"https:\/\/procurandooque.com.br\/curso\/wp-json\/wp\/v2\/users\/1"}],"replies":[{"embeddable":true,"href":"https:\/\/procurandooque.com.br\/curso\/wp-json\/wp\/v2\/comments?post=16"}],"version-history":[{"count":33,"href":"https:\/\/procurandooque.com.br\/curso\/wp-json\/wp\/v2\/pages\/16\/revisions"}],"predecessor-version":[{"id":6098,"href":"https:\/\/procurandooque.com.br\/curso\/wp-json\/wp\/v2\/pages\/16\/revisions\/6098"}],"wp:attachment":[{"href":"https:\/\/procurandooque.com.br\/curso\/wp-json\/wp\/v2\/media?parent=16"}],"curies":[{"name":"wp","href":"https:\/\/api.w.org\/{rel}","templated":true}]}}